{"id":1092633,"date":"2022-11-21T11:52:40","date_gmt":"2022-11-21T10:52:40","guid":{"rendered":"https:\/\/theinvisiblecollection.com\/?post_type=product&#038;p=1092633"},"modified":"2026-05-01T07:38:34","modified_gmt":"2026-05-01T07:38:34","slug":"haos-biblioteque-2022","status":"publish","type":"product","link":"https:\/\/theinvisiblecollection.com\/fr\/produit\/haos-biblioteque-2022\/","title":{"rendered":"Biblioth\u00e8que 2022"},"content":{"rendered":"","protected":false},"excerpt":{"rendered":"<p>Biblioth\u00e8que en ch\u00eane plaqu\u00e9<br \/>\n\u00c9tag\u00e8res en acier inoxydable<br \/>\nBois et finitions sur-mesure sur demande<\/p>\n<p>L 124 x l 42.8 x H 170 cm<\/p>\n<p>Fabriqu\u00e9e \u00e0 la main en Europe<br \/>\nD\u00e9lais de fabrication : 8 semaines<\/p>\n<p class=\"p1\"><span style=\"text-decoration: underline;\"><span class=\"s1\"><a href=\"https:\/\/www.theinvisiblecollection.com\/fr\/demande-de-devis\/?product_id=1092633\">Contactez-nous pour toute demande de devis ou de renseignement<\/a><\/span><\/span><\/p><\/p>\n","protected":false},"featured_media":1092462,"template":"","meta":{"_acf_changed":false,"content-type":"","_themeisle_gutenberg_block_has_review":false},"product_brand":[],"product_cat":[8956,12505,13076],"product_tag":[14925,31474,35326],"product_designer":[11320],"comfabric":[],"manufacturer":[19803],"reporting_designer":[37170],"samplecomfabric":[],"designer_clubroom":[],"class_list":{"0":"post-1092633","1":"product","2":"type-product","3":"status-publish","4":"has-post-thumbnail","6":"product_cat-bibliotheques","7":"product_cat-rangements","8":"product_cat-bureau-a-la-maison","9":"product_tag-hpfav-fr","10":"product_tag-co-white-fr","11":"product_tag-st-scandinavian-fr","12":"product_designer-haos-fr","13":"manufacturer-studio-haos-atelier-lisbon-fr","14":"reporting_designer-haos","16":"first","17":"instock","18":"taxable","19":"shipping-taxable","20":"purchasable","21":"product-type-simple"},"acf":[],"_links":{"self":[{"href":"https:\/\/theinvisiblecollection.com\/fr\/wp-json\/wp\/v2\/product\/1092633","targetHints":{"allow":["GET"]}}],"collection":[{"href":"https:\/\/theinvisiblecollection.com\/fr\/wp-json\/wp\/v2\/product"}],"about":[{"href":"https:\/\/theinvisiblecollection.com\/fr\/wp-json\/wp\/v2\/types\/product"}],"wp:featuredmedia":[{"embeddable":true,"href":"https:\/\/theinvisiblecollection.com\/fr\/wp-json\/wp\/v2\/media\/1092462"}],"wp:attachment":[{"href":"https:\/\/theinvisiblecollection.com\/fr\/wp-json\/wp\/v2\/media?parent=1092633"}],"wp:term":[{"taxonomy":"product_brand","embeddable":true,"href":"https:\/\/theinvisiblecollection.com\/fr\/wp-json\/wp\/v2\/product_brand?post=1092633"},{"taxonomy":"product_cat","embeddable":true,"href":"https:\/\/theinvisiblecollection.com\/fr\/wp-json\/wp\/v2\/product_cat?post=1092633"},{"taxonomy":"product_tag","embeddable":true,"href":"https:\/\/theinvisiblecollection.com\/fr\/wp-json\/wp\/v2\/product_tag?post=1092633"},{"taxonomy":"product_designer","embeddable":true,"href":"https:\/\/theinvisiblecollection.com\/fr\/wp-json\/wp\/v2\/product_designer?post=1092633"},{"taxonomy":"comfabric","embeddable":true,"href":"https:\/\/theinvisiblecollection.com\/fr\/wp-json\/wp\/v2\/comfabric?post=1092633"},{"taxonomy":"manufacturer","embeddable":true,"href":"https:\/\/theinvisiblecollection.com\/fr\/wp-json\/wp\/v2\/manufacturer?post=1092633"},{"taxonomy":"reporting_designer","embeddable":true,"href":"https:\/\/theinvisiblecollection.com\/fr\/wp-json\/wp\/v2\/reporting_designer?post=1092633"},{"taxonomy":"samplecomfabric","embeddable":true,"href":"https:\/\/theinvisiblecollection.com\/fr\/wp-json\/wp\/v2\/samplecomfabric?post=1092633"},{"taxonomy":"clubroom_product_designer","embeddable":true,"href":"https:\/\/theinvisiblecollection.com\/fr\/wp-json\/wp\/v2\/designer_clubroom?post=1092633"}],"curies":[{"name":"wp","href":"https:\/\/api.w.org\/{rel}","templated":true}]}}