{"id":1094190,"date":"2022-11-07T19:02:52","date_gmt":"2022-11-07T18:02:52","guid":{"rendered":"https:\/\/theinvisiblecollection.com\/?post_type=product&#038;p=1094190"},"modified":"2026-05-01T07:38:34","modified_gmt":"2026-05-01T07:38:34","slug":"victoria-magniant-console-daiku-s","status":"publish","type":"product","link":"https:\/\/theinvisiblecollection.com\/fr\/produit\/victoria-magniant-console-daiku-s\/","title":{"rendered":"Console Daiku S"},"content":{"rendered":"<p style=\"text-align: justify;\">La Console Daiku est con\u00e7ue comme une calligraphie. Nos teintes sont pens\u00e9es comme une gamme d&#8217;aquarelles, \u00e0 la fois riches en pigments, pour donner de l&#8217;intensit\u00e9, et transparentes pour mettre en valeur le veinage du bois. Nous utilisons du ch\u00eane, du noyer ou du fr\u00eane massif, fa\u00e7onn\u00e9s dans nos ateliers o\u00f9 savoir-faire traditionnel et techniques modernes se rejoignent. Chaque meuble, unique, est travaill\u00e9 \u00e0 la main avec des textures et des assemblages pr\u00e9cis, en respectant les normes les plus strictes de durabilit\u00e9. Nous minimisons l\u2019utilisation de colle, et utilisons uniquement des produits hydrofuges.<\/p>\n","protected":false},"excerpt":{"rendered":"<p>Console en fr\u00eane teint\u00e9 et vernis<br \/>\nPhotographi\u00e9e ici en L 80 cm<br \/>\n<span style=\"text-decoration: underline;\"><a href=\"https:\/\/theinvisiblecollection.com\/wp-content\/uploads\/2022\/11\/TheInvisibleCollection_Victoria_Magniant_Wood_Selection_Daiku1.pdf\" target=\"_blank\" rel=\"noopener\">D\u00e9couvrez la s\u00e9lection de couleurs ici<\/a><\/span><\/p>\n<p>Disponible en quatre dimensions :<br \/>\nL 80 x l 40 x H 90 cm<br \/>\nL 120 x l 40 x H 90 cm<br \/>\nL 160 x l 40 x H 90 cm<br \/>\nL 180 x l 40 x H 90 cm<\/p>\n<p>Fabriqu\u00e9e \u00e0 la main en Europe<br \/>\nD\u00e9lais de fabrication : 12 &#8211; 14 semaines<\/p>\n<p><span class=\"s1\"><a href=\"https:\/\/www.theinvisiblecollection.com\/fr\/contact-produit\/?product_id=1094190\">Contactez-nous pour toute demande de devis ou de renseignement<\/a><\/span><\/p>\n","protected":false},"featured_media":5867951,"template":"","meta":{"_acf_changed":false,"content-type":"","_themeisle_gutenberg_block_has_review":false},"product_brand":[],"product_cat":[7675,12503],"product_tag":[],"product_designer":[11131],"comfabric":[],"manufacturer":[19094],"reporting_designer":[37392],"samplecomfabric":[],"designer_clubroom":[],"class_list":{"0":"post-1094190","1":"product","2":"type-product","3":"status-publish","4":"has-post-thumbnail","6":"product_cat-consoles-fr","7":"product_cat-tables-fr","8":"product_designer-victoria-magniant-fr","9":"manufacturer-victoria-magniant-sas-atl-ebeniste-fr","10":"reporting_designer-victoria-magniant","12":"first","13":"instock","14":"taxable","15":"shipping-taxable","16":"purchasable","17":"product-type-variable"},"acf":[],"_links":{"self":[{"href":"https:\/\/theinvisiblecollection.com\/fr\/wp-json\/wp\/v2\/product\/1094190","targetHints":{"allow":["GET"]}}],"collection":[{"href":"https:\/\/theinvisiblecollection.com\/fr\/wp-json\/wp\/v2\/product"}],"about":[{"href":"https:\/\/theinvisiblecollection.com\/fr\/wp-json\/wp\/v2\/types\/product"}],"wp:featuredmedia":[{"embeddable":true,"href":"https:\/\/theinvisiblecollection.com\/fr\/wp-json\/wp\/v2\/media\/5867951"}],"wp:attachment":[{"href":"https:\/\/theinvisiblecollection.com\/fr\/wp-json\/wp\/v2\/media?parent=1094190"}],"wp:term":[{"taxonomy":"product_brand","embeddable":true,"href":"https:\/\/theinvisiblecollection.com\/fr\/wp-json\/wp\/v2\/product_brand?post=1094190"},{"taxonomy":"product_cat","embeddable":true,"href":"https:\/\/theinvisiblecollection.com\/fr\/wp-json\/wp\/v2\/product_cat?post=1094190"},{"taxonomy":"product_tag","embeddable":true,"href":"https:\/\/theinvisiblecollection.com\/fr\/wp-json\/wp\/v2\/product_tag?post=1094190"},{"taxonomy":"product_designer","embeddable":true,"href":"https:\/\/theinvisiblecollection.com\/fr\/wp-json\/wp\/v2\/product_designer?post=1094190"},{"taxonomy":"comfabric","embeddable":true,"href":"https:\/\/theinvisiblecollection.com\/fr\/wp-json\/wp\/v2\/comfabric?post=1094190"},{"taxonomy":"manufacturer","embeddable":true,"href":"https:\/\/theinvisiblecollection.com\/fr\/wp-json\/wp\/v2\/manufacturer?post=1094190"},{"taxonomy":"reporting_designer","embeddable":true,"href":"https:\/\/theinvisiblecollection.com\/fr\/wp-json\/wp\/v2\/reporting_designer?post=1094190"},{"taxonomy":"samplecomfabric","embeddable":true,"href":"https:\/\/theinvisiblecollection.com\/fr\/wp-json\/wp\/v2\/samplecomfabric?post=1094190"},{"taxonomy":"clubroom_product_designer","embeddable":true,"href":"https:\/\/theinvisiblecollection.com\/fr\/wp-json\/wp\/v2\/designer_clubroom?post=1094190"}],"curies":[{"name":"wp","href":"https:\/\/api.w.org\/{rel}","templated":true}]}}