{"id":109666,"date":"2024-09-10T00:00:00","date_gmt":"2024-09-10T00:00:00","guid":{"rendered":"https:\/\/theinvisiblecollection.com\/?post_type=product&#038;p=109666"},"modified":"2026-05-01T07:39:04","modified_gmt":"2026-05-01T07:39:04","slug":"atelier-fevrier-frequence-440-rose","status":"publish","type":"product","link":"https:\/\/theinvisiblecollection.com\/fr\/produit\/atelier-fevrier-frequence-440-rose\/","title":{"rendered":"Fr\u00e9quence 440 Rose"},"content":{"rendered":"","protected":false},"excerpt":{"rendered":"<p>Prix au m\u00e8tre carr\u00e9<br \/>\nTapis en laine de l&#8217;Himalaya (15%) et soie pure (85%)<br \/>\n125 noeuds<br \/>\nCouleurs sur-mesure sur demande<\/p>\n<p>Dimensions sur mesure<\/p>\n<p>Nou\u00e9 \u00e0 la main au Nepal<br \/>\nD\u00e9lais de fabrication : 12 \u2014 16 semaines<\/p>\n<p><span style=\"text-decoration: underline;\"><a href=\"https:\/\/www.theinvisiblecollection.com\/fr\/demande-de-devis\/?product_id=109666\">Contactez-nous pour toute demande de devis ou d&#8217;\u00e9chantillons<\/a><\/span><\/p>\n<p>&nbsp;<\/p>\n","protected":false},"featured_media":109677,"template":"","meta":{"_acf_changed":false,"content-type":"","_themeisle_gutenberg_block_has_review":false},"product_brand":[],"product_cat":[8183,12540],"product_tag":[],"product_designer":[8893],"comfabric":[],"manufacturer":[],"reporting_designer":[37178],"samplecomfabric":[],"designer_clubroom":[],"class_list":{"0":"post-109666","1":"product","2":"type-product","3":"status-publish","4":"has-post-thumbnail","6":"product_cat-tapis-noues-a-la-main","7":"product_cat-tapis-fr","8":"pa_color-bleu-fr","9":"pa_color-couleurs-personalisees","10":"pa_color-rose-framboise-fr","11":"pa_size-dimensions-sur-mesure-fr","12":"pa_size-large-fr-2","13":"pa_size-petit-fr","14":"product_designer-atelier-fevrier-fr","15":"reporting_designer-atelier-fevrier","17":"first","18":"instock","19":"taxable","20":"shipping-taxable","21":"product-type-variable"},"acf":[],"_links":{"self":[{"href":"https:\/\/theinvisiblecollection.com\/fr\/wp-json\/wp\/v2\/product\/109666","targetHints":{"allow":["GET"]}}],"collection":[{"href":"https:\/\/theinvisiblecollection.com\/fr\/wp-json\/wp\/v2\/product"}],"about":[{"href":"https:\/\/theinvisiblecollection.com\/fr\/wp-json\/wp\/v2\/types\/product"}],"wp:featuredmedia":[{"embeddable":true,"href":"https:\/\/theinvisiblecollection.com\/fr\/wp-json\/wp\/v2\/media\/109677"}],"wp:attachment":[{"href":"https:\/\/theinvisiblecollection.com\/fr\/wp-json\/wp\/v2\/media?parent=109666"}],"wp:term":[{"taxonomy":"product_brand","embeddable":true,"href":"https:\/\/theinvisiblecollection.com\/fr\/wp-json\/wp\/v2\/product_brand?post=109666"},{"taxonomy":"product_cat","embeddable":true,"href":"https:\/\/theinvisiblecollection.com\/fr\/wp-json\/wp\/v2\/product_cat?post=109666"},{"taxonomy":"product_tag","embeddable":true,"href":"https:\/\/theinvisiblecollection.com\/fr\/wp-json\/wp\/v2\/product_tag?post=109666"},{"taxonomy":"product_designer","embeddable":true,"href":"https:\/\/theinvisiblecollection.com\/fr\/wp-json\/wp\/v2\/product_designer?post=109666"},{"taxonomy":"comfabric","embeddable":true,"href":"https:\/\/theinvisiblecollection.com\/fr\/wp-json\/wp\/v2\/comfabric?post=109666"},{"taxonomy":"manufacturer","embeddable":true,"href":"https:\/\/theinvisiblecollection.com\/fr\/wp-json\/wp\/v2\/manufacturer?post=109666"},{"taxonomy":"reporting_designer","embeddable":true,"href":"https:\/\/theinvisiblecollection.com\/fr\/wp-json\/wp\/v2\/reporting_designer?post=109666"},{"taxonomy":"samplecomfabric","embeddable":true,"href":"https:\/\/theinvisiblecollection.com\/fr\/wp-json\/wp\/v2\/samplecomfabric?post=109666"},{"taxonomy":"clubroom_product_designer","embeddable":true,"href":"https:\/\/theinvisiblecollection.com\/fr\/wp-json\/wp\/v2\/designer_clubroom?post=109666"}],"curies":[{"name":"wp","href":"https:\/\/api.w.org\/{rel}","templated":true}]}}