{"id":109792,"date":"2024-09-10T00:00:00","date_gmt":"2024-09-10T00:00:00","guid":{"rendered":"https:\/\/theinvisiblecollection.com\/?post_type=product&#038;p=109792"},"modified":"2026-05-08T04:40:19","modified_gmt":"2026-05-08T04:40:19","slug":"atelier-fevrier-tapis-danti-bordeaux","status":"publish","type":"product","link":"https:\/\/theinvisiblecollection.com\/fr\/produit\/atelier-fevrier-tapis-danti-bordeaux\/","title":{"rendered":"Tapis Danti Bordeaux"},"content":{"rendered":"<p style=\"text-align: justify;\"><span class=\"normalchar\">D\u00e9lice chromatique&#8230;. La collection de tapis Danti, d&#8217;At\u00e9lier F\u00e9vrier, est fabriqu\u00e9e \u00e0 la main dans l&#8217;Himalaya, suivant des techniques de tissage s\u00e9culaires&#8230; La soie et la laine pr\u00e9cieuses donnent aux tapis une touche unique, chaque motif original et peu commun. Voyez \u00e7a comme une \u0153uvre d&#8217;art, pour commencer une nouvelle collection. Taille et couleur sur mesure.<\/span><\/p>\n","protected":false},"excerpt":{"rendered":"<p>30% laine d&#8217;Himalaya, 70% soie pure<br \/>\n200 000 noeuds par m\u00e8tre carr\u00e9<br \/>\nCouleurs sur-mesure sur demande<br \/>\nDimensions sur mesure<\/p>\n<p>Nou\u00e9 \u00e0 la main au N\u00e9pal<br \/>\nD\u00e9lais de production : 12 \u2014 16 semaines<\/p>\n<p class=\"p1\"><span class=\"s1\"><a href=\"https:\/\/www.theinvisiblecollection.com\/fr\/demande-de-devis\/?product_id=109792\">Contactez-nous pour toute demande de devis ou d&#8217;\u00e9chantillons<\/a><\/span><\/p>\n","protected":false},"featured_media":111705,"template":"","meta":{"_acf_changed":false,"content-type":"","_themeisle_gutenberg_block_has_review":false},"product_brand":[],"product_cat":[8183,12540],"product_tag":[],"product_designer":[8893],"comfabric":[],"manufacturer":[],"reporting_designer":[37178],"samplecomfabric":[],"designer_clubroom":[],"class_list":{"0":"post-109792","1":"product","2":"type-product","3":"status-publish","4":"has-post-thumbnail","6":"product_cat-tapis-noues-a-la-main","7":"product_cat-tapis-fr","8":"pa_color-bleu-marine-fr","9":"pa_color-bordeaux-fr","10":"pa_color-brun-fr","11":"pa_color-creme-fr","12":"pa_color-couleurs-personalisees","13":"pa_color-turquoise-fr","14":"pa_size-dimensions-sur-mesure-fr","15":"pa_size-grand-fr","16":"pa_size-petit-fr","17":"product_designer-atelier-fevrier-fr","18":"reporting_designer-atelier-fevrier","20":"first","21":"instock","22":"taxable","23":"shipping-taxable","24":"purchasable","25":"product-type-variable"},"acf":[],"_links":{"self":[{"href":"https:\/\/theinvisiblecollection.com\/fr\/wp-json\/wp\/v2\/product\/109792","targetHints":{"allow":["GET"]}}],"collection":[{"href":"https:\/\/theinvisiblecollection.com\/fr\/wp-json\/wp\/v2\/product"}],"about":[{"href":"https:\/\/theinvisiblecollection.com\/fr\/wp-json\/wp\/v2\/types\/product"}],"wp:featuredmedia":[{"embeddable":true,"href":"https:\/\/theinvisiblecollection.com\/fr\/wp-json\/wp\/v2\/media\/111705"}],"wp:attachment":[{"href":"https:\/\/theinvisiblecollection.com\/fr\/wp-json\/wp\/v2\/media?parent=109792"}],"wp:term":[{"taxonomy":"product_brand","embeddable":true,"href":"https:\/\/theinvisiblecollection.com\/fr\/wp-json\/wp\/v2\/product_brand?post=109792"},{"taxonomy":"product_cat","embeddable":true,"href":"https:\/\/theinvisiblecollection.com\/fr\/wp-json\/wp\/v2\/product_cat?post=109792"},{"taxonomy":"product_tag","embeddable":true,"href":"https:\/\/theinvisiblecollection.com\/fr\/wp-json\/wp\/v2\/product_tag?post=109792"},{"taxonomy":"product_designer","embeddable":true,"href":"https:\/\/theinvisiblecollection.com\/fr\/wp-json\/wp\/v2\/product_designer?post=109792"},{"taxonomy":"comfabric","embeddable":true,"href":"https:\/\/theinvisiblecollection.com\/fr\/wp-json\/wp\/v2\/comfabric?post=109792"},{"taxonomy":"manufacturer","embeddable":true,"href":"https:\/\/theinvisiblecollection.com\/fr\/wp-json\/wp\/v2\/manufacturer?post=109792"},{"taxonomy":"reporting_designer","embeddable":true,"href":"https:\/\/theinvisiblecollection.com\/fr\/wp-json\/wp\/v2\/reporting_designer?post=109792"},{"taxonomy":"samplecomfabric","embeddable":true,"href":"https:\/\/theinvisiblecollection.com\/fr\/wp-json\/wp\/v2\/samplecomfabric?post=109792"},{"taxonomy":"clubroom_product_designer","embeddable":true,"href":"https:\/\/theinvisiblecollection.com\/fr\/wp-json\/wp\/v2\/designer_clubroom?post=109792"}],"curies":[{"name":"wp","href":"https:\/\/api.w.org\/{rel}","templated":true}]}}