{"id":1100225,"date":"2022-11-08T12:55:52","date_gmt":"2022-11-08T11:55:52","guid":{"rendered":"https:\/\/theinvisiblecollection.com\/?post_type=product&#038;p=1100225"},"modified":"2026-05-01T07:38:34","modified_gmt":"2026-05-01T07:38:34","slug":"galerie-mcde-pierre-chareau-applique-mouche-fond-metallique","status":"publish","type":"product","link":"https:\/\/theinvisiblecollection.com\/fr\/produit\/galerie-mcde-pierre-chareau-applique-mouche-fond-metallique\/","title":{"rendered":"Applique Mouche Sur Fond M\u00e9tallique"},"content":{"rendered":"<p>Cr\u00e9\u00e9e vers 1924, cette belle lampe dessin\u00e9e par Pierre Chareau s&#8217;appelle \u00ab Mouche \u00bb, le mot fran\u00e7ais pour \u00ab fly \u00bb. \u00c0 l\u2019image de l\u2019insecte, elle devient encore plus s\u00e9duisante et ludique lorsqu\u2019elle est multipli\u00e9e et pars\u00e8me le mur.<\/p>\n","protected":false},"excerpt":{"rendered":"<p>Con\u00e7ue par Pierre Chareau, re-\u00e9dit\u00e9e par Galerie MCDE<br \/>\nApplique compos\u00e9e de trois plaques d&#8217;alb\u00e2tre<br \/>\nStructure en m\u00e9tal peint noir<br \/>\nDisponible <a href=\"https:\/\/theinvisiblecollection.com\/fr\/produit\/galerie-mcde-applique-mouche\/\" target=\"_blank\" rel=\"noopener\"><span style=\"text-decoration: underline;\">sans fond m\u00e9tal noir<\/span><\/a><br \/>\nAlb\u00e2tre blanc vein\u00e9 blanc ou alb\u00e2tre blanc vein\u00e9 marron<br \/>\nPossible de l&#8217;\u00e9lectrifier pour l&#8217;Europe (230 V) et les \u00c9tats-Unis (110 V)<br \/>\n1x ampoule incandescente E14 40W ou ampoule fluocompacte E ]14 10W requise, non incluse<\/p>\n<p>Trois dimensions disponibles :<br \/>\nFly 110A : L 26 x l 13 x H 21 cm<br \/>\nFly 110B : L 28 x l 14 x H 25 cm (sur fond m\u00e9tal)<br \/>\nFly 110C : L 32 x l 13 x H 24 cm<\/p>\n<p>Fabriqu\u00e9e \u00e0 la main en France<br \/>\nD\u00e9lais de production : 4 semaines<\/p>\n<p class=\"p1\"><span style=\"text-decoration: underline;\"><span class=\"s1\"><a href=\"https:\/\/www.theinvisiblecollection.com\/fr\/demande-de-devis\/?product_id=1100225\" target=\"_blank\" rel=\"noopener\">Contactez-nous pour toute demande de devis ou de renseignements<\/a><\/span><\/span><\/p>\n","protected":false},"featured_media":5375746,"template":"","meta":{"_acf_changed":false,"content-type":"","_themeisle_gutenberg_block_has_review":false},"product_brand":[],"product_cat":[8975,12507],"product_tag":[9048,9200,10400,11235,11360,22680,22681,22682,22683,22790],"product_designer":[10239,13455],"comfabric":[],"manufacturer":[20718],"reporting_designer":[37390],"samplecomfabric":[],"designer_clubroom":[],"class_list":{"0":"post-1100225","1":"product","2":"type-product","3":"status-publish","4":"has-post-thumbnail","6":"product_cat-appliques-murales","7":"product_cat-luminaires","8":"product_tag-lampe","9":"product_tag-luminaire-fr-2","10":"product_tag-pierre-chareau-fr","11":"product_tag-reedition-fr-fr","12":"product_tag-en-stock","13":"product_tag-applique-murale-fr","14":"product_tag-applique-fr-2","15":"product_tag-galerie-mcde-fr","16":"product_tag-mouche-fr","17":"product_tag-disponible-immediatement","18":"product_designer-pierre-chareau-fr","19":"product_designer-galerie-mcde-fr","20":"manufacturer-manufacture-zanzibar-fr","21":"reporting_designer-pierre-chareau","22":"exhibitions-paris-fr","23":"exhibitions-londres-fr","25":"first","26":"instock","27":"taxable","28":"shipping-taxable","29":"purchasable","30":"product-type-variable"},"acf":[],"_links":{"self":[{"href":"https:\/\/theinvisiblecollection.com\/fr\/wp-json\/wp\/v2\/product\/1100225","targetHints":{"allow":["GET"]}}],"collection":[{"href":"https:\/\/theinvisiblecollection.com\/fr\/wp-json\/wp\/v2\/product"}],"about":[{"href":"https:\/\/theinvisiblecollection.com\/fr\/wp-json\/wp\/v2\/types\/product"}],"wp:featuredmedia":[{"embeddable":true,"href":"https:\/\/theinvisiblecollection.com\/fr\/wp-json\/wp\/v2\/media\/5375746"}],"wp:attachment":[{"href":"https:\/\/theinvisiblecollection.com\/fr\/wp-json\/wp\/v2\/media?parent=1100225"}],"wp:term":[{"taxonomy":"product_brand","embeddable":true,"href":"https:\/\/theinvisiblecollection.com\/fr\/wp-json\/wp\/v2\/product_brand?post=1100225"},{"taxonomy":"product_cat","embeddable":true,"href":"https:\/\/theinvisiblecollection.com\/fr\/wp-json\/wp\/v2\/product_cat?post=1100225"},{"taxonomy":"product_tag","embeddable":true,"href":"https:\/\/theinvisiblecollection.com\/fr\/wp-json\/wp\/v2\/product_tag?post=1100225"},{"taxonomy":"product_designer","embeddable":true,"href":"https:\/\/theinvisiblecollection.com\/fr\/wp-json\/wp\/v2\/product_designer?post=1100225"},{"taxonomy":"comfabric","embeddable":true,"href":"https:\/\/theinvisiblecollection.com\/fr\/wp-json\/wp\/v2\/comfabric?post=1100225"},{"taxonomy":"manufacturer","embeddable":true,"href":"https:\/\/theinvisiblecollection.com\/fr\/wp-json\/wp\/v2\/manufacturer?post=1100225"},{"taxonomy":"reporting_designer","embeddable":true,"href":"https:\/\/theinvisiblecollection.com\/fr\/wp-json\/wp\/v2\/reporting_designer?post=1100225"},{"taxonomy":"samplecomfabric","embeddable":true,"href":"https:\/\/theinvisiblecollection.com\/fr\/wp-json\/wp\/v2\/samplecomfabric?post=1100225"},{"taxonomy":"clubroom_product_designer","embeddable":true,"href":"https:\/\/theinvisiblecollection.com\/fr\/wp-json\/wp\/v2\/designer_clubroom?post=1100225"}],"curies":[{"name":"wp","href":"https:\/\/api.w.org\/{rel}","templated":true}]}}