{"id":1101276,"date":"2022-11-08T14:55:22","date_gmt":"2022-11-08T13:55:22","guid":{"rendered":"https:\/\/theinvisiblecollection.com\/?post_type=product&#038;p=1101276"},"modified":"2026-05-01T07:38:34","modified_gmt":"2026-05-01T07:38:34","slug":"galerie-mcde-pierre-chareau-applique-simple-bloc-auvent-sur-fond-metallique","status":"publish","type":"product","link":"https:\/\/theinvisiblecollection.com\/fr\/produit\/galerie-mcde-pierre-chareau-applique-simple-bloc-auvent-sur-fond-metallique\/","title":{"rendered":"Applique Simple Bloc Auvent Sur Fond M\u00e9tallique"},"content":{"rendered":"<p style=\"text-align: justify;\">Cr\u00e9\u00e9e en 1923, l&#8217;Applique Double Bloc Auvent pr\u00e9sente \u00e0 la fois une g\u00e9om\u00e9trie rigoureuse et un volume simple permettant de r\u00e9v\u00e9ler la nature min\u00e9rale de l\u2019alb\u00e2tre et le choix minimaliste de Pierre Chareau renforc\u00e9 par l\u2019opposition m\u00e9tal (noir) et alb\u00e2tre (blanc).<\/p>\n","protected":false},"excerpt":{"rendered":"<p>Con\u00e7ue par Pierre Chareau, re-\u00e9dit\u00e9e par Galerie MCDE<br \/>\nApplique compos\u00e9e d&#8217;un bloc d&#8217;alb\u00e2tre<br \/>\nStructure en m\u00e9tal peint noir<br \/>\nDisponible sur un fond m\u00e9tal noir<br \/>\nAlb\u00e2tre blanc vein\u00e9 blanc ou alb\u00e2tre blanc vein\u00e9 marron<br \/>\nPossible de l&#8217;\u00e9lectrifier pour l&#8217;Europe (230 V) et les \u00c9tats-Unis (110 V)<br \/>\n<span class=\"notion-enable-hover\" data-token-index=\"0\">SBA 108 \/ SBA 118: 1 x ampoule incandescente E 14 40W ou ampoule fluocompacte E 14 10W requise, non incluse<br \/>\nSBA 112 \/ SBA 114A: 2 x ampoules incandescentes E 14 25W or ampoules fluocompactes E 14 7W requises, non incluses<br \/>\nSBA 115 \/ SBA 115A: 2 x ampoules incandescentes E 14 40W or ampoules fluocompactes E 14 10W requises, non incluses<\/span><\/p>\n<p>Dimensions disponibles :<br \/>\n<span style=\"text-decoration: underline;\">Sans fond m\u00e9tallique<\/span><br \/>\nSBA 108 : L 14.5 x l 10 x H 13 cm<br \/>\nSBA 112 : L 18.5 x l 11 x H 15 cm<br \/>\nSBA 115 : L 23 x l 14 x H 19 cm<br \/>\n<span style=\"text-decoration: underline;\">Avec fond m\u00e9tallique<\/span><br \/>\nSBA 118 : L 22.5 x l 11 x H 22 cm<br \/>\nSBA 114A : L 22.5 x l 12 x H 21.5 cm<br \/>\nSBA 115A : L 29 x l 15.5 x H 27 cm<\/p>\n<p>Fabriqu\u00e9e \u00e0 la main en France<br \/>\nD\u00e9lais de production : 4 semaines<\/p>\n<p class=\"p1\"><span style=\"text-decoration: underline;\"><span class=\"s1\"><a href=\"https:\/\/www.theinvisiblecollection.com\/fr\/demande-de-devis\/?product_id=1101276\" target=\"_blank\" rel=\"noopener\">Contactez-nous pour toute demande de devis ou de renseignements<\/a><\/span><\/span><\/p>\n","protected":false},"featured_media":5375472,"template":"","meta":{"_acf_changed":false,"content-type":"","_themeisle_gutenberg_block_has_review":false},"product_brand":[],"product_cat":[8975,12507],"product_tag":[10400,11235,11674,22680,22681,22682,22683,22790],"product_designer":[10239,13455],"comfabric":[],"manufacturer":[20718],"reporting_designer":[37390],"samplecomfabric":[],"designer_clubroom":[],"class_list":{"0":"post-1101276","1":"product","2":"type-product","3":"status-publish","4":"has-post-thumbnail","6":"product_cat-appliques-murales","7":"product_cat-luminaires","8":"product_tag-pierre-chareau-fr","9":"product_tag-reedition-fr-fr","10":"product_tag-luminaire-fr-3","11":"product_tag-applique-murale-fr","12":"product_tag-applique-fr-2","13":"product_tag-galerie-mcde-fr","14":"product_tag-mouche-fr","15":"product_tag-disponible-immediatement","16":"pa_size-large-sba-115a-fr","17":"pa_size-moyen-sba-114a-fr","18":"pa_size-petit-sba-118-fr","19":"product_designer-pierre-chareau-fr","20":"product_designer-galerie-mcde-fr","21":"manufacturer-manufacture-zanzibar-fr","22":"reporting_designer-pierre-chareau","24":"first","25":"instock","26":"taxable","27":"shipping-taxable","28":"purchasable","29":"product-type-variable"},"acf":[],"_links":{"self":[{"href":"https:\/\/theinvisiblecollection.com\/fr\/wp-json\/wp\/v2\/product\/1101276","targetHints":{"allow":["GET"]}}],"collection":[{"href":"https:\/\/theinvisiblecollection.com\/fr\/wp-json\/wp\/v2\/product"}],"about":[{"href":"https:\/\/theinvisiblecollection.com\/fr\/wp-json\/wp\/v2\/types\/product"}],"wp:featuredmedia":[{"embeddable":true,"href":"https:\/\/theinvisiblecollection.com\/fr\/wp-json\/wp\/v2\/media\/5375472"}],"wp:attachment":[{"href":"https:\/\/theinvisiblecollection.com\/fr\/wp-json\/wp\/v2\/media?parent=1101276"}],"wp:term":[{"taxonomy":"product_brand","embeddable":true,"href":"https:\/\/theinvisiblecollection.com\/fr\/wp-json\/wp\/v2\/product_brand?post=1101276"},{"taxonomy":"product_cat","embeddable":true,"href":"https:\/\/theinvisiblecollection.com\/fr\/wp-json\/wp\/v2\/product_cat?post=1101276"},{"taxonomy":"product_tag","embeddable":true,"href":"https:\/\/theinvisiblecollection.com\/fr\/wp-json\/wp\/v2\/product_tag?post=1101276"},{"taxonomy":"product_designer","embeddable":true,"href":"https:\/\/theinvisiblecollection.com\/fr\/wp-json\/wp\/v2\/product_designer?post=1101276"},{"taxonomy":"comfabric","embeddable":true,"href":"https:\/\/theinvisiblecollection.com\/fr\/wp-json\/wp\/v2\/comfabric?post=1101276"},{"taxonomy":"manufacturer","embeddable":true,"href":"https:\/\/theinvisiblecollection.com\/fr\/wp-json\/wp\/v2\/manufacturer?post=1101276"},{"taxonomy":"reporting_designer","embeddable":true,"href":"https:\/\/theinvisiblecollection.com\/fr\/wp-json\/wp\/v2\/reporting_designer?post=1101276"},{"taxonomy":"samplecomfabric","embeddable":true,"href":"https:\/\/theinvisiblecollection.com\/fr\/wp-json\/wp\/v2\/samplecomfabric?post=1101276"},{"taxonomy":"clubroom_product_designer","embeddable":true,"href":"https:\/\/theinvisiblecollection.com\/fr\/wp-json\/wp\/v2\/designer_clubroom?post=1101276"}],"curies":[{"name":"wp","href":"https:\/\/api.w.org\/{rel}","templated":true}]}}