{"id":1112341,"date":"2022-11-09T12:53:00","date_gmt":"2022-11-09T11:53:00","guid":{"rendered":"https:\/\/theinvisiblecollection.com\/?post_type=product&#038;p=1112341"},"modified":"2026-05-01T07:38:34","modified_gmt":"2026-05-01T07:38:34","slug":"stephanie-amyot-tabouret-wilson-ceramique-or","status":"publish","type":"product","link":"https:\/\/theinvisiblecollection.com\/fr\/produit\/stephanie-amyot-tabouret-wilson-ceramique-or\/","title":{"rendered":"Tabouret Wilson C\u00e9ramique Or"},"content":{"rendered":"<p style=\"text-align: justify;\"><span class=\"TextRun SCXW200591239 BCX0\" lang=\"FR-FR\" xml:lang=\"FR-FR\" data-contrast=\"auto\"><span class=\"NormalTextRun SCXW200591239 BCX0\">Le tabouret Wil<\/span><span class=\"NormalTextRun SCXW200591239 BCX0\">son d\u2019<\/span><span class=\"NormalTextRun SpellingErrorV2Themed SCXW200591239 BCX0\">Am\u00ffot<\/span> <span class=\"NormalTextRun SpellingErrorV2Themed SCXW200591239 BCX0\">Interiors<\/span><span class=\"NormalTextRun SCXW200591239 BCX0\"> &amp; Design pr\u00e9sente un \u00e9quilibre parfait entre force et d\u00e9licatesse, vide et pl\u00e9nitude, forme et fonction. Ce joli design incarne les techniques et l&#8217;artisanat de pointe.<\/span><\/span><span class=\"EOP SCXW200591239 BCX0\" data-ccp-props=\"{&quot;201341983&quot;:0,&quot;335559740&quot;:259}\">\u00a0<\/span><\/p>\n","protected":false},"excerpt":{"rendered":"<p>Tabouret en c\u00e9ramique coul\u00e9e en un bloc<br \/>\nPi\u00e8ce \u00e9maill\u00e9e \u00e0 haute temp\u00e9rature<br \/>\nInt\u00e9rieur dor\u00e9 r\u00e9-\u00e9maill\u00e9 avec une seconde cuisson \u00e0 haute temp\u00e9rature<br \/>\nDisponible en diff\u00e9rentes couleurs : blanc et or, noir et or, bleu pigeon et or, vert bouteille et or<br \/>\nCouleurs personnalis\u00e9es sur demande<\/p>\n<p>\u00d8 38 x H 46 cm<\/p>\n<p>Fabriqu\u00e9 \u00e0 la main en France<br \/>\nD\u00e9lais de production : 10 &#8211; 12 semaines<\/p>\n<p class=\"p1\"><span style=\"text-decoration: underline;\"><span class=\"s1\"><a href=\"https:\/\/www.theinvisiblecollection.com\/fr\/demande-de-devis\/?product_id=1111486\">Contactez-nous pour plus d\u2019informations ou d\u2019autres coloris<\/a><\/span><\/span><\/p>\n","protected":false},"featured_media":1267924,"template":"","meta":{"_acf_changed":false,"content-type":"","_themeisle_gutenberg_block_has_review":false},"product_brand":[],"product_cat":[12332,12499,12503,12514,8969],"product_tag":[31474,31475,31477,22790],"product_designer":[19926],"comfabric":[],"manufacturer":[16784],"reporting_designer":[37748],"samplecomfabric":[],"designer_clubroom":[],"class_list":{"0":"post-1112341","1":"product","2":"type-product","3":"status-publish","4":"has-post-thumbnail","6":"product_cat-tables-dappoint","7":"product_cat-assises","8":"product_cat-tables-fr","9":"product_cat-tables-de-chevet","10":"product_cat-ottomans-tabourets","11":"product_tag-co-white-fr","12":"product_tag-st-ceramic-fr","13":"product_tag-st-curvy-fr","14":"product_tag-disponible-immediatement","15":"product_designer-amyot-interiors-design-fr","16":"manufacturer-ceramique-lochoise-fr","17":"reporting_designer-amyot-interiors-design","18":"exhibitions-paris-fr","20":"first","21":"instock","22":"taxable","23":"shipping-taxable","24":"purchasable","25":"product-type-variable"},"acf":[],"_links":{"self":[{"href":"https:\/\/theinvisiblecollection.com\/fr\/wp-json\/wp\/v2\/product\/1112341","targetHints":{"allow":["GET"]}}],"collection":[{"href":"https:\/\/theinvisiblecollection.com\/fr\/wp-json\/wp\/v2\/product"}],"about":[{"href":"https:\/\/theinvisiblecollection.com\/fr\/wp-json\/wp\/v2\/types\/product"}],"wp:featuredmedia":[{"embeddable":true,"href":"https:\/\/theinvisiblecollection.com\/fr\/wp-json\/wp\/v2\/media\/1267924"}],"wp:attachment":[{"href":"https:\/\/theinvisiblecollection.com\/fr\/wp-json\/wp\/v2\/media?parent=1112341"}],"wp:term":[{"taxonomy":"product_brand","embeddable":true,"href":"https:\/\/theinvisiblecollection.com\/fr\/wp-json\/wp\/v2\/product_brand?post=1112341"},{"taxonomy":"product_cat","embeddable":true,"href":"https:\/\/theinvisiblecollection.com\/fr\/wp-json\/wp\/v2\/product_cat?post=1112341"},{"taxonomy":"product_tag","embeddable":true,"href":"https:\/\/theinvisiblecollection.com\/fr\/wp-json\/wp\/v2\/product_tag?post=1112341"},{"taxonomy":"product_designer","embeddable":true,"href":"https:\/\/theinvisiblecollection.com\/fr\/wp-json\/wp\/v2\/product_designer?post=1112341"},{"taxonomy":"comfabric","embeddable":true,"href":"https:\/\/theinvisiblecollection.com\/fr\/wp-json\/wp\/v2\/comfabric?post=1112341"},{"taxonomy":"manufacturer","embeddable":true,"href":"https:\/\/theinvisiblecollection.com\/fr\/wp-json\/wp\/v2\/manufacturer?post=1112341"},{"taxonomy":"reporting_designer","embeddable":true,"href":"https:\/\/theinvisiblecollection.com\/fr\/wp-json\/wp\/v2\/reporting_designer?post=1112341"},{"taxonomy":"samplecomfabric","embeddable":true,"href":"https:\/\/theinvisiblecollection.com\/fr\/wp-json\/wp\/v2\/samplecomfabric?post=1112341"},{"taxonomy":"clubroom_product_designer","embeddable":true,"href":"https:\/\/theinvisiblecollection.com\/fr\/wp-json\/wp\/v2\/designer_clubroom?post=1112341"}],"curies":[{"name":"wp","href":"https:\/\/api.w.org\/{rel}","templated":true}]}}