{"id":1113098,"date":"2022-11-09T13:32:24","date_gmt":"2022-11-09T12:32:24","guid":{"rendered":"https:\/\/theinvisiblecollection.com\/?post_type=product&#038;p=1113098"},"modified":"2026-05-08T04:39:47","modified_gmt":"2026-05-08T04:39:47","slug":"stephanie-amyot-tabouret-wilson-travertin","status":"publish","type":"product","link":"https:\/\/theinvisiblecollection.com\/fr\/produit\/stephanie-amyot-tabouret-wilson-travertin\/","title":{"rendered":"Tabouret Wilson Travertin"},"content":{"rendered":"<p style=\"text-align: justify;\"><span class=\"TextRun SCXW200591239 BCX0\" lang=\"FR-FR\" xml:lang=\"FR-FR\" data-contrast=\"auto\"><span class=\"NormalTextRun SCXW200591239 BCX0\">Le tabouret Wil<\/span><span class=\"NormalTextRun SCXW200591239 BCX0\">son d\u2019<\/span><span class=\"NormalTextRun SpellingErrorV2Themed SCXW200591239 BCX0\">Am\u00ffot<\/span> <span class=\"NormalTextRun SpellingErrorV2Themed SCXW200591239 BCX0\">Interiors<\/span><span class=\"NormalTextRun SCXW200591239 BCX0\"> &amp; Design pr\u00e9sente un \u00e9quilibre parfait entre force et d\u00e9licatesse, vide et pl\u00e9nitude, forme et fonction. Ce joli design incarne les techniques et l&#8217;artisanat de pointe.<\/span><\/span><span class=\"EOP SCXW200591239 BCX0\" data-ccp-props=\"{&quot;201341983&quot;:0,&quot;335559740&quot;:259}\">\u00a0<\/span><\/p>\n","protected":false},"excerpt":{"rendered":"<p>Tabouret sculpt\u00e9 dans un monobloc de travertin<br \/>\nPhotographi\u00e9 ici en travertin blanc<br \/>\n\u00c9galement disponible en travertin oc\u00e9an et titane<br \/>\n<a href=\"https:\/\/theinvisiblecollection.com\/wp-content\/uploads\/2022\/11\/TheInvisibleCollection_Amyot_Interiors_Travertine_Selection_Wilson_Travertine_Stool.pdf\" target=\"_blank\" rel=\"noopener\"><span style=\"text-decoration: underline;\">D\u00e9couvrez la s\u00e9lection de travertins ici<\/span><\/a><br \/>\nFinition lisse<\/p>\n<p>\u00d8 38 x H 46 cm<\/p>\n<p>Fabriqu\u00e9 \u00e0 la main en France<br \/>\nD\u00e9lais de production : 10 semaines<\/p>\n<p class=\"p1\"><span style=\"text-decoration: underline;\"><span class=\"s1\"><a href=\"https:\/\/www.theinvisiblecollection.com\/fr\/demande-de-devis\/?product_id=1113098\">Contactez-nous pour plus d\u2019informations ou d\u2019autres coloris<\/a><\/span><\/span><\/p>\n","protected":false},"featured_media":5049032,"template":"","meta":{"_acf_changed":false,"content-type":"","_themeisle_gutenberg_block_has_review":false},"product_brand":[],"product_cat":[12499,12503,12514,8969,12332],"product_tag":[31477,31474,31475],"product_designer":[19926],"comfabric":[],"manufacturer":[35875],"reporting_designer":[37748],"samplecomfabric":[],"designer_clubroom":[],"class_list":{"0":"post-1113098","1":"product","2":"type-product","3":"status-publish","4":"has-post-thumbnail","6":"product_cat-assises","7":"product_cat-tables-fr","8":"product_cat-tables-de-chevet","9":"product_cat-ottomans-tabourets","10":"product_cat-tables-dappoint","11":"product_tag-st-curvy-fr","12":"product_tag-co-white-fr","13":"product_tag-st-ceramic-fr","14":"product_designer-amyot-interiors-design-fr","15":"manufacturer-amot-interiors-design-fr","16":"reporting_designer-amyot-interiors-design","18":"first","19":"instock","20":"taxable","21":"shipping-taxable","22":"purchasable","23":"product-type-variable"},"acf":[],"_links":{"self":[{"href":"https:\/\/theinvisiblecollection.com\/fr\/wp-json\/wp\/v2\/product\/1113098","targetHints":{"allow":["GET"]}}],"collection":[{"href":"https:\/\/theinvisiblecollection.com\/fr\/wp-json\/wp\/v2\/product"}],"about":[{"href":"https:\/\/theinvisiblecollection.com\/fr\/wp-json\/wp\/v2\/types\/product"}],"wp:featuredmedia":[{"embeddable":true,"href":"https:\/\/theinvisiblecollection.com\/fr\/wp-json\/wp\/v2\/media\/5049032"}],"wp:attachment":[{"href":"https:\/\/theinvisiblecollection.com\/fr\/wp-json\/wp\/v2\/media?parent=1113098"}],"wp:term":[{"taxonomy":"product_brand","embeddable":true,"href":"https:\/\/theinvisiblecollection.com\/fr\/wp-json\/wp\/v2\/product_brand?post=1113098"},{"taxonomy":"product_cat","embeddable":true,"href":"https:\/\/theinvisiblecollection.com\/fr\/wp-json\/wp\/v2\/product_cat?post=1113098"},{"taxonomy":"product_tag","embeddable":true,"href":"https:\/\/theinvisiblecollection.com\/fr\/wp-json\/wp\/v2\/product_tag?post=1113098"},{"taxonomy":"product_designer","embeddable":true,"href":"https:\/\/theinvisiblecollection.com\/fr\/wp-json\/wp\/v2\/product_designer?post=1113098"},{"taxonomy":"comfabric","embeddable":true,"href":"https:\/\/theinvisiblecollection.com\/fr\/wp-json\/wp\/v2\/comfabric?post=1113098"},{"taxonomy":"manufacturer","embeddable":true,"href":"https:\/\/theinvisiblecollection.com\/fr\/wp-json\/wp\/v2\/manufacturer?post=1113098"},{"taxonomy":"reporting_designer","embeddable":true,"href":"https:\/\/theinvisiblecollection.com\/fr\/wp-json\/wp\/v2\/reporting_designer?post=1113098"},{"taxonomy":"samplecomfabric","embeddable":true,"href":"https:\/\/theinvisiblecollection.com\/fr\/wp-json\/wp\/v2\/samplecomfabric?post=1113098"},{"taxonomy":"clubroom_product_designer","embeddable":true,"href":"https:\/\/theinvisiblecollection.com\/fr\/wp-json\/wp\/v2\/designer_clubroom?post=1113098"}],"curies":[{"name":"wp","href":"https:\/\/api.w.org\/{rel}","templated":true}]}}