{"id":1116800,"date":"2022-11-09T18:12:15","date_gmt":"2022-11-09T17:12:15","guid":{"rendered":"https:\/\/theinvisiblecollection.com\/?post_type=product&#038;p=1116800"},"modified":"2026-05-01T07:38:34","modified_gmt":"2026-05-01T07:38:34","slug":"alexandre-labruyere-table-basse-petiole","status":"publish","type":"product","link":"https:\/\/theinvisiblecollection.com\/fr\/produit\/alexandre-labruyere-table-basse-petiole\/","title":{"rendered":"Table Basse P\u00e9tiole"},"content":{"rendered":"<p style=\"text-align: justify;\"><span data-contrast=\"auto\">La table basse longue P\u00e9tiole d&#8217;Alexandre Labruy\u00e8re s&#8217;inspire de la forme naturelle du p\u00e9tiole, terme botanique d\u00e9signant la tige qui relie le limbe de la feuille \u00e0 la tige : &#8220;Retenue par sa branche, la feuille suspendue semble voler&#8221;, explique Alexandre Labruy\u00e8re. Entre douceur et fluidit\u00e9, la base est l&#8217;\u00e9l\u00e9ment cl\u00e9 qui maintient l&#8217;ensemble de la table. En utilisant la technique du cintrage \u00e0 la vapeur, le bois est pouss\u00e9 \u00e0 la limite de sa flexibilit\u00e9, d\u2019o\u00f9 la fantastique l\u00e9g\u00e8ret\u00e9 de la table dont le plateau, sculpt\u00e9 \u00e0 la main, semble naturellement assembl\u00e9 aux pieds. Ses lignes sont esth\u00e9tiquement puissantes, mais \u00e0 la fois l\u00e9g\u00e8res et fluides. Chaque table est fabriqu\u00e9e sur commande et sur mesure.<\/span><span data-ccp-props=\"{&quot;201341983&quot;:0,&quot;335559740&quot;:259}\"><br \/>\n<\/span><span data-contrast=\"auto\">Les mat\u00e9riaux &#8211; ch\u00eane, fr\u00eane, sycomore et ch\u00eane rouge &#8211; proviennent d&#8217;une scierie g\u00e9r\u00e9e de mani\u00e8re responsable situ\u00e9e en France.<\/span><span data-ccp-props=\"{&quot;201341983&quot;:0,&quot;335559740&quot;:259}\">\u00a0<\/span><\/p>\n","protected":false},"excerpt":{"rendered":"<p>Table en ch\u00eane massif avec huile naturelle<br \/>\nPlateau inf\u00e9rieur en huile teint\u00e9e noir profond<br \/>\nFinition en cire d&#8217;abeille<br \/>\nPi\u00e8ce num\u00e9rot\u00e9e et sign\u00e9e<br \/>\nMat\u00e9riaux, dimensions et finitions sur-mesure sur demande<\/p>\n<p>L 110 x l 60 x H 45 cm<\/p>\n<p>Fabriqu\u00e9e \u00e0 la main en France<br \/>\nD\u00e9lais de fabrication : 6 &#8211; 8 semaines<\/p>\n<p><span style=\"text-decoration: underline;\"><span class=\"s1\"><a href=\"https:\/\/www.theinvisiblecollection.com\/fr\/contact-produit\/?product_id=1116800\">Contactez-nous pour toute demande de devis ou de renseignement<\/a><\/span><\/span><\/p>\n","protected":false},"featured_media":1117910,"template":"","meta":{"_acf_changed":false,"content-type":"","_themeisle_gutenberg_block_has_review":false},"product_brand":[],"product_cat":[7509,12503],"product_tag":[11335,31477],"product_designer":[19922],"comfabric":[],"manufacturer":[19920],"reporting_designer":[37636],"samplecomfabric":[],"designer_clubroom":[],"class_list":{"0":"post-1116800","1":"product","2":"type-product","3":"status-publish","4":"has-post-thumbnail","6":"product_cat-tables-basses-dappoint","7":"product_cat-tables-fr","8":"product_tag-eco-design","9":"product_tag-st-curvy-fr","10":"pa_wood-frene-brule","11":"pa_wood-noyer","12":"product_designer-alexandre-labruyere-fr","13":"manufacturer-alexandre-labruyre-atelier-la-cofabrik-fr","14":"reporting_designer-alexandre-labruyere","16":"first","17":"instock","18":"taxable","19":"shipping-taxable","20":"purchasable","21":"product-type-simple"},"acf":[],"_links":{"self":[{"href":"https:\/\/theinvisiblecollection.com\/fr\/wp-json\/wp\/v2\/product\/1116800","targetHints":{"allow":["GET"]}}],"collection":[{"href":"https:\/\/theinvisiblecollection.com\/fr\/wp-json\/wp\/v2\/product"}],"about":[{"href":"https:\/\/theinvisiblecollection.com\/fr\/wp-json\/wp\/v2\/types\/product"}],"wp:featuredmedia":[{"embeddable":true,"href":"https:\/\/theinvisiblecollection.com\/fr\/wp-json\/wp\/v2\/media\/1117910"}],"wp:attachment":[{"href":"https:\/\/theinvisiblecollection.com\/fr\/wp-json\/wp\/v2\/media?parent=1116800"}],"wp:term":[{"taxonomy":"product_brand","embeddable":true,"href":"https:\/\/theinvisiblecollection.com\/fr\/wp-json\/wp\/v2\/product_brand?post=1116800"},{"taxonomy":"product_cat","embeddable":true,"href":"https:\/\/theinvisiblecollection.com\/fr\/wp-json\/wp\/v2\/product_cat?post=1116800"},{"taxonomy":"product_tag","embeddable":true,"href":"https:\/\/theinvisiblecollection.com\/fr\/wp-json\/wp\/v2\/product_tag?post=1116800"},{"taxonomy":"product_designer","embeddable":true,"href":"https:\/\/theinvisiblecollection.com\/fr\/wp-json\/wp\/v2\/product_designer?post=1116800"},{"taxonomy":"comfabric","embeddable":true,"href":"https:\/\/theinvisiblecollection.com\/fr\/wp-json\/wp\/v2\/comfabric?post=1116800"},{"taxonomy":"manufacturer","embeddable":true,"href":"https:\/\/theinvisiblecollection.com\/fr\/wp-json\/wp\/v2\/manufacturer?post=1116800"},{"taxonomy":"reporting_designer","embeddable":true,"href":"https:\/\/theinvisiblecollection.com\/fr\/wp-json\/wp\/v2\/reporting_designer?post=1116800"},{"taxonomy":"samplecomfabric","embeddable":true,"href":"https:\/\/theinvisiblecollection.com\/fr\/wp-json\/wp\/v2\/samplecomfabric?post=1116800"},{"taxonomy":"clubroom_product_designer","embeddable":true,"href":"https:\/\/theinvisiblecollection.com\/fr\/wp-json\/wp\/v2\/designer_clubroom?post=1116800"}],"curies":[{"name":"wp","href":"https:\/\/api.w.org\/{rel}","templated":true}]}}