{"id":1119943,"date":"2022-11-10T10:50:09","date_gmt":"2022-11-10T09:50:09","guid":{"rendered":"https:\/\/theinvisiblecollection.com\/?post_type=product&#038;p=1119943"},"modified":"2026-05-08T04:39:47","modified_gmt":"2026-05-08T04:39:47","slug":"maison-leleu-tapis-nebula","status":"publish","type":"product","link":"https:\/\/theinvisiblecollection.com\/fr\/produit\/maison-leleu-tapis-nebula\/","title":{"rendered":"Tapis N\u00e9bula"},"content":{"rendered":"<p style=\"text-align: justify;\">Le Tapis N\u00e9bula de Maison Leleu suit la cr\u00e9ation du tapis N\u00e9bula Oval pour le d\u00e9cor Piaget r\u00e9alis\u00e9 par Fabrizio Casiraghi \u00e0 l\u2019occasion de l\u2019exposition AD int\u00e9rieurs 2019. R\u00e9interpr\u00e9tation par Alexia Leleu \u00e0 partir du dessin d\u2019archives n\u00b0623 r\u00e9alis\u00e9e par Paule Leleu.<\/p>\n","protected":false},"excerpt":{"rendered":"<p>Tapis nou\u00e9 \u00e0 la main<br \/>\nPrix au m\u00e8tre carr\u00e9<br \/>\n100% laine de Nouvelle-Z\u00e9lande<br \/>\nDoublure antid\u00e9rapante incluse<\/p>\n<p>Dimensions standard :<br \/>\n325 x 240 cm<\/p>\n<p>Nou\u00e9 \u00e0 la main en Inde<br \/>\nD\u00e9lais de fabrication: 9 semaines<\/p>\n<p><span style=\"text-decoration: underline;\"><a href=\"https:\/\/www.theinvisiblecollection.com\/fr\/demande-de-devis\/?product_id=1119943\" target=\"_blank\" rel=\"noopener\">Contactez-nous pour toute demande de devis ou d\u2019\u00e9chantillons<\/a><\/span><\/p>\n","protected":false},"featured_media":1135368,"template":"","meta":{"_acf_changed":false,"content-type":"","_themeisle_gutenberg_block_has_review":false},"product_brand":[],"product_cat":[8183,12540,13076],"product_tag":[9113,9114,10256],"product_designer":[16596],"comfabric":[],"manufacturer":[37012],"reporting_designer":[37700],"samplecomfabric":[],"designer_clubroom":[],"class_list":{"0":"post-1119943","1":"product","2":"type-product","3":"status-publish","4":"has-post-thumbnail","6":"product_cat-tapis-noues-a-la-main","7":"product_cat-tapis-fr","8":"product_cat-bureau-a-la-maison","9":"product_tag-noue-main","10":"product_tag-noue","11":"product_tag-tapis-fr-3","12":"pa_color-bleu-et-beige","13":"pa_color-couleurs-personalisees","14":"pa_size-dimensions-standards","15":"pa_size-dimensions-sur-mesure-fr","16":"product_designer-maison-leleu-fr","17":"manufacturer-maison-leleu-esi-louvres-fr","18":"reporting_designer-maison-leleu","19":"exhibitions-new-york-fr","21":"first","22":"instock","23":"taxable","24":"shipping-taxable","25":"purchasable","26":"product-type-variable"},"acf":[],"_links":{"self":[{"href":"https:\/\/theinvisiblecollection.com\/fr\/wp-json\/wp\/v2\/product\/1119943","targetHints":{"allow":["GET"]}}],"collection":[{"href":"https:\/\/theinvisiblecollection.com\/fr\/wp-json\/wp\/v2\/product"}],"about":[{"href":"https:\/\/theinvisiblecollection.com\/fr\/wp-json\/wp\/v2\/types\/product"}],"wp:featuredmedia":[{"embeddable":true,"href":"https:\/\/theinvisiblecollection.com\/fr\/wp-json\/wp\/v2\/media\/1135368"}],"wp:attachment":[{"href":"https:\/\/theinvisiblecollection.com\/fr\/wp-json\/wp\/v2\/media?parent=1119943"}],"wp:term":[{"taxonomy":"product_brand","embeddable":true,"href":"https:\/\/theinvisiblecollection.com\/fr\/wp-json\/wp\/v2\/product_brand?post=1119943"},{"taxonomy":"product_cat","embeddable":true,"href":"https:\/\/theinvisiblecollection.com\/fr\/wp-json\/wp\/v2\/product_cat?post=1119943"},{"taxonomy":"product_tag","embeddable":true,"href":"https:\/\/theinvisiblecollection.com\/fr\/wp-json\/wp\/v2\/product_tag?post=1119943"},{"taxonomy":"product_designer","embeddable":true,"href":"https:\/\/theinvisiblecollection.com\/fr\/wp-json\/wp\/v2\/product_designer?post=1119943"},{"taxonomy":"comfabric","embeddable":true,"href":"https:\/\/theinvisiblecollection.com\/fr\/wp-json\/wp\/v2\/comfabric?post=1119943"},{"taxonomy":"manufacturer","embeddable":true,"href":"https:\/\/theinvisiblecollection.com\/fr\/wp-json\/wp\/v2\/manufacturer?post=1119943"},{"taxonomy":"reporting_designer","embeddable":true,"href":"https:\/\/theinvisiblecollection.com\/fr\/wp-json\/wp\/v2\/reporting_designer?post=1119943"},{"taxonomy":"samplecomfabric","embeddable":true,"href":"https:\/\/theinvisiblecollection.com\/fr\/wp-json\/wp\/v2\/samplecomfabric?post=1119943"},{"taxonomy":"clubroom_product_designer","embeddable":true,"href":"https:\/\/theinvisiblecollection.com\/fr\/wp-json\/wp\/v2\/designer_clubroom?post=1119943"}],"curies":[{"name":"wp","href":"https:\/\/api.w.org\/{rel}","templated":true}]}}