{"id":112008,"date":"2024-05-13T07:51:50","date_gmt":"2024-05-13T07:51:50","guid":{"rendered":"https:\/\/theinvisiblecollection.com\/?post_type=product&#038;p=112008"},"modified":"2026-05-01T07:39:04","modified_gmt":"2026-05-01T07:39:04","slug":"pierre-augustin-rose-table-basse-duo-multilaque-chene","status":"publish","type":"product","link":"https:\/\/theinvisiblecollection.com\/fr\/produit\/pierre-augustin-rose-table-basse-duo-multilaque-chene\/","title":{"rendered":"Table basse Duo Multilaque Ch\u00eane"},"content":{"rendered":"<p style=\"text-align: justify;\">Ancr\u00e9es dans la grande tradition du travail de la laque, ces deux tables basses aux formes tr\u00e8s nouvelles, sont d\u00e9lib\u00e9r\u00e9ment libres et \u00e9l\u00e9gantes. En duo s&#8217;inventant comme une sculpture mobile, en solo habitant l\u2019espace d\u2019une pr\u00e9sence subtile mais affirm\u00e9e.<\/p>\n","protected":false},"excerpt":{"rendered":"<p>Plateau en ch\u00eane massif<br \/>\n\u00c9galement disponible en ch\u00eane noir et laque noir ou blanche<br \/>\nPieds sculpt\u00e9s en ch\u00eane massif, pr\u00e9servant ses propri\u00e9t\u00e9s naturelles<br \/>\nChaque table est unique en raison de sa nature artisanale, les nuances et les teintes varient l\u00e9g\u00e8rement<\/p>\n<p>Ensemble de deux tables :<br \/>\nL 136 x l 94 x H 49 cm<br \/>\nL 132 x l 66 x H 38 cm<\/p>\n<p>Fabriqu\u00e9e \u00e0 la main en Europe<br \/>\nD\u00e9lais de production : 10 &#8211; 14 semaines<\/p>\n<p><span style=\"text-decoration: underline;\"><a href=\"https:\/\/www.theinvisiblecollection.com\/fr\/demande-de-devis\/?product_id=112008\" target=\"_blank\" rel=\"noopener\">Contactez-nous pour toute demande de devis ou de renseignement<\/a><\/span><\/p>\n","protected":false},"featured_media":112012,"template":"","meta":{"_acf_changed":false,"content-type":"","_themeisle_gutenberg_block_has_review":false},"product_brand":[],"product_cat":[7509,12503],"product_tag":[9444,11347,11349,14925,31477,35206,9001,9066,9409,9441,9442,9443],"product_designer":[8908],"comfabric":[29018],"manufacturer":[16828],"reporting_designer":[37608],"samplecomfabric":[30018],"designer_clubroom":[],"class_list":{"0":"post-112008","1":"product","2":"type-product","3":"status-publish","4":"has-post-thumbnail","6":"product_cat-tables-basses-dappoint","7":"product_cat-tables-fr","8":"product_tag-laque-fr-2","9":"product_tag-augustine-fr","10":"product_tag-pierre-augustine-rose-fr","11":"product_tag-hpfav-fr","12":"product_tag-st-curvy-fr","13":"product_tag-exclusive-fr","14":"product_tag-chene","15":"product_tag-table-basse","16":"product_tag-pierre-augustin-rose-fr-2","17":"product_tag-table-basse-fr-2","18":"product_tag-duo-fr","19":"product_tag-multilaque-fr","20":"pa_tabletop-chene-naturel","21":"pa_tabletop-chene-noir","22":"pa_tabletop-laque-blanche","23":"pa_tabletop-laque-noire","24":"product_designer-pierre-augustin-rose-fr","25":"comfabric-pierre-augustin-rose-fr","26":"manufacturer-charvin-logistics-saint-ouen-la-ex-egetra-fr","27":"reporting_designer-pierre-augustin-rose","28":"samplecomfabric-pierre-augustin-rose-fr","30":"first","31":"instock","32":"featured","33":"taxable","34":"shipping-taxable","35":"purchasable","36":"product-type-variable"},"acf":[],"_links":{"self":[{"href":"https:\/\/theinvisiblecollection.com\/fr\/wp-json\/wp\/v2\/product\/112008","targetHints":{"allow":["GET"]}}],"collection":[{"href":"https:\/\/theinvisiblecollection.com\/fr\/wp-json\/wp\/v2\/product"}],"about":[{"href":"https:\/\/theinvisiblecollection.com\/fr\/wp-json\/wp\/v2\/types\/product"}],"wp:featuredmedia":[{"embeddable":true,"href":"https:\/\/theinvisiblecollection.com\/fr\/wp-json\/wp\/v2\/media\/112012"}],"wp:attachment":[{"href":"https:\/\/theinvisiblecollection.com\/fr\/wp-json\/wp\/v2\/media?parent=112008"}],"wp:term":[{"taxonomy":"product_brand","embeddable":true,"href":"https:\/\/theinvisiblecollection.com\/fr\/wp-json\/wp\/v2\/product_brand?post=112008"},{"taxonomy":"product_cat","embeddable":true,"href":"https:\/\/theinvisiblecollection.com\/fr\/wp-json\/wp\/v2\/product_cat?post=112008"},{"taxonomy":"product_tag","embeddable":true,"href":"https:\/\/theinvisiblecollection.com\/fr\/wp-json\/wp\/v2\/product_tag?post=112008"},{"taxonomy":"product_designer","embeddable":true,"href":"https:\/\/theinvisiblecollection.com\/fr\/wp-json\/wp\/v2\/product_designer?post=112008"},{"taxonomy":"comfabric","embeddable":true,"href":"https:\/\/theinvisiblecollection.com\/fr\/wp-json\/wp\/v2\/comfabric?post=112008"},{"taxonomy":"manufacturer","embeddable":true,"href":"https:\/\/theinvisiblecollection.com\/fr\/wp-json\/wp\/v2\/manufacturer?post=112008"},{"taxonomy":"reporting_designer","embeddable":true,"href":"https:\/\/theinvisiblecollection.com\/fr\/wp-json\/wp\/v2\/reporting_designer?post=112008"},{"taxonomy":"samplecomfabric","embeddable":true,"href":"https:\/\/theinvisiblecollection.com\/fr\/wp-json\/wp\/v2\/samplecomfabric?post=112008"},{"taxonomy":"clubroom_product_designer","embeddable":true,"href":"https:\/\/theinvisiblecollection.com\/fr\/wp-json\/wp\/v2\/designer_clubroom?post=112008"}],"curies":[{"name":"wp","href":"https:\/\/api.w.org\/{rel}","templated":true}]}}