{"id":112027,"date":"2021-11-18T13:53:15","date_gmt":"2021-11-18T12:53:15","guid":{"rendered":"https:\/\/theinvisiblecollection.com\/?post_type=product&#038;p=112027"},"modified":"2026-05-08T04:40:17","modified_gmt":"2026-05-08T04:40:17","slug":"pierre-augustin-rose-table-basse-trio-multilaque","status":"publish","type":"product","link":"https:\/\/theinvisiblecollection.com\/fr\/produit\/pierre-augustin-rose-table-basse-trio-multilaque\/","title":{"rendered":"Table Basse Trio Multilaque"},"content":{"rendered":"<p style=\"text-align: justify;\">Ancr\u00e9es dans la grande tradition du travail de la laque, ces trois tables basses aux formes tr\u00e8s nouvelles, sont d\u00e9lib\u00e9r\u00e9ment libres et \u00e9l\u00e9gantes. En duo s&#8217;inventant comme une sculpture mobile, en solo habitant l\u2019espace d\u2019une pr\u00e9sence subtile mais affirm\u00e9e.<\/p>\n","protected":false},"excerpt":{"rendered":"<p>Plateau en laque<br \/>\n<a href=\"https:\/\/theinvisiblecollection.com\/wp-content\/uploads\/2022\/01\/TheInvisibleCollection_PierreAugustinRose_LacquerSelection2.pdf\" target=\"_blank\" rel=\"noopener\"><span style=\"text-decoration: underline;\">D\u00e9couvrez la s\u00e9lection de laques ici<\/span><\/a><br \/>\nPieds sculpt\u00e9s en ch\u00eane massif<br \/>\nChaque table est unique en raison de sa nature artisanale, les nuances et les teintes varient l\u00e9g\u00e8rement<\/p>\n<p>Ensemble de trois tables :<br \/>\nDeux grandes : L 136 x l 94 x H 49 cm<br \/>\nUne petite : L 132 x l 66 x H 38 cm<\/p>\n<p>Fabriqu\u00e9e \u00e0 la main en Europe<br \/>\nD\u00e9lais de production : 10 &#8211; 14 semaines<\/p>\n<p><span style=\"text-decoration: underline;\"><a href=\"https:\/\/www.theinvisiblecollection.com\/fr\/demande-de-devis\/?product_id=112027\" target=\"_blank\" rel=\"noopener\">Contactez-nous pour toute demande de devis ou de renseignement<\/a><\/span><\/p>\n","protected":false},"featured_media":2463147,"template":"","meta":{"_acf_changed":false,"content-type":"","_themeisle_gutenberg_block_has_review":false},"product_brand":[],"product_cat":[7509,12503],"product_tag":[9441,9442,9443,9444,11347,11349,31474,31477,35206,9001,9066,9409],"product_designer":[8908],"comfabric":[29018],"manufacturer":[16828],"reporting_designer":[37608],"samplecomfabric":[30018],"designer_clubroom":[],"class_list":{"0":"post-112027","1":"product","2":"type-product","3":"status-publish","4":"has-post-thumbnail","6":"product_cat-tables-basses-dappoint","7":"product_cat-tables-fr","8":"product_tag-table-basse-fr-2","9":"product_tag-duo-fr","10":"product_tag-multilaque-fr","11":"product_tag-laque-fr-2","12":"product_tag-augustine-fr","13":"product_tag-pierre-augustine-rose-fr","14":"product_tag-co-white-fr","15":"product_tag-st-curvy-fr","16":"product_tag-exclusive-fr","17":"product_tag-chene","18":"product_tag-table-basse","19":"product_tag-pierre-augustin-rose-fr-2","20":"pa_lacquer-blanc-casse","21":"pa_lacquer-noir","22":"product_designer-pierre-augustin-rose-fr","23":"comfabric-pierre-augustin-rose-fr","24":"manufacturer-charvin-logistics-saint-ouen-la-ex-egetra-fr","25":"reporting_designer-pierre-augustin-rose","26":"samplecomfabric-pierre-augustin-rose-fr","28":"first","29":"instock","30":"featured","31":"taxable","32":"shipping-taxable","33":"purchasable","34":"product-type-variable"},"acf":[],"_links":{"self":[{"href":"https:\/\/theinvisiblecollection.com\/fr\/wp-json\/wp\/v2\/product\/112027","targetHints":{"allow":["GET"]}}],"collection":[{"href":"https:\/\/theinvisiblecollection.com\/fr\/wp-json\/wp\/v2\/product"}],"about":[{"href":"https:\/\/theinvisiblecollection.com\/fr\/wp-json\/wp\/v2\/types\/product"}],"wp:featuredmedia":[{"embeddable":true,"href":"https:\/\/theinvisiblecollection.com\/fr\/wp-json\/wp\/v2\/media\/2463147"}],"wp:attachment":[{"href":"https:\/\/theinvisiblecollection.com\/fr\/wp-json\/wp\/v2\/media?parent=112027"}],"wp:term":[{"taxonomy":"product_brand","embeddable":true,"href":"https:\/\/theinvisiblecollection.com\/fr\/wp-json\/wp\/v2\/product_brand?post=112027"},{"taxonomy":"product_cat","embeddable":true,"href":"https:\/\/theinvisiblecollection.com\/fr\/wp-json\/wp\/v2\/product_cat?post=112027"},{"taxonomy":"product_tag","embeddable":true,"href":"https:\/\/theinvisiblecollection.com\/fr\/wp-json\/wp\/v2\/product_tag?post=112027"},{"taxonomy":"product_designer","embeddable":true,"href":"https:\/\/theinvisiblecollection.com\/fr\/wp-json\/wp\/v2\/product_designer?post=112027"},{"taxonomy":"comfabric","embeddable":true,"href":"https:\/\/theinvisiblecollection.com\/fr\/wp-json\/wp\/v2\/comfabric?post=112027"},{"taxonomy":"manufacturer","embeddable":true,"href":"https:\/\/theinvisiblecollection.com\/fr\/wp-json\/wp\/v2\/manufacturer?post=112027"},{"taxonomy":"reporting_designer","embeddable":true,"href":"https:\/\/theinvisiblecollection.com\/fr\/wp-json\/wp\/v2\/reporting_designer?post=112027"},{"taxonomy":"samplecomfabric","embeddable":true,"href":"https:\/\/theinvisiblecollection.com\/fr\/wp-json\/wp\/v2\/samplecomfabric?post=112027"},{"taxonomy":"clubroom_product_designer","embeddable":true,"href":"https:\/\/theinvisiblecollection.com\/fr\/wp-json\/wp\/v2\/designer_clubroom?post=112027"}],"curies":[{"name":"wp","href":"https:\/\/api.w.org\/{rel}","templated":true}]}}