{"id":1123230,"date":"2022-09-23T10:39:41","date_gmt":"2022-09-23T09:39:41","guid":{"rendered":"https:\/\/theinvisiblecollection.com\/?post_type=product&#038;p=1123230"},"modified":"2026-05-08T04:39:47","modified_gmt":"2026-05-08T04:39:47","slug":"hotel-olympia-serviette-red-velvet-cake","status":"publish","type":"product","link":"https:\/\/theinvisiblecollection.com\/fr\/produit\/hotel-olympia-serviette-red-velvet-cake\/","title":{"rendered":"Serviette Red Velvet Cake"},"content":{"rendered":"<p style=\"text-align: justify;\">Une serviette en lin et coton made in France imagin\u00e9e par Olympia le Tan illustr\u00e9e du fameux g\u00e2teau &#8220;red velvet&#8221; pour un go\u00fbter fantasque en room service.<\/p>\n","protected":false},"excerpt":{"rendered":"<ul>\n<li>Serviette<\/li>\n<li>Composition : Coton \/ lin<\/li>\n<\/ul>\n","protected":false},"featured_media":1123055,"template":"","meta":{"_acf_changed":false,"content-type":"","_themeisle_gutenberg_block_has_review":false},"product_brand":[],"product_cat":[19989,12535,19973,19981],"product_tag":[22790],"product_designer":[],"comfabric":[],"manufacturer":[],"reporting_designer":[],"samplecomfabric":[],"designer_clubroom":[20463],"class_list":{"0":"post-1123230","1":"product","2":"type-product","3":"status-publish","4":"has-post-thumbnail","6":"clubroom_taxonomies-gift-room","7":"product_cat-linge-de-table","8":"product_cat-arts-de-la-table","9":"product_cat-accessoires-pour-la-maison","10":"product_cat-art-de-la-table","11":"product_tag-disponible-immediatement","12":"clubroom_product_designer-the-hotel-olympia-fr","13":"exhibitions-paris-fr","14":"exhibitions-new-york-fr","15":"exhibitions-londres-fr","17":"first","18":"instock","19":"taxable","20":"shipping-taxable","21":"purchasable","22":"product-type-simple"},"acf":[],"_links":{"self":[{"href":"https:\/\/theinvisiblecollection.com\/fr\/wp-json\/wp\/v2\/product\/1123230","targetHints":{"allow":["GET"]}}],"collection":[{"href":"https:\/\/theinvisiblecollection.com\/fr\/wp-json\/wp\/v2\/product"}],"about":[{"href":"https:\/\/theinvisiblecollection.com\/fr\/wp-json\/wp\/v2\/types\/product"}],"wp:featuredmedia":[{"embeddable":true,"href":"https:\/\/theinvisiblecollection.com\/fr\/wp-json\/wp\/v2\/media\/1123055"}],"wp:attachment":[{"href":"https:\/\/theinvisiblecollection.com\/fr\/wp-json\/wp\/v2\/media?parent=1123230"}],"wp:term":[{"taxonomy":"product_brand","embeddable":true,"href":"https:\/\/theinvisiblecollection.com\/fr\/wp-json\/wp\/v2\/product_brand?post=1123230"},{"taxonomy":"product_cat","embeddable":true,"href":"https:\/\/theinvisiblecollection.com\/fr\/wp-json\/wp\/v2\/product_cat?post=1123230"},{"taxonomy":"product_tag","embeddable":true,"href":"https:\/\/theinvisiblecollection.com\/fr\/wp-json\/wp\/v2\/product_tag?post=1123230"},{"taxonomy":"product_designer","embeddable":true,"href":"https:\/\/theinvisiblecollection.com\/fr\/wp-json\/wp\/v2\/product_designer?post=1123230"},{"taxonomy":"comfabric","embeddable":true,"href":"https:\/\/theinvisiblecollection.com\/fr\/wp-json\/wp\/v2\/comfabric?post=1123230"},{"taxonomy":"manufacturer","embeddable":true,"href":"https:\/\/theinvisiblecollection.com\/fr\/wp-json\/wp\/v2\/manufacturer?post=1123230"},{"taxonomy":"reporting_designer","embeddable":true,"href":"https:\/\/theinvisiblecollection.com\/fr\/wp-json\/wp\/v2\/reporting_designer?post=1123230"},{"taxonomy":"samplecomfabric","embeddable":true,"href":"https:\/\/theinvisiblecollection.com\/fr\/wp-json\/wp\/v2\/samplecomfabric?post=1123230"},{"taxonomy":"clubroom_product_designer","embeddable":true,"href":"https:\/\/theinvisiblecollection.com\/fr\/wp-json\/wp\/v2\/designer_clubroom?post=1123230"}],"curies":[{"name":"wp","href":"https:\/\/api.w.org\/{rel}","templated":true}]}}