{"id":1123503,"date":"2022-09-23T10:43:06","date_gmt":"2022-09-23T09:43:06","guid":{"rendered":"https:\/\/theinvisiblecollection.com\/?post_type=product&#038;p=1123503"},"modified":"2026-05-08T04:39:47","modified_gmt":"2026-05-08T04:39:47","slug":"hotel-olympia-serviette-english-breakfast","status":"publish","type":"product","link":"https:\/\/theinvisiblecollection.com\/fr\/produit\/hotel-olympia-serviette-english-breakfast\/","title":{"rendered":"Serviette English Breakfast"},"content":{"rendered":"<p style=\"text-align: justify;\">Une ravissante serviette en lin et coton dessin\u00e9e par Olympia le Tan et made in France, petit d\u00e9jeuner \u00e0 l\u2019Anglaise et servi en room service bien s\u00fbr.<\/p>\n","protected":false},"excerpt":{"rendered":"<ul>\n<li>Serviette<\/li>\n<li>Composition : Coton \/ lin<\/li>\n<\/ul>\n","protected":false},"featured_media":1123403,"template":"","meta":{"_acf_changed":false,"content-type":"","_themeisle_gutenberg_block_has_review":false},"product_brand":[],"product_cat":[19981,19989],"product_tag":[22790],"product_designer":[],"comfabric":[],"manufacturer":[],"reporting_designer":[],"samplecomfabric":[],"designer_clubroom":[20463],"class_list":{"0":"post-1123503","1":"product","2":"type-product","3":"status-publish","4":"has-post-thumbnail","6":"clubroom_taxonomies-gift-room","7":"product_cat-art-de-la-table","8":"product_cat-linge-de-table","9":"product_tag-disponible-immediatement","10":"clubroom_product_designer-the-hotel-olympia-fr","11":"exhibitions-new-york-fr","12":"exhibitions-londres-fr","14":"first","15":"instock","16":"taxable","17":"shipping-taxable","18":"purchasable","19":"product-type-simple"},"acf":[],"_links":{"self":[{"href":"https:\/\/theinvisiblecollection.com\/fr\/wp-json\/wp\/v2\/product\/1123503","targetHints":{"allow":["GET"]}}],"collection":[{"href":"https:\/\/theinvisiblecollection.com\/fr\/wp-json\/wp\/v2\/product"}],"about":[{"href":"https:\/\/theinvisiblecollection.com\/fr\/wp-json\/wp\/v2\/types\/product"}],"wp:featuredmedia":[{"embeddable":true,"href":"https:\/\/theinvisiblecollection.com\/fr\/wp-json\/wp\/v2\/media\/1123403"}],"wp:attachment":[{"href":"https:\/\/theinvisiblecollection.com\/fr\/wp-json\/wp\/v2\/media?parent=1123503"}],"wp:term":[{"taxonomy":"product_brand","embeddable":true,"href":"https:\/\/theinvisiblecollection.com\/fr\/wp-json\/wp\/v2\/product_brand?post=1123503"},{"taxonomy":"product_cat","embeddable":true,"href":"https:\/\/theinvisiblecollection.com\/fr\/wp-json\/wp\/v2\/product_cat?post=1123503"},{"taxonomy":"product_tag","embeddable":true,"href":"https:\/\/theinvisiblecollection.com\/fr\/wp-json\/wp\/v2\/product_tag?post=1123503"},{"taxonomy":"product_designer","embeddable":true,"href":"https:\/\/theinvisiblecollection.com\/fr\/wp-json\/wp\/v2\/product_designer?post=1123503"},{"taxonomy":"comfabric","embeddable":true,"href":"https:\/\/theinvisiblecollection.com\/fr\/wp-json\/wp\/v2\/comfabric?post=1123503"},{"taxonomy":"manufacturer","embeddable":true,"href":"https:\/\/theinvisiblecollection.com\/fr\/wp-json\/wp\/v2\/manufacturer?post=1123503"},{"taxonomy":"reporting_designer","embeddable":true,"href":"https:\/\/theinvisiblecollection.com\/fr\/wp-json\/wp\/v2\/reporting_designer?post=1123503"},{"taxonomy":"samplecomfabric","embeddable":true,"href":"https:\/\/theinvisiblecollection.com\/fr\/wp-json\/wp\/v2\/samplecomfabric?post=1123503"},{"taxonomy":"clubroom_product_designer","embeddable":true,"href":"https:\/\/theinvisiblecollection.com\/fr\/wp-json\/wp\/v2\/designer_clubroom?post=1123503"}],"curies":[{"name":"wp","href":"https:\/\/api.w.org\/{rel}","templated":true}]}}