{"id":1123572,"date":"2022-09-23T10:52:10","date_gmt":"2022-09-23T09:52:10","guid":{"rendered":"https:\/\/theinvisiblecollection.com\/?post_type=product&#038;p=1123572"},"modified":"2026-05-08T04:39:47","modified_gmt":"2026-05-08T04:39:47","slug":"the-hotel-olympia-torchon-hotel-logo","status":"publish","type":"product","link":"https:\/\/theinvisiblecollection.com\/fr\/produit\/the-hotel-olympia-torchon-hotel-logo\/","title":{"rendered":"Torchon Hotel Logo"},"content":{"rendered":"<p style=\"text-align: justify;\">Un torchon en coton organique, fabriqu\u00e9 en Inde, imprim\u00e9 avec le logo &#8220;H\u00f4tel Olympia&#8221;, un hotel imaginaire comme une maison de poup\u00e9e, dessin\u00e9 par l&#8217;artiste Aurel Schmidt.<\/p>\n","protected":false},"excerpt":{"rendered":"<ul>\n<li>Torchon<\/li>\n<li>Composition : 100% coton organique<\/li>\n<\/ul>\n","protected":false},"featured_media":1123562,"template":"","meta":{"_acf_changed":false,"content-type":"","_themeisle_gutenberg_block_has_review":false},"product_brand":[],"product_cat":[19981,19990],"product_tag":[22790],"product_designer":[],"comfabric":[],"manufacturer":[],"reporting_designer":[],"samplecomfabric":[],"designer_clubroom":[20463],"class_list":{"0":"post-1123572","1":"product","2":"type-product","3":"status-publish","4":"has-post-thumbnail","6":"clubroom_taxonomies-gift-room","7":"product_cat-art-de-la-table","8":"product_cat-accessoires-de-cuisine","9":"product_tag-disponible-immediatement","10":"clubroom_product_designer-the-hotel-olympia-fr","11":"exhibitions-paris-fr","12":"exhibitions-new-york-fr","13":"exhibitions-londres-fr","15":"first","16":"instock","17":"taxable","18":"shipping-taxable","19":"purchasable","20":"product-type-simple"},"acf":[],"_links":{"self":[{"href":"https:\/\/theinvisiblecollection.com\/fr\/wp-json\/wp\/v2\/product\/1123572","targetHints":{"allow":["GET"]}}],"collection":[{"href":"https:\/\/theinvisiblecollection.com\/fr\/wp-json\/wp\/v2\/product"}],"about":[{"href":"https:\/\/theinvisiblecollection.com\/fr\/wp-json\/wp\/v2\/types\/product"}],"wp:featuredmedia":[{"embeddable":true,"href":"https:\/\/theinvisiblecollection.com\/fr\/wp-json\/wp\/v2\/media\/1123562"}],"wp:attachment":[{"href":"https:\/\/theinvisiblecollection.com\/fr\/wp-json\/wp\/v2\/media?parent=1123572"}],"wp:term":[{"taxonomy":"product_brand","embeddable":true,"href":"https:\/\/theinvisiblecollection.com\/fr\/wp-json\/wp\/v2\/product_brand?post=1123572"},{"taxonomy":"product_cat","embeddable":true,"href":"https:\/\/theinvisiblecollection.com\/fr\/wp-json\/wp\/v2\/product_cat?post=1123572"},{"taxonomy":"product_tag","embeddable":true,"href":"https:\/\/theinvisiblecollection.com\/fr\/wp-json\/wp\/v2\/product_tag?post=1123572"},{"taxonomy":"product_designer","embeddable":true,"href":"https:\/\/theinvisiblecollection.com\/fr\/wp-json\/wp\/v2\/product_designer?post=1123572"},{"taxonomy":"comfabric","embeddable":true,"href":"https:\/\/theinvisiblecollection.com\/fr\/wp-json\/wp\/v2\/comfabric?post=1123572"},{"taxonomy":"manufacturer","embeddable":true,"href":"https:\/\/theinvisiblecollection.com\/fr\/wp-json\/wp\/v2\/manufacturer?post=1123572"},{"taxonomy":"reporting_designer","embeddable":true,"href":"https:\/\/theinvisiblecollection.com\/fr\/wp-json\/wp\/v2\/reporting_designer?post=1123572"},{"taxonomy":"samplecomfabric","embeddable":true,"href":"https:\/\/theinvisiblecollection.com\/fr\/wp-json\/wp\/v2\/samplecomfabric?post=1123572"},{"taxonomy":"clubroom_product_designer","embeddable":true,"href":"https:\/\/theinvisiblecollection.com\/fr\/wp-json\/wp\/v2\/designer_clubroom?post=1123572"}],"curies":[{"name":"wp","href":"https:\/\/api.w.org\/{rel}","templated":true}]}}