{"id":1124162,"date":"2022-09-23T10:54:09","date_gmt":"2022-09-23T09:54:09","guid":{"rendered":"https:\/\/theinvisiblecollection.com\/?post_type=product&#038;p=1124162"},"modified":"2026-05-01T07:38:34","modified_gmt":"2026-05-01T07:38:34","slug":"the-hotel-olympia-mini-coussin-do-not-disturb","status":"publish","type":"product","link":"https:\/\/theinvisiblecollection.com\/fr\/produit\/the-hotel-olympia-mini-coussin-do-not-disturb\/","title":{"rendered":"Mini Coussin Do not Disturb"},"content":{"rendered":"<p style=\"text-align: justify;\">Un mini coussin trompe l&#8217;\u0153il, enti\u00e8rement brod\u00e9 \u00e0 la main en Inde, \u00e0 poser sur son canap\u00e9 ou \u00e0 accrocher \u00e0 sa porte, un cadeau parfait pour des amis funs.<\/p>\n","protected":false},"excerpt":{"rendered":"<ul>\n<li>Coussin<\/li>\n<li>Composition : velours \/ perles en verre<\/li>\n<\/ul>\n","protected":false},"featured_media":1141978,"template":"","meta":{"_acf_changed":false,"content-type":"","_themeisle_gutenberg_block_has_review":false},"product_brand":[],"product_cat":[16319,19973,19992,12501,12530],"product_tag":[22790],"product_designer":[],"comfabric":[],"manufacturer":[],"reporting_designer":[],"samplecomfabric":[],"designer_clubroom":[20463],"class_list":{"0":"post-1124162","1":"product","2":"type-product","3":"status-publish","4":"has-post-thumbnail","6":"clubroom_taxonomies-gift-room","7":"product_cat-cartes-cadeaux","8":"product_cat-accessoires-pour-la-maison","9":"product_cat-coussins","10":"product_cat-chambre-a-coucher","11":"product_cat-coussins-plaids","12":"product_tag-disponible-immediatement","13":"clubroom_product_designer-the-hotel-olympia-fr","14":"exhibitions-londres-fr","15":"exhibitions-paris-fr","16":"exhibitions-new-york-fr","18":"first","19":"instock","20":"taxable","21":"shipping-taxable","22":"purchasable","23":"product-type-simple"},"acf":[],"_links":{"self":[{"href":"https:\/\/theinvisiblecollection.com\/fr\/wp-json\/wp\/v2\/product\/1124162","targetHints":{"allow":["GET"]}}],"collection":[{"href":"https:\/\/theinvisiblecollection.com\/fr\/wp-json\/wp\/v2\/product"}],"about":[{"href":"https:\/\/theinvisiblecollection.com\/fr\/wp-json\/wp\/v2\/types\/product"}],"wp:featuredmedia":[{"embeddable":true,"href":"https:\/\/theinvisiblecollection.com\/fr\/wp-json\/wp\/v2\/media\/1141978"}],"wp:attachment":[{"href":"https:\/\/theinvisiblecollection.com\/fr\/wp-json\/wp\/v2\/media?parent=1124162"}],"wp:term":[{"taxonomy":"product_brand","embeddable":true,"href":"https:\/\/theinvisiblecollection.com\/fr\/wp-json\/wp\/v2\/product_brand?post=1124162"},{"taxonomy":"product_cat","embeddable":true,"href":"https:\/\/theinvisiblecollection.com\/fr\/wp-json\/wp\/v2\/product_cat?post=1124162"},{"taxonomy":"product_tag","embeddable":true,"href":"https:\/\/theinvisiblecollection.com\/fr\/wp-json\/wp\/v2\/product_tag?post=1124162"},{"taxonomy":"product_designer","embeddable":true,"href":"https:\/\/theinvisiblecollection.com\/fr\/wp-json\/wp\/v2\/product_designer?post=1124162"},{"taxonomy":"comfabric","embeddable":true,"href":"https:\/\/theinvisiblecollection.com\/fr\/wp-json\/wp\/v2\/comfabric?post=1124162"},{"taxonomy":"manufacturer","embeddable":true,"href":"https:\/\/theinvisiblecollection.com\/fr\/wp-json\/wp\/v2\/manufacturer?post=1124162"},{"taxonomy":"reporting_designer","embeddable":true,"href":"https:\/\/theinvisiblecollection.com\/fr\/wp-json\/wp\/v2\/reporting_designer?post=1124162"},{"taxonomy":"samplecomfabric","embeddable":true,"href":"https:\/\/theinvisiblecollection.com\/fr\/wp-json\/wp\/v2\/samplecomfabric?post=1124162"},{"taxonomy":"clubroom_product_designer","embeddable":true,"href":"https:\/\/theinvisiblecollection.com\/fr\/wp-json\/wp\/v2\/designer_clubroom?post=1124162"}],"curies":[{"name":"wp","href":"https:\/\/api.w.org\/{rel}","templated":true}]}}