{"id":112658,"date":"2022-01-07T19:01:09","date_gmt":"2022-01-07T18:01:09","guid":{"rendered":"https:\/\/theinvisiblecollection.com\/?post_type=product&#038;p=112658"},"modified":"2026-05-08T04:40:17","modified_gmt":"2026-05-08T04:40:17","slug":"charlotte-biltgen-canape-ebisu","status":"publish","type":"product","link":"https:\/\/theinvisiblecollection.com\/fr\/produit\/charlotte-biltgen-canape-ebisu\/","title":{"rendered":"Canap\u00e9 Ebisu"},"content":{"rendered":"<p>Photos par Romain Ricard<\/p>\n<p data-start=\"107\" data-end=\"429\">Le Canap\u00e9 Ebisu, con\u00e7u par Charlotte Biltgen, tire son nom du quartier tokyo\u00efte Ebisu, reconnu pour son m\u00e9lange de culture contemporaine et d\u2019\u00e9l\u00e9gance discr\u00e8te. Fabriqu\u00e9 \u00e0 la main en France, ce canap\u00e9 refl\u00e8te un savoir-faire d\u2019exception et une \u00e9l\u00e9gance silencieuse, en \u00e9cho \u00e0 l\u2019esth\u00e9tique raffin\u00e9e des ann\u00e9es 1930.<\/p>\n<p data-start=\"431\" data-end=\"745\">Avec sa silhouette \u00e0 la fois structur\u00e9e et fluide, le design joue sur les contrastes \u2014 masculin et f\u00e9minin, audacieux et sobre \u2014 \u00e9voquant le glamour intime d\u2019un club priv\u00e9 ou d\u2019un salon de la soci\u00e9t\u00e9 des caf\u00e9s. Ses lignes gracieuses et son profil sculptural apportent une sophistication intemporelle \u00e0 tout espace.<\/p>\n<p data-start=\"747\" data-end=\"1097\">Rev\u00eatu de mat\u00e9riaux somptueux, tels que le velours Adamo &amp; Eva de Dedar, et habill\u00e9 d\u2019une coque ext\u00e9rieure et d\u2019une base en cuir souple, le canap\u00e9 est aussi visuellement saisissant que profond\u00e9ment confortable. Ses proportions \u00e9tudi\u00e9es et ses finitions artisanales en font un \u00e9l\u00e9ment polyvalent et raffin\u00e9 pour les int\u00e9rieurs contemporains.<\/p>\n","protected":false},"excerpt":{"rendered":"<p>Canap\u00e9 photographi\u00e9 ici en Dedar Karakorum, couleur ivoire<br \/>\n<a href=\"https:\/\/theinvisiblecollection.com\/wp-content\/uploads\/2023\/02\/InvisibleCollection_Charlotte-Biltgen_FabricsSelection_EbisuVelvet.pdf\" target=\"_blank\" rel=\"noopener\"><span style=\"text-decoration: underline;\">D\u00e9couvrez la s\u00e9lection de tissus ici<\/span><\/a><br \/>\nDisponible avec ext\u00e9rieur et base tapiss\u00e9s en cuir<br \/>\n<a href=\"https:\/\/theinvisiblecollection.com\/wp-admin\/upload.php?item=112722\" target=\"_blank\" rel=\"noopener\"><span style=\"text-decoration: underline;\">D\u00e9couvrez la s\u00e9lection de cuirs ici<\/span><\/a><br \/>\n\u00c9galement disponible en version enti\u00e8rement tissu et en blanc sans tissu<br \/>\nDimensions et tissus sur-mesure sur demande<\/p>\n<p>Disponible en trois versions :<br \/>\nL 232 x l 95 x H 77 cm<br \/>\nL 250 x l 95 x H 77 cm<br \/>\nL 280 x l 95 x H 77 cm<br \/>\nHauteur d\u2019assise : 40 cm<br \/>\nHauteur des accoudoirs : 67 cm<\/p>\n<p><span style=\"text-decoration: underline;\">Canap\u00e9 en tissu :<\/span><br \/>\nTissu requis : 12.5 m pour L 232 \/ 15 m pour L 250 \/ 16.5 m pour L 280<\/p>\n<p><span style=\"text-decoration: underline;\">Canap\u00e9 en tissu et cuir :<\/span><br \/>\n10.5 m tissu et 5.5 m2 cuir pour L 232<br \/>\n11 m tissu et 6 m2 cuir pour L 250<br \/>\n12 m tissu et 7 m2 cuir pour L 280<\/p>\n<p>Fabriqu\u00e9 \u00e0 la main en France<br \/>\nD\u00e9lais de production : 12 semaines<\/p>\n<p><span style=\"text-decoration: underline;\"><a tabindex=\"-1\" title=\"https:\/\/www.theinvisiblecollection.com\/fr\/demande-de-devis\/?product_id=48547\" href=\"https:\/\/www.theinvisiblecollection.com\/fr\/demande-de-devis\/?product_id=112658\" target=\"_blank\" rel=\"noreferrer noopener\">Contactez-nous pour toute demande de devis ou de renseignements<\/a><\/span><\/p>\n","protected":false},"featured_media":1982901,"template":"","meta":{"_acf_changed":false,"content-type":"","_themeisle_gutenberg_block_has_review":false},"product_brand":[],"product_cat":[8976,12499],"product_tag":[],"product_designer":[8923],"comfabric":[29352],"manufacturer":[20337],"reporting_designer":[37452],"samplecomfabric":[30114],"designer_clubroom":[],"class_list":{"0":"post-112658","1":"product","2":"type-product","3":"status-publish","4":"has-post-thumbnail","6":"product_cat-canapes","7":"product_cat-assises","8":"pa_fabric-bisson-bruneel-bergamo-interieur-exterieur","9":"pa_fabric-dedar-karakorum-interieur-exterieur","10":"pa_fabric-en-blanc-sans-tissu-interieur-cuir-llg-touch-exterieur","11":"pa_fabric-en-blanc-sans-tissu-interieur-exterieur","12":"pa_fabric-dedar-vladimiro-interieur-cuir-llg-touch-exterieur","13":"pa_size-l-280-x-l-100-x-h-80-fr","14":"pa_size-moyenne-l-70-x-l-82-x-h-41-cm","15":"pa_size-petit","16":"product_designer-charlotte-biltgen-fr","17":"comfabric-aura-fr","18":"manufacturer-roissy-emballage-c-o-consulttransport-fr","19":"reporting_designer-charlotte-biltgen","20":"samplecomfabric-charlotte-biltgen-fr","22":"first","23":"instock","24":"taxable","25":"shipping-taxable","26":"purchasable","27":"product-type-variable"},"acf":[],"_links":{"self":[{"href":"https:\/\/theinvisiblecollection.com\/fr\/wp-json\/wp\/v2\/product\/112658","targetHints":{"allow":["GET"]}}],"collection":[{"href":"https:\/\/theinvisiblecollection.com\/fr\/wp-json\/wp\/v2\/product"}],"about":[{"href":"https:\/\/theinvisiblecollection.com\/fr\/wp-json\/wp\/v2\/types\/product"}],"wp:featuredmedia":[{"embeddable":true,"href":"https:\/\/theinvisiblecollection.com\/fr\/wp-json\/wp\/v2\/media\/1982901"}],"wp:attachment":[{"href":"https:\/\/theinvisiblecollection.com\/fr\/wp-json\/wp\/v2\/media?parent=112658"}],"wp:term":[{"taxonomy":"product_brand","embeddable":true,"href":"https:\/\/theinvisiblecollection.com\/fr\/wp-json\/wp\/v2\/product_brand?post=112658"},{"taxonomy":"product_cat","embeddable":true,"href":"https:\/\/theinvisiblecollection.com\/fr\/wp-json\/wp\/v2\/product_cat?post=112658"},{"taxonomy":"product_tag","embeddable":true,"href":"https:\/\/theinvisiblecollection.com\/fr\/wp-json\/wp\/v2\/product_tag?post=112658"},{"taxonomy":"product_designer","embeddable":true,"href":"https:\/\/theinvisiblecollection.com\/fr\/wp-json\/wp\/v2\/product_designer?post=112658"},{"taxonomy":"comfabric","embeddable":true,"href":"https:\/\/theinvisiblecollection.com\/fr\/wp-json\/wp\/v2\/comfabric?post=112658"},{"taxonomy":"manufacturer","embeddable":true,"href":"https:\/\/theinvisiblecollection.com\/fr\/wp-json\/wp\/v2\/manufacturer?post=112658"},{"taxonomy":"reporting_designer","embeddable":true,"href":"https:\/\/theinvisiblecollection.com\/fr\/wp-json\/wp\/v2\/reporting_designer?post=112658"},{"taxonomy":"samplecomfabric","embeddable":true,"href":"https:\/\/theinvisiblecollection.com\/fr\/wp-json\/wp\/v2\/samplecomfabric?post=112658"},{"taxonomy":"clubroom_product_designer","embeddable":true,"href":"https:\/\/theinvisiblecollection.com\/fr\/wp-json\/wp\/v2\/designer_clubroom?post=112658"}],"curies":[{"name":"wp","href":"https:\/\/api.w.org\/{rel}","templated":true}]}}