{"id":112734,"date":"2022-01-10T11:09:47","date_gmt":"2022-01-10T10:09:47","guid":{"rendered":"https:\/\/theinvisiblecollection.com\/?post_type=product&#038;p=112734"},"modified":"2026-05-01T07:39:04","modified_gmt":"2026-05-01T07:39:04","slug":"charlotte-biltgen-fauteuil-ebisu","status":"publish","type":"product","link":"https:\/\/theinvisiblecollection.com\/fr\/produit\/charlotte-biltgen-fauteuil-ebisu\/","title":{"rendered":"Fauteuil Ebisu"},"content":{"rendered":"<p>Photos par Romain Ricard<\/p>\n<p data-start=\"71\" data-end=\"388\">Le fauteuil Ebisu de Charlotte Biltgen tire son nom du quartier tokyo\u00efte \u00e9ponyme, r\u00e9put\u00e9 pour son m\u00e9lange de culture contemporaine et d\u2019\u00e9l\u00e9gance discr\u00e8te. Fabriqu\u00e9 \u00e0 la main en France, ce fauteuil met en valeur un savoir-faire d\u2019exception et une \u00e9l\u00e9gance sobre, en hommage \u00e0 l\u2019esth\u00e9tique raffin\u00e9e des ann\u00e9es 1930.<\/p>\n<p data-start=\"390\" data-end=\"698\">Avec sa silhouette structur\u00e9e mais fluide, le design joue sur les contrastes \u2014 entre masculin et f\u00e9minin, audace et retenue \u2014 et \u00e9voque le glamour intime d\u2019un club priv\u00e9 ou d\u2019un salon de la caf\u00e9 society. Ses lignes gracieuses et son profil sculptural insufflent une sophistication intemporelle \u00e0 tout espace.<\/p>\n<p data-start=\"700\" data-end=\"1063\">Habill\u00e9 de mati\u00e8res somptueuses telles que le velours <em data-start=\"754\" data-end=\"767\">Adamo &amp; Eva<\/em> de chez Dedar, et dot\u00e9 d\u2019une coque ext\u00e9rieure ainsi que d\u2019un socle en cuir souple, le fauteuil Ebisu s\u00e9duit par son allure autant que par son confort. Ses proportions r\u00e9fl\u00e9chies et ses d\u00e9tails artisanaux en font une pi\u00e8ce aussi raffin\u00e9e que polyvalente, id\u00e9ale pour les int\u00e9rieurs contemporains.<\/p>\n","protected":false},"excerpt":{"rendered":"<p>Fauteuil photographi\u00e9 ici en Dedar Adamo &amp; Eva, couleur Mousse<br \/>\n<a href=\"https:\/\/theinvisiblecollection.com\/wp-content\/uploads\/2022\/01\/TheInvisibleCollection_FabricSelection_Charlotte-Biltgen.pdf\" target=\"_blank\" rel=\"noopener\"><span style=\"text-decoration: underline;\">D\u00e9couvrez la s\u00e9lection de tissus ici<\/span><\/a><br \/>\nExt\u00e9rieur et base photographi\u00e9s ici en cuir LLG Touch, col. 607<br \/>\n<a href=\"https:\/\/theinvisiblecollection.com\/wp-content\/uploads\/2022\/01\/TheInvisibleCollection_Leather-Selection_LeatherLLGTouch.pdf\" target=\"_blank\" rel=\"noopener\"><span style=\"text-decoration: underline;\">D\u00e9couvrez la s\u00e9lection de cuirs ici<\/span><\/a><br \/>\n\u00c9galement disponible en version enti\u00e8rement tissu et en blanc sans tissu<br \/>\nDimensions et tissus sur-mesure sur demande<\/p>\n<p>L 94 x l 80 x H 68 cm<br \/>\nHauteur d\u2019assise : 40 cm<br \/>\nHauteur des accoudoirs : 67 cm<\/p>\n<p><span style=\"text-decoration: underline;\">Fauteuil en tissu et cuir<\/span><br \/>\nCuir requis : 5 m<br \/>\nTissu requis : 4.5 m<\/p>\n<p><span style=\"text-decoration: underline;\">Fauteuil en tissu<\/span><br \/>\nTissu requis : 7 m (ext\u00e9rieur 2.5 m et int\u00e9rieur 4.5 m)<\/p>\n<p>Fabriqu\u00e9 \u00e0 la main en France<br \/>\nD\u00e9lais de production : 12 semaines<\/p>\n<p><span style=\"text-decoration: underline;\"><a tabindex=\"-1\" title=\"https:\/\/www.theinvisiblecollection.com\/fr\/demande-de-devis\/?product_id=48547\" href=\"https:\/\/www.theinvisiblecollection.com\/fr\/demande-de-devis\/?product_id=112734\" target=\"_blank\" rel=\"noreferrer noopener\">Contactez-nous pour toute demande de devis ou de renseignements<\/a><\/span><\/p>\n","protected":false},"featured_media":1982626,"template":"","meta":{"_acf_changed":false,"content-type":"","_themeisle_gutenberg_block_has_review":false},"product_brand":[],"product_cat":[8945,12499,13076],"product_tag":[14844,14845],"product_designer":[8923],"comfabric":[29352],"manufacturer":[20337],"reporting_designer":[37452],"samplecomfabric":[30114],"designer_clubroom":[],"class_list":{"0":"post-112734","1":"product","2":"type-product","3":"status-publish","4":"has-post-thumbnail","6":"product_cat-fauteuils","7":"product_cat-assises","8":"product_cat-bureau-a-la-maison","9":"product_tag-hpsa-fr","10":"product_tag-hptm-fr","11":"pa_choice-avec-pivotement","12":"pa_choice-sans-pivotement","13":"pa_fabric-bisson-bruneel-bergamo-interieur-exterieur","14":"pa_fabric-dedar-karakorum-interieur-exterieur","15":"pa_fabric-en-blanc-sans-tissu-interieur-cuir-llg-touch-exterieur","16":"pa_fabric-en-blanc-sans-tissu-interieur-exterieur","17":"pa_fabric-tissu-pierre-frey-georges","18":"pa_fabric-velvet-dedar-adamo-eva-interieur-leather-llg-touch-exterieur","19":"pa_fabric-velvet-dedar-vladimiro-interieur-leather-llg-touch-exterieur","20":"product_designer-charlotte-biltgen-fr","21":"comfabric-aura-fr","22":"manufacturer-roissy-emballage-c-o-consulttransport-fr","23":"reporting_designer-charlotte-biltgen","24":"samplecomfabric-charlotte-biltgen-fr","26":"first","27":"instock","28":"taxable","29":"shipping-taxable","30":"purchasable","31":"product-type-variable"},"acf":[],"_links":{"self":[{"href":"https:\/\/theinvisiblecollection.com\/fr\/wp-json\/wp\/v2\/product\/112734","targetHints":{"allow":["GET"]}}],"collection":[{"href":"https:\/\/theinvisiblecollection.com\/fr\/wp-json\/wp\/v2\/product"}],"about":[{"href":"https:\/\/theinvisiblecollection.com\/fr\/wp-json\/wp\/v2\/types\/product"}],"wp:featuredmedia":[{"embeddable":true,"href":"https:\/\/theinvisiblecollection.com\/fr\/wp-json\/wp\/v2\/media\/1982626"}],"wp:attachment":[{"href":"https:\/\/theinvisiblecollection.com\/fr\/wp-json\/wp\/v2\/media?parent=112734"}],"wp:term":[{"taxonomy":"product_brand","embeddable":true,"href":"https:\/\/theinvisiblecollection.com\/fr\/wp-json\/wp\/v2\/product_brand?post=112734"},{"taxonomy":"product_cat","embeddable":true,"href":"https:\/\/theinvisiblecollection.com\/fr\/wp-json\/wp\/v2\/product_cat?post=112734"},{"taxonomy":"product_tag","embeddable":true,"href":"https:\/\/theinvisiblecollection.com\/fr\/wp-json\/wp\/v2\/product_tag?post=112734"},{"taxonomy":"product_designer","embeddable":true,"href":"https:\/\/theinvisiblecollection.com\/fr\/wp-json\/wp\/v2\/product_designer?post=112734"},{"taxonomy":"comfabric","embeddable":true,"href":"https:\/\/theinvisiblecollection.com\/fr\/wp-json\/wp\/v2\/comfabric?post=112734"},{"taxonomy":"manufacturer","embeddable":true,"href":"https:\/\/theinvisiblecollection.com\/fr\/wp-json\/wp\/v2\/manufacturer?post=112734"},{"taxonomy":"reporting_designer","embeddable":true,"href":"https:\/\/theinvisiblecollection.com\/fr\/wp-json\/wp\/v2\/reporting_designer?post=112734"},{"taxonomy":"samplecomfabric","embeddable":true,"href":"https:\/\/theinvisiblecollection.com\/fr\/wp-json\/wp\/v2\/samplecomfabric?post=112734"},{"taxonomy":"clubroom_product_designer","embeddable":true,"href":"https:\/\/theinvisiblecollection.com\/fr\/wp-json\/wp\/v2\/designer_clubroom?post=112734"}],"curies":[{"name":"wp","href":"https:\/\/api.w.org\/{rel}","templated":true}]}}