{"id":114054,"date":"2022-01-17T17:38:20","date_gmt":"2022-01-17T16:38:20","guid":{"rendered":"https:\/\/theinvisiblecollection.com\/?post_type=product&#038;p=114054"},"modified":"2026-05-08T04:40:17","modified_gmt":"2026-05-08T04:40:17","slug":"uchronia-table-a-manger-peanut","status":"publish","type":"product","link":"https:\/\/theinvisiblecollection.com\/fr\/produit\/uchronia-table-a-manger-peanut\/","title":{"rendered":"Table \u00c0 Manger Peanut"},"content":{"rendered":"<div>\n<div>\n<p style=\"text-align: justify;\">La table \u00e0 manger \u00ab Peanut \u00bb se distingue par son \u00e9l\u00e9gant plateau en Raku. Le Raku, une technique de c\u00e9ramique d\u2019origine japonaise, repose sur une cuisson r\u00e9p\u00e9t\u00e9e dans des bains de feu, r\u00e9v\u00e9lant ainsi de d\u00e9licates craquelures. Elle se d\u00e9cline en plusieurs finitions, laque, pierre de lave \u00e9maill\u00e9e, ou encore couleurs d\u00e9grad\u00e9s.<\/p>\n<\/div>\n<div>\n<p style=\"text-align: justify;\">Chaque pi\u00e8ce est unique en raison de sa nature artisanale, les craquelures et les teintes varient l\u00e9g\u00e8rement.<\/p>\n<\/div>\n<\/div>\n","protected":false},"excerpt":{"rendered":"<p>Table avec plateau en raku violet et orange<br \/>\n<a href=\"https:\/\/theinvisiblecollection.com\/wp-content\/uploads\/2022\/01\/TheInvisibleCollection_Uchronia_RakuSelection2.pdf\" target=\"_blank\" rel=\"noopener\"><span style=\"text-decoration: underline;\">D\u00e9couvrez la s\u00e9lection de raku ici<\/span><\/a><br \/>\nPi\u00e8tement photographi\u00e9 ici en Louro Faia<br \/>\n<a href=\"https:\/\/theinvisiblecollection.com\/wp-content\/uploads\/2022\/01\/TheInvisibleCollection-Uchronia-_-WoodSelection_PeanutTable.pdf\" target=\"_blank\" rel=\"noopener\"><span style=\"text-decoration: underline;\">D\u00e9couvrez la s\u00e9lection de bois ici<\/span><\/a><br \/>\nCouleurs, dimensions et mat\u00e9riaux sur-mesure sur demande<\/p>\n<p>L 280 x l 125 x H 78 cm<\/p>\n<p>Fabriqu\u00e9e \u00e0 la main en France<br \/>\nD\u00e9lais de fabrication : 14 semaines<\/p>\n<p class=\"p1\"><span style=\"text-decoration: underline;\"><span class=\"s1\"><a href=\"https:\/\/www.theinvisiblecollection.com\/fr\/demande-de-devis\/?product_id=114054\" target=\"_blank\" rel=\"noopener\">Contactez-nous pour toute demande de devis ou de renseignements<\/a><\/span><\/span><\/p>\n","protected":false},"featured_media":114367,"template":"","meta":{"_acf_changed":false,"content-type":"","_themeisle_gutenberg_block_has_review":false},"product_brand":[],"product_cat":[8977,12503],"product_tag":[14844,14845],"product_designer":[15211],"comfabric":[],"manufacturer":[21202],"reporting_designer":[37287],"samplecomfabric":[],"designer_clubroom":[],"class_list":{"0":"post-114054","1":"product","2":"type-product","3":"status-publish","4":"has-post-thumbnail","6":"product_cat-tables-salle-a-manger","7":"product_cat-tables-fr","8":"product_tag-hpsa-fr","9":"product_tag-hptm-fr","10":"product_designer-uchronia-fr","11":"manufacturer-atelier-uchronia-paris-fr","12":"reporting_designer-uchronia","14":"first","15":"instock","16":"taxable","17":"shipping-taxable","18":"purchasable","19":"product-type-variable"},"acf":[],"_links":{"self":[{"href":"https:\/\/theinvisiblecollection.com\/fr\/wp-json\/wp\/v2\/product\/114054","targetHints":{"allow":["GET"]}}],"collection":[{"href":"https:\/\/theinvisiblecollection.com\/fr\/wp-json\/wp\/v2\/product"}],"about":[{"href":"https:\/\/theinvisiblecollection.com\/fr\/wp-json\/wp\/v2\/types\/product"}],"wp:featuredmedia":[{"embeddable":true,"href":"https:\/\/theinvisiblecollection.com\/fr\/wp-json\/wp\/v2\/media\/114367"}],"wp:attachment":[{"href":"https:\/\/theinvisiblecollection.com\/fr\/wp-json\/wp\/v2\/media?parent=114054"}],"wp:term":[{"taxonomy":"product_brand","embeddable":true,"href":"https:\/\/theinvisiblecollection.com\/fr\/wp-json\/wp\/v2\/product_brand?post=114054"},{"taxonomy":"product_cat","embeddable":true,"href":"https:\/\/theinvisiblecollection.com\/fr\/wp-json\/wp\/v2\/product_cat?post=114054"},{"taxonomy":"product_tag","embeddable":true,"href":"https:\/\/theinvisiblecollection.com\/fr\/wp-json\/wp\/v2\/product_tag?post=114054"},{"taxonomy":"product_designer","embeddable":true,"href":"https:\/\/theinvisiblecollection.com\/fr\/wp-json\/wp\/v2\/product_designer?post=114054"},{"taxonomy":"comfabric","embeddable":true,"href":"https:\/\/theinvisiblecollection.com\/fr\/wp-json\/wp\/v2\/comfabric?post=114054"},{"taxonomy":"manufacturer","embeddable":true,"href":"https:\/\/theinvisiblecollection.com\/fr\/wp-json\/wp\/v2\/manufacturer?post=114054"},{"taxonomy":"reporting_designer","embeddable":true,"href":"https:\/\/theinvisiblecollection.com\/fr\/wp-json\/wp\/v2\/reporting_designer?post=114054"},{"taxonomy":"samplecomfabric","embeddable":true,"href":"https:\/\/theinvisiblecollection.com\/fr\/wp-json\/wp\/v2\/samplecomfabric?post=114054"},{"taxonomy":"clubroom_product_designer","embeddable":true,"href":"https:\/\/theinvisiblecollection.com\/fr\/wp-json\/wp\/v2\/designer_clubroom?post=114054"}],"curies":[{"name":"wp","href":"https:\/\/api.w.org\/{rel}","templated":true}]}}