{"id":114056,"date":"2022-01-17T17:38:21","date_gmt":"2022-01-17T16:38:21","guid":{"rendered":"https:\/\/theinvisiblecollection.com\/?post_type=product&#038;p=114056"},"modified":"2026-05-01T07:39:04","modified_gmt":"2026-05-01T07:39:04","slug":"uchronia-table-haute-cookie","status":"publish","type":"product","link":"https:\/\/theinvisiblecollection.com\/fr\/produit\/uchronia-table-haute-cookie\/","title":{"rendered":"Table Haute Cookie"},"content":{"rendered":"<div>\n<div>\n<p style=\"text-align: justify;\">La table basse Cookie se distingue par son \u00e9l\u00e9gant plateau en Raku, ponctu\u00e9e de trois cercles de bois. Son design \u00e9voque la forme gourmande des biscuits cookies. Le Raku, une technique de c\u00e9ramique d\u2019origine japonaise, repose sur une cuisson r\u00e9p\u00e9t\u00e9e dans des bains de feu, r\u00e9v\u00e9lant ainsi de d\u00e9licates craquelures. Elle se d\u00e9cline en plusieurs finitions, laque, pierre de lave \u00e9maill\u00e9e, ou encore couleurs d\u00e9grad\u00e9s. Initialement con\u00e7ue pour la librairie du Mus\u00e9e d\u2019Art Moderne de Paris, cette table a depuis int\u00e9gr\u00e9 la collection de mobilier Univers Uchronia.<\/p>\n<\/div>\n<div>\n<p style=\"text-align: justify;\">Chaque pi\u00e8ce est unique en raison de sa nature artisanale, les craquelures et les teintes varient l\u00e9g\u00e8rement.<\/p>\n<\/div>\n<\/div>\n","protected":false},"excerpt":{"rendered":"<p>Table avec plateau en raku blanc<br \/>\n<a href=\"https:\/\/theinvisiblecollection.com\/wp-content\/uploads\/2022\/01\/TheInvisibleCollection_Uchronia_RakuSelection2.pdf\" target=\"_blank\" rel=\"noopener\"><span style=\"text-decoration: underline;\">D\u00e9couvrez la s\u00e9lection de raku ici<\/span><\/a><br \/>\nPi\u00e8tement photographi\u00e9 ici en noyer<br \/>\n<a href=\"https:\/\/theinvisiblecollection.com\/wp-content\/uploads\/2022\/01\/TheInvisibleCollection_Uchronia-_WoodSelectionBambi.pdf\" target=\"_blank\" rel=\"noopener\"><span style=\"text-decoration: underline;\">D\u00e9couvrez la s\u00e9lection de bois ici<\/span><\/a><br \/>\nCouleurs, dimensions et mat\u00e9riaux sur-mesure sur demande<br \/>\n\u00c9galement disponible en version <a href=\"https:\/\/theinvisiblecollection.com\/fr\/product\/uchronia-table-basse-cookie-1\/\" target=\"_blank\" rel=\"noopener\"><span style=\"text-decoration: underline;\">table basse<\/span><\/a><\/p>\n<p>L 100 x l 100 x H 76 cm<\/p>\n<p>Fabriqu\u00e9e \u00e0 la main en France<br \/>\nD\u00e9lais de fabrication : 14 semaines<\/p>\n<p class=\"p1\"><span style=\"text-decoration: underline;\"><span class=\"s1\"><a href=\"https:\/\/www.theinvisiblecollection.com\/fr\/demande-de-devis\/?product_id=114956\" target=\"_blank\" rel=\"noopener\">Contactez-nous pour toute demande de devis ou de renseignements<\/a><\/span><\/span><\/p>\n","protected":false},"featured_media":114403,"template":"","meta":{"_acf_changed":false,"content-type":"","_themeisle_gutenberg_block_has_review":false},"product_brand":[],"product_cat":[7509,12332,12503],"product_tag":[31475,31477,35326],"product_designer":[15211],"comfabric":[],"manufacturer":[21202],"reporting_designer":[37287],"samplecomfabric":[],"designer_clubroom":[],"class_list":{"0":"post-114056","1":"product","2":"type-product","3":"status-publish","4":"has-post-thumbnail","6":"product_cat-tables-basses-dappoint","7":"product_cat-tables-dappoint","8":"product_cat-tables-fr","9":"product_tag-st-ceramic-fr","10":"product_tag-st-curvy-fr","11":"product_tag-st-scandinavian-fr","12":"product_designer-uchronia-fr","13":"manufacturer-atelier-uchronia-paris-fr","14":"reporting_designer-uchronia","16":"first","17":"instock","18":"taxable","19":"shipping-taxable","20":"purchasable","21":"product-type-variable"},"acf":[],"_links":{"self":[{"href":"https:\/\/theinvisiblecollection.com\/fr\/wp-json\/wp\/v2\/product\/114056","targetHints":{"allow":["GET"]}}],"collection":[{"href":"https:\/\/theinvisiblecollection.com\/fr\/wp-json\/wp\/v2\/product"}],"about":[{"href":"https:\/\/theinvisiblecollection.com\/fr\/wp-json\/wp\/v2\/types\/product"}],"wp:featuredmedia":[{"embeddable":true,"href":"https:\/\/theinvisiblecollection.com\/fr\/wp-json\/wp\/v2\/media\/114403"}],"wp:attachment":[{"href":"https:\/\/theinvisiblecollection.com\/fr\/wp-json\/wp\/v2\/media?parent=114056"}],"wp:term":[{"taxonomy":"product_brand","embeddable":true,"href":"https:\/\/theinvisiblecollection.com\/fr\/wp-json\/wp\/v2\/product_brand?post=114056"},{"taxonomy":"product_cat","embeddable":true,"href":"https:\/\/theinvisiblecollection.com\/fr\/wp-json\/wp\/v2\/product_cat?post=114056"},{"taxonomy":"product_tag","embeddable":true,"href":"https:\/\/theinvisiblecollection.com\/fr\/wp-json\/wp\/v2\/product_tag?post=114056"},{"taxonomy":"product_designer","embeddable":true,"href":"https:\/\/theinvisiblecollection.com\/fr\/wp-json\/wp\/v2\/product_designer?post=114056"},{"taxonomy":"comfabric","embeddable":true,"href":"https:\/\/theinvisiblecollection.com\/fr\/wp-json\/wp\/v2\/comfabric?post=114056"},{"taxonomy":"manufacturer","embeddable":true,"href":"https:\/\/theinvisiblecollection.com\/fr\/wp-json\/wp\/v2\/manufacturer?post=114056"},{"taxonomy":"reporting_designer","embeddable":true,"href":"https:\/\/theinvisiblecollection.com\/fr\/wp-json\/wp\/v2\/reporting_designer?post=114056"},{"taxonomy":"samplecomfabric","embeddable":true,"href":"https:\/\/theinvisiblecollection.com\/fr\/wp-json\/wp\/v2\/samplecomfabric?post=114056"},{"taxonomy":"clubroom_product_designer","embeddable":true,"href":"https:\/\/theinvisiblecollection.com\/fr\/wp-json\/wp\/v2\/designer_clubroom?post=114056"}],"curies":[{"name":"wp","href":"https:\/\/api.w.org\/{rel}","templated":true}]}}