{"id":114060,"date":"2022-01-17T17:38:22","date_gmt":"2022-01-17T16:38:22","guid":{"rendered":"https:\/\/theinvisiblecollection.com\/?post_type=product&#038;p=114060"},"modified":"2026-05-01T07:39:04","modified_gmt":"2026-05-01T07:39:04","slug":"uchronia-plateau-daisy","status":"publish","type":"product","link":"https:\/\/theinvisiblecollection.com\/fr\/produit\/uchronia-plateau-daisy\/","title":{"rendered":"Plateau Daisy"},"content":{"rendered":"<div>\n<div>\n<p style=\"text-align: justify;\">Les plateaux Daisy incarne une fusion parfaite entre tradition artisanale et design contemporain. Con\u00e7ue avec soin, elle est r\u00e9alis\u00e9e en stuc marbre, une technique ancestrale qui remonte \u00e0 plusieurs si\u00e8cles. Le stuc marbre est un mat\u00e9riau noble, fruit d\u2019un m\u00e9lange subtil de pl\u00e2tre et de pigments naturels, qui, une fois appliqu\u00e9 et model\u00e9, s\u00e8che lentement \u00e0 l\u2019air libre, laissant place \u00e0 des nuances uniques et une texture fascinante. Ce processus traditionnel conf\u00e8re \u00e0 chaque pi\u00e8ce une individualit\u00e9 propre, tout en conservant l\u2019authenticit\u00e9 de la m\u00e9thode artisanale. Le dessin de ces plateaux reprend la forme d\u2019une fleur, un motif qui fait \u00e9cho \u00e0 l\u2019esth\u00e9tique distincte d\u2019Uchronia. Le choix de la fleur comme \u00e9l\u00e9ment central rappelle la beaut\u00e9 organique et le raffinement, tout en offrant au plateau une fluidit\u00e9 et une l\u00e9g\u00e8ret\u00e9 visuelle. Cette technique s\u2019est \u00e9galement d\u00e9riv\u00e9e en tables.<\/p>\n<\/div>\n<div>\n<p style=\"text-align: justify;\">Chaque pi\u00e8ce est unique en raison de sa nature artisanale, les teintes varient l\u00e9g\u00e8rement.<\/p>\n<\/div>\n<\/div>\n","protected":false},"excerpt":{"rendered":"<p>Plat avec plateau en Stuc marbre<br \/>\n<a href=\"https:\/\/theinvisiblecollection.com\/wp-content\/uploads\/2022\/01\/TheInvisibleCollection_Uchronia_-Stuccomarble-Selection2.pdf\" target=\"_blank\" rel=\"noopener\"><span style=\"text-decoration: underline;\">D\u00e9couvrez la s\u00e9lection de Stuc marbres ici<\/span><\/a><br \/>\nFinition matte<br \/>\nCouleurs, dimensions et mat\u00e9riaux sur-mesure sur demande<\/p>\n<p>Petit : \u00d8 33 x H 8 cm<br \/>\nMedium : \u00d8 39 x H 8 cm<br \/>\nGrand : \u00d8 46.5 x H 8 cm<\/p>\n<p>Fabriqu\u00e9 \u00e0 la main en France<br \/>\nD\u00e9lais de fabrication : 14 semaines<\/p>\n<p class=\"p1\"><span style=\"text-decoration: underline;\"><span class=\"s1\"><a href=\"https:\/\/www.theinvisiblecollection.com\/fr\/demande-de-devis\/?product_id=114060\" target=\"_blank\" rel=\"noopener\">Contactez-nous pour toute demande de devis ou de renseignements<\/a><\/span><\/span><\/p>\n","protected":false},"featured_media":121587,"template":"","meta":{"_acf_changed":false,"content-type":"","_themeisle_gutenberg_block_has_review":false},"product_brand":[],"product_cat":[7517,12535,16319],"product_tag":[],"product_designer":[15211],"comfabric":[],"manufacturer":[21200],"reporting_designer":[37287],"samplecomfabric":[],"designer_clubroom":[],"class_list":{"0":"post-114060","1":"product","2":"type-product","3":"status-publish","4":"has-post-thumbnail","6":"product_cat-deco-fr","7":"product_cat-arts-de-la-table","8":"product_cat-cartes-cadeaux","9":"pa_size-grand-fr","10":"pa_size-moyen-fr","11":"pa_size-petit-fr","12":"product_designer-uchronia-fr","13":"manufacturer-atelier-uchronia-arles-fr","14":"reporting_designer-uchronia","16":"first","17":"instock","18":"taxable","19":"shipping-taxable","20":"purchasable","21":"product-type-variable"},"acf":[],"_links":{"self":[{"href":"https:\/\/theinvisiblecollection.com\/fr\/wp-json\/wp\/v2\/product\/114060","targetHints":{"allow":["GET"]}}],"collection":[{"href":"https:\/\/theinvisiblecollection.com\/fr\/wp-json\/wp\/v2\/product"}],"about":[{"href":"https:\/\/theinvisiblecollection.com\/fr\/wp-json\/wp\/v2\/types\/product"}],"wp:featuredmedia":[{"embeddable":true,"href":"https:\/\/theinvisiblecollection.com\/fr\/wp-json\/wp\/v2\/media\/121587"}],"wp:attachment":[{"href":"https:\/\/theinvisiblecollection.com\/fr\/wp-json\/wp\/v2\/media?parent=114060"}],"wp:term":[{"taxonomy":"product_brand","embeddable":true,"href":"https:\/\/theinvisiblecollection.com\/fr\/wp-json\/wp\/v2\/product_brand?post=114060"},{"taxonomy":"product_cat","embeddable":true,"href":"https:\/\/theinvisiblecollection.com\/fr\/wp-json\/wp\/v2\/product_cat?post=114060"},{"taxonomy":"product_tag","embeddable":true,"href":"https:\/\/theinvisiblecollection.com\/fr\/wp-json\/wp\/v2\/product_tag?post=114060"},{"taxonomy":"product_designer","embeddable":true,"href":"https:\/\/theinvisiblecollection.com\/fr\/wp-json\/wp\/v2\/product_designer?post=114060"},{"taxonomy":"comfabric","embeddable":true,"href":"https:\/\/theinvisiblecollection.com\/fr\/wp-json\/wp\/v2\/comfabric?post=114060"},{"taxonomy":"manufacturer","embeddable":true,"href":"https:\/\/theinvisiblecollection.com\/fr\/wp-json\/wp\/v2\/manufacturer?post=114060"},{"taxonomy":"reporting_designer","embeddable":true,"href":"https:\/\/theinvisiblecollection.com\/fr\/wp-json\/wp\/v2\/reporting_designer?post=114060"},{"taxonomy":"samplecomfabric","embeddable":true,"href":"https:\/\/theinvisiblecollection.com\/fr\/wp-json\/wp\/v2\/samplecomfabric?post=114060"},{"taxonomy":"clubroom_product_designer","embeddable":true,"href":"https:\/\/theinvisiblecollection.com\/fr\/wp-json\/wp\/v2\/designer_clubroom?post=114060"}],"curies":[{"name":"wp","href":"https:\/\/api.w.org\/{rel}","templated":true}]}}