{"id":114063,"date":"2022-01-17T17:38:23","date_gmt":"2022-01-17T16:38:23","guid":{"rendered":"https:\/\/theinvisiblecollection.com\/?post_type=product&#038;p=114063"},"modified":"2026-05-08T04:40:17","modified_gmt":"2026-05-08T04:40:17","slug":"uchronia-fauteuil-confident-sunny","status":"publish","type":"product","link":"https:\/\/theinvisiblecollection.com\/fr\/produit\/uchronia-fauteuil-confident-sunny\/","title":{"rendered":"Fauteuil Confident Sunny"},"content":{"rendered":"<p style=\"text-align: justify;\">Le fauteuil \u00ab Sunny \u00bb, un v\u00e9ritable rayon de soleil qui illumine et transforme votre int\u00e9rieur. Inspir\u00e9 du fauteuil confident de l\u2019\u00e9poque napol\u00e9onienne, Uchronia offre une r\u00e9interpr\u00e9tation moderne et \u00e9l\u00e9gante de cette forme classique. \u00c0 l\u2019image d\u2019un soleil levant, ce fauteuil incarne \u00e0 la fois la lumi\u00e8re et l\u2019artisanat d\u2019exception, sublimant chaque espace avec une touche unique. Ses finitions soign\u00e9es, qui allient tradition et innovation, r\u00e9v\u00e8lent l\u2019excellence du savoir-faire fran\u00e7ais : des placages en bois soigneusement travaill\u00e9s, des laques raffin\u00e9es et des peintures en d\u00e9grad\u00e9 subtilement appliqu\u00e9es.<br \/>\nChaque pi\u00e8ce est unique en raison de sa nature artisanale, la couleur des essences de bois varient l\u00e9g\u00e8rement.<\/p>\n","protected":false},"excerpt":{"rendered":"<p>Chaise 2 places photographi\u00e9e ici en Wiener Garten, couleur: orange<br \/>\n<a href=\"https:\/\/theinvisiblecollection.com\/wp-content\/uploads\/2022\/01\/TheInvisibleCollection_Uchronia-_-FabricSelection.pdf\" target=\"_blank\" rel=\"noopener\"><span style=\"text-decoration: underline;\">D\u00e9couvrez la s\u00e9lection de tissus ici<\/span><\/a><br \/>\nStructure en loupe de peuplier avec coins en ch\u00eane violet<br \/>\n<a href=\"https:\/\/theinvisiblecollection.com\/wp-content\/uploads\/2022\/01\/TheInvisibleCollection_Uchronia_WoodSelection_Sunny.pdf\" target=\"_blank\" rel=\"noopener\"><span style=\"text-decoration: underline;\">D\u00e9couvrez la s\u00e9lection de bois ici<\/span><\/a><br \/>\nFinition matte ou brillante<br \/>\n\u00c9galement disponible en blanc avec le tissu de votre choix<br \/>\nCouleurs, dimensions et mat\u00e9riaux sur-mesure sur demande<\/p>\n<p>L 125 x l 60 x H 80 cm<br \/>\nHauteur d&#8217;assise : 45 cm<br \/>\nTissus requis : 2 m<\/p>\n<p>Fabriqu\u00e9e \u00e0 la main en France<br \/>\nD\u00e9lais de fabrication : 14 semaines<\/p>\n<p class=\"p1\"><span style=\"text-decoration: underline;\"><span class=\"s1\"><a href=\"https:\/\/www.theinvisiblecollection.com\/fr\/demande-de-devis\/?product_id=114063\" target=\"_blank\" rel=\"noopener\">Contactez-nous pour toute demande de devis ou de renseignements<\/a><\/span><\/span><\/p>\n","protected":false},"featured_media":115236,"template":"","meta":{"_acf_changed":false,"content-type":"","_themeisle_gutenberg_block_has_review":false},"product_brand":[],"product_cat":[8962,12499],"product_tag":[],"product_designer":[15211],"comfabric":[],"manufacturer":[21202],"reporting_designer":[37287],"samplecomfabric":[],"designer_clubroom":[],"class_list":{"0":"post-114063","1":"product","2":"type-product","3":"status-publish","4":"has-post-thumbnail","6":"product_cat-chaises","7":"product_cat-assises","8":"product_designer-uchronia-fr","9":"manufacturer-atelier-uchronia-paris-fr","10":"reporting_designer-uchronia","12":"first","13":"instock","14":"taxable","15":"shipping-taxable","16":"purchasable","17":"product-type-variable"},"acf":[],"_links":{"self":[{"href":"https:\/\/theinvisiblecollection.com\/fr\/wp-json\/wp\/v2\/product\/114063","targetHints":{"allow":["GET"]}}],"collection":[{"href":"https:\/\/theinvisiblecollection.com\/fr\/wp-json\/wp\/v2\/product"}],"about":[{"href":"https:\/\/theinvisiblecollection.com\/fr\/wp-json\/wp\/v2\/types\/product"}],"wp:featuredmedia":[{"embeddable":true,"href":"https:\/\/theinvisiblecollection.com\/fr\/wp-json\/wp\/v2\/media\/115236"}],"wp:attachment":[{"href":"https:\/\/theinvisiblecollection.com\/fr\/wp-json\/wp\/v2\/media?parent=114063"}],"wp:term":[{"taxonomy":"product_brand","embeddable":true,"href":"https:\/\/theinvisiblecollection.com\/fr\/wp-json\/wp\/v2\/product_brand?post=114063"},{"taxonomy":"product_cat","embeddable":true,"href":"https:\/\/theinvisiblecollection.com\/fr\/wp-json\/wp\/v2\/product_cat?post=114063"},{"taxonomy":"product_tag","embeddable":true,"href":"https:\/\/theinvisiblecollection.com\/fr\/wp-json\/wp\/v2\/product_tag?post=114063"},{"taxonomy":"product_designer","embeddable":true,"href":"https:\/\/theinvisiblecollection.com\/fr\/wp-json\/wp\/v2\/product_designer?post=114063"},{"taxonomy":"comfabric","embeddable":true,"href":"https:\/\/theinvisiblecollection.com\/fr\/wp-json\/wp\/v2\/comfabric?post=114063"},{"taxonomy":"manufacturer","embeddable":true,"href":"https:\/\/theinvisiblecollection.com\/fr\/wp-json\/wp\/v2\/manufacturer?post=114063"},{"taxonomy":"reporting_designer","embeddable":true,"href":"https:\/\/theinvisiblecollection.com\/fr\/wp-json\/wp\/v2\/reporting_designer?post=114063"},{"taxonomy":"samplecomfabric","embeddable":true,"href":"https:\/\/theinvisiblecollection.com\/fr\/wp-json\/wp\/v2\/samplecomfabric?post=114063"},{"taxonomy":"clubroom_product_designer","embeddable":true,"href":"https:\/\/theinvisiblecollection.com\/fr\/wp-json\/wp\/v2\/designer_clubroom?post=114063"}],"curies":[{"name":"wp","href":"https:\/\/api.w.org\/{rel}","templated":true}]}}