{"id":114574,"date":"2021-10-01T19:08:27","date_gmt":"2021-10-01T18:08:27","guid":{"rendered":"https:\/\/theinvisiblecollection.com\/?post_type=product&#038;p=114574"},"modified":"2026-05-01T07:39:04","modified_gmt":"2026-05-01T07:39:04","slug":"haymann-editions-fauteuil-dartagnan-chene-noir","status":"publish","type":"product","link":"https:\/\/theinvisiblecollection.com\/fr\/produit\/haymann-editions-fauteuil-dartagnan-chene-noir\/","title":{"rendered":"Fauteuil Dartagnan Ch\u00eane Noir"},"content":{"rendered":"<p>Avec sa volont\u00e9 d\u2019aller \u00e0 l\u2019essentiel, Toni Grilo livre l\u2019ensemble\u00a0Dartagnan. Sa simplicit\u00e9 apparente cache une maitrise parfaite des courbes et proportions. Son\u00a0assise en forme de balan\u00e7oire surprend, \u00e9tonne. Le tout est un ensemble fin et aussi pr\u00e9cis que la\u00a0lame du fameux mousquetaire.<\/p>\n","protected":false},"excerpt":{"rendered":"<p>Dessin\u00e9 par Toni Grilo<br \/>\nFauteuil en bois avec assise en cuir<br \/>\n\u00c9galement disponible en <a href=\"https:\/\/theinvisiblecollection.com\/fr\/produit\/haymann-editions-fauteuil-dartagnan-noyer\/\" target=\"_blank\" rel=\"noopener\"><span style=\"text-decoration: underline;\">noyer<\/span><\/a> ou <a href=\"https:\/\/theinvisiblecollection.com\/fr\/produit\/haymann-editions-fauteuil-dartagnan-chene\/\" target=\"_blank\" rel=\"noopener\"><span style=\"text-decoration: underline;\">ch\u00eane<\/span><\/a><br \/>\n<span style=\"text-decoration: underline;\"><a href=\"https:\/\/theinvisiblecollection.com\/wp-content\/uploads\/2022\/06\/TheInvisibleCollection_HaymannEditions_LeatherSelection_DartagnanChair.pdf.pdf\" target=\"_blank\" rel=\"noopener\">D\u00e9couvrez la s\u00e9lection de cuirs ici<\/a><\/span><\/p>\n<p>L 75 x l 60 x H 73 cm<br \/>\nHauteur d&#8217;assise : 49 cm<\/p>\n<p>Fabriqu\u00e9 \u00e0 la main en Italie<br \/>\nD\u00e9lais de fabrication : 12 semaines<\/p>\n<p><span style=\"text-decoration: underline;\"><a href=\"https:\/\/www.theinvisiblecollection.com\/fr\/demande-de-devis\/?product_id=114574\" target=\"_blank\" rel=\"noopener\">Contactez-nous pour toute demande de devis ou de renseignement<\/a><\/span><\/p>\n","protected":false},"featured_media":114597,"template":"","meta":{"_acf_changed":false,"content-type":"","_themeisle_gutenberg_block_has_review":false},"product_brand":[],"product_cat":[8962,12499],"product_tag":[9001,9015,9017,9150,12465],"product_designer":[8919],"comfabric":[],"manufacturer":[20661],"reporting_designer":[37273],"samplecomfabric":[],"designer_clubroom":[],"class_list":{"0":"post-114574","1":"product","2":"type-product","3":"status-publish","4":"has-post-thumbnail","6":"product_cat-chaises","7":"product_cat-assises","8":"product_tag-chene","9":"product_tag-cuir","10":"product_tag-chaise","11":"product_tag-fauteuil-fr-2","12":"product_tag-walnut-fr","13":"product_designer-haymann-editions-fr","14":"manufacturer-22-service-fr","15":"reporting_designer-haymann-editions","17":"first","18":"instock","19":"taxable","20":"shipping-taxable","21":"purchasable","22":"product-type-variable"},"acf":[],"_links":{"self":[{"href":"https:\/\/theinvisiblecollection.com\/fr\/wp-json\/wp\/v2\/product\/114574","targetHints":{"allow":["GET"]}}],"collection":[{"href":"https:\/\/theinvisiblecollection.com\/fr\/wp-json\/wp\/v2\/product"}],"about":[{"href":"https:\/\/theinvisiblecollection.com\/fr\/wp-json\/wp\/v2\/types\/product"}],"wp:featuredmedia":[{"embeddable":true,"href":"https:\/\/theinvisiblecollection.com\/fr\/wp-json\/wp\/v2\/media\/114597"}],"wp:attachment":[{"href":"https:\/\/theinvisiblecollection.com\/fr\/wp-json\/wp\/v2\/media?parent=114574"}],"wp:term":[{"taxonomy":"product_brand","embeddable":true,"href":"https:\/\/theinvisiblecollection.com\/fr\/wp-json\/wp\/v2\/product_brand?post=114574"},{"taxonomy":"product_cat","embeddable":true,"href":"https:\/\/theinvisiblecollection.com\/fr\/wp-json\/wp\/v2\/product_cat?post=114574"},{"taxonomy":"product_tag","embeddable":true,"href":"https:\/\/theinvisiblecollection.com\/fr\/wp-json\/wp\/v2\/product_tag?post=114574"},{"taxonomy":"product_designer","embeddable":true,"href":"https:\/\/theinvisiblecollection.com\/fr\/wp-json\/wp\/v2\/product_designer?post=114574"},{"taxonomy":"comfabric","embeddable":true,"href":"https:\/\/theinvisiblecollection.com\/fr\/wp-json\/wp\/v2\/comfabric?post=114574"},{"taxonomy":"manufacturer","embeddable":true,"href":"https:\/\/theinvisiblecollection.com\/fr\/wp-json\/wp\/v2\/manufacturer?post=114574"},{"taxonomy":"reporting_designer","embeddable":true,"href":"https:\/\/theinvisiblecollection.com\/fr\/wp-json\/wp\/v2\/reporting_designer?post=114574"},{"taxonomy":"samplecomfabric","embeddable":true,"href":"https:\/\/theinvisiblecollection.com\/fr\/wp-json\/wp\/v2\/samplecomfabric?post=114574"},{"taxonomy":"clubroom_product_designer","embeddable":true,"href":"https:\/\/theinvisiblecollection.com\/fr\/wp-json\/wp\/v2\/designer_clubroom?post=114574"}],"curies":[{"name":"wp","href":"https:\/\/api.w.org\/{rel}","templated":true}]}}