{"id":1148510,"date":"2022-11-10T14:42:26","date_gmt":"2022-11-10T13:42:26","guid":{"rendered":"https:\/\/theinvisiblecollection.com\/?post_type=product&#038;p=1148510"},"modified":"2026-05-08T04:39:45","modified_gmt":"2026-05-08T04:39:45","slug":"metier-set-backgammon-buffalo-black","status":"publish","type":"product","link":"https:\/\/theinvisiblecollection.com\/fr\/produit\/metier-set-backgammon-buffalo-black\/","title":{"rendered":"Set Backgammon Buffalo Noir"},"content":{"rendered":"<p style=\"text-align: justify;\">Ce jeu de backgammon illustre le meilleur de l&#8217;artisanat avec sa marqueterie, ses coutures, ses pi\u00e8ces en cuir et ses d\u00e9s en bois. Il se roule facilement pour \u00eatre emport\u00e9 partout.<\/p>\n","protected":false},"excerpt":{"rendered":"<ul>\n<li>Composition : cuir de buffle<\/li>\n<\/ul>\n","protected":false},"featured_media":1365904,"template":"","meta":{"_acf_changed":false,"content-type":"","_themeisle_gutenberg_block_has_review":false},"product_brand":[],"product_cat":[16319,19973,19976],"product_tag":[22790],"product_designer":[],"comfabric":[],"manufacturer":[19874],"reporting_designer":[],"samplecomfabric":[],"designer_clubroom":[20489],"class_list":{"0":"post-1148510","1":"product","2":"type-product","3":"status-publish","4":"has-post-thumbnail","6":"clubroom_taxonomies-gift-room","7":"product_cat-cartes-cadeaux","8":"product_cat-accessoires-pour-la-maison","9":"product_cat-jeux","10":"product_tag-disponible-immediatement","11":"manufacturer-mtier-fr","12":"clubroom_product_designer-metier-fr","13":"exhibitions-paris-fr","15":"first","16":"instock","17":"taxable","18":"shipping-taxable","19":"purchasable","20":"product-type-simple"},"acf":[],"_links":{"self":[{"href":"https:\/\/theinvisiblecollection.com\/fr\/wp-json\/wp\/v2\/product\/1148510","targetHints":{"allow":["GET"]}}],"collection":[{"href":"https:\/\/theinvisiblecollection.com\/fr\/wp-json\/wp\/v2\/product"}],"about":[{"href":"https:\/\/theinvisiblecollection.com\/fr\/wp-json\/wp\/v2\/types\/product"}],"wp:featuredmedia":[{"embeddable":true,"href":"https:\/\/theinvisiblecollection.com\/fr\/wp-json\/wp\/v2\/media\/1365904"}],"wp:attachment":[{"href":"https:\/\/theinvisiblecollection.com\/fr\/wp-json\/wp\/v2\/media?parent=1148510"}],"wp:term":[{"taxonomy":"product_brand","embeddable":true,"href":"https:\/\/theinvisiblecollection.com\/fr\/wp-json\/wp\/v2\/product_brand?post=1148510"},{"taxonomy":"product_cat","embeddable":true,"href":"https:\/\/theinvisiblecollection.com\/fr\/wp-json\/wp\/v2\/product_cat?post=1148510"},{"taxonomy":"product_tag","embeddable":true,"href":"https:\/\/theinvisiblecollection.com\/fr\/wp-json\/wp\/v2\/product_tag?post=1148510"},{"taxonomy":"product_designer","embeddable":true,"href":"https:\/\/theinvisiblecollection.com\/fr\/wp-json\/wp\/v2\/product_designer?post=1148510"},{"taxonomy":"comfabric","embeddable":true,"href":"https:\/\/theinvisiblecollection.com\/fr\/wp-json\/wp\/v2\/comfabric?post=1148510"},{"taxonomy":"manufacturer","embeddable":true,"href":"https:\/\/theinvisiblecollection.com\/fr\/wp-json\/wp\/v2\/manufacturer?post=1148510"},{"taxonomy":"reporting_designer","embeddable":true,"href":"https:\/\/theinvisiblecollection.com\/fr\/wp-json\/wp\/v2\/reporting_designer?post=1148510"},{"taxonomy":"samplecomfabric","embeddable":true,"href":"https:\/\/theinvisiblecollection.com\/fr\/wp-json\/wp\/v2\/samplecomfabric?post=1148510"},{"taxonomy":"clubroom_product_designer","embeddable":true,"href":"https:\/\/theinvisiblecollection.com\/fr\/wp-json\/wp\/v2\/designer_clubroom?post=1148510"}],"curies":[{"name":"wp","href":"https:\/\/api.w.org\/{rel}","templated":true}]}}