{"id":115180,"date":"2021-10-01T00:00:00","date_gmt":"2021-09-30T23:00:00","guid":{"rendered":"https:\/\/theinvisiblecollection.com\/?post_type=product&#038;p=115180"},"modified":"2026-05-01T07:39:04","modified_gmt":"2026-05-01T07:39:04","slug":"haymann-editions-tabouret-dartagnan-rovere","status":"publish","type":"product","link":"https:\/\/theinvisiblecollection.com\/fr\/produit\/haymann-editions-tabouret-dartagnan-rovere\/","title":{"rendered":"Tabouret Dartagnan Rovere"},"content":{"rendered":"<p style=\"text-align: justify;\">Avec sa volont\u00e9 d\u2019aller \u00e0 l\u2019essentiel, Toni Grilo livre l\u2019ensemble Dartagnan. Sa simplicit\u00e9 apparente cache une maitrise parfaite des courbes et proportions. Son assise en forme de balan\u00e7oire surprend, \u00e9tonne. Le tout est un ensemble fin et aussi pr\u00e9cis que lalame du fameux mousquetaire.<\/p>\n","protected":false},"excerpt":{"rendered":"<p>Dessin\u00e9 par Toni Grilo<br \/>\nTabouret en bois avec assise en cuir<br \/>\n<span style=\"text-decoration: underline;\"><a href=\"https:\/\/theinvisiblecollection.com\/wp-content\/uploads\/2019\/01\/TheInvisibleCollection_Haymann_Editions_Wood_Selection.pdf\">D\u00e9couvrez les finitions de bois ici<\/a><\/span><br \/>\n<span style=\"text-decoration: underline;\"><a href=\"https:\/\/theinvisiblecollection.com\/wp-content\/uploads\/2022\/06\/TheInvisibleCollection_HaymannEditions_LeatherSelection_DartagnanChair.pdf.pdf\" target=\"_blank\" rel=\"noopener\">D\u00e9couvrez la s\u00e9lection de cuirs ici<\/a><\/span><\/p>\n<p>L 60 x l 48 x H 59 cm<br \/>\nHauteur d&#8217;assise : 49 cm<\/p>\n<p>Fabriqu\u00e9 \u00e0 la main en Italie<br \/>\nD\u00e9lais de fabrication : 12 semaines<\/p>\n<p><span style=\"text-decoration: underline;\"><a href=\"https:\/\/www.theinvisiblecollection.com\/fr\/demande-de-devis\/?product_id=115180\" target=\"_blank\" rel=\"noopener\">Contactez-nous pour toute demande de devis ou de renseignement<\/a><\/span><\/p>\n","protected":false},"featured_media":123769,"template":"","meta":{"_acf_changed":false,"content-type":"","_themeisle_gutenberg_block_has_review":false},"product_brand":[],"product_cat":[8969,12499],"product_tag":[8952,8993,9001,9015,9275,10366,12465,14546],"product_designer":[8919],"comfabric":[],"manufacturer":[20661],"reporting_designer":[37273],"samplecomfabric":[],"designer_clubroom":[],"class_list":{"0":"post-115180","1":"product","2":"type-product","3":"status-publish","4":"has-post-thumbnail","6":"product_cat-ottomans-tabourets","7":"product_cat-assises","8":"product_tag-bois-fr","9":"product_tag-salon","10":"product_tag-chene","11":"product_tag-cuir","12":"product_tag-tabouret-fr-2","13":"product_tag-table-salle-a-manger","14":"product_tag-walnut-fr","15":"product_tag-ottoman-fr-2","16":"product_designer-haymann-editions-fr","17":"manufacturer-22-service-fr","18":"reporting_designer-haymann-editions","20":"first","21":"instock","22":"taxable","23":"shipping-taxable","24":"purchasable","25":"product-type-variable"},"acf":[],"_links":{"self":[{"href":"https:\/\/theinvisiblecollection.com\/fr\/wp-json\/wp\/v2\/product\/115180","targetHints":{"allow":["GET"]}}],"collection":[{"href":"https:\/\/theinvisiblecollection.com\/fr\/wp-json\/wp\/v2\/product"}],"about":[{"href":"https:\/\/theinvisiblecollection.com\/fr\/wp-json\/wp\/v2\/types\/product"}],"wp:featuredmedia":[{"embeddable":true,"href":"https:\/\/theinvisiblecollection.com\/fr\/wp-json\/wp\/v2\/media\/123769"}],"wp:attachment":[{"href":"https:\/\/theinvisiblecollection.com\/fr\/wp-json\/wp\/v2\/media?parent=115180"}],"wp:term":[{"taxonomy":"product_brand","embeddable":true,"href":"https:\/\/theinvisiblecollection.com\/fr\/wp-json\/wp\/v2\/product_brand?post=115180"},{"taxonomy":"product_cat","embeddable":true,"href":"https:\/\/theinvisiblecollection.com\/fr\/wp-json\/wp\/v2\/product_cat?post=115180"},{"taxonomy":"product_tag","embeddable":true,"href":"https:\/\/theinvisiblecollection.com\/fr\/wp-json\/wp\/v2\/product_tag?post=115180"},{"taxonomy":"product_designer","embeddable":true,"href":"https:\/\/theinvisiblecollection.com\/fr\/wp-json\/wp\/v2\/product_designer?post=115180"},{"taxonomy":"comfabric","embeddable":true,"href":"https:\/\/theinvisiblecollection.com\/fr\/wp-json\/wp\/v2\/comfabric?post=115180"},{"taxonomy":"manufacturer","embeddable":true,"href":"https:\/\/theinvisiblecollection.com\/fr\/wp-json\/wp\/v2\/manufacturer?post=115180"},{"taxonomy":"reporting_designer","embeddable":true,"href":"https:\/\/theinvisiblecollection.com\/fr\/wp-json\/wp\/v2\/reporting_designer?post=115180"},{"taxonomy":"samplecomfabric","embeddable":true,"href":"https:\/\/theinvisiblecollection.com\/fr\/wp-json\/wp\/v2\/samplecomfabric?post=115180"},{"taxonomy":"clubroom_product_designer","embeddable":true,"href":"https:\/\/theinvisiblecollection.com\/fr\/wp-json\/wp\/v2\/designer_clubroom?post=115180"}],"curies":[{"name":"wp","href":"https:\/\/api.w.org\/{rel}","templated":true}]}}