{"id":115342,"date":"2021-10-01T11:08:31","date_gmt":"2021-10-01T10:08:31","guid":{"rendered":"https:\/\/theinvisiblecollection.com\/?post_type=product&#038;p=115342"},"modified":"2026-05-01T07:39:02","modified_gmt":"2026-05-01T07:39:02","slug":"tabouret-de-bar-dartagnan-grigio-1","status":"publish","type":"product","link":"https:\/\/theinvisiblecollection.com\/fr\/produit\/tabouret-de-bar-dartagnan-grigio-1\/","title":{"rendered":"Tabouret De Bar Dartagnan Grigio 1"},"content":{"rendered":"<p style=\"text-align: justify;\">Avec sa volont\u00e9 d\u2019aller \u00e0 l\u2019essentiel, Toni Grilo livre l\u2019ensemble Dartagnan. Sa simplicit\u00e9 apparente cache une maitrise parfaite des courbes et proportions. Son assise en forme de balan\u00e7oire surprend, \u00e9tonne. Le tout est un ensemble fin et aussi pr\u00e9cis que lalame du fameux mousquetaire.<\/p>\n<p>Quelques images pr\u00e9sent\u00e9es sont des visuels 3D de grande qualit\u00e9 con\u00e7us pour repr\u00e9senter notre mobilier fid\u00e8lement, bien qu\u2019ils ne puissent saisir chaque d\u00e9tail avec une pr\u00e9cision absolue.<\/p>\n","protected":false},"excerpt":{"rendered":"<p>Dessin\u00e9 par Toni Grilo<br \/>\nTabouret de bar en bois avec assise en cuir<br \/>\n<span style=\"text-decoration: underline;\"><a href=\"https:\/\/theinvisiblecollection.com\/wp-content\/uploads\/2019\/01\/TheInvisibleCollection_Haymann_Editions_Wood_Selection.pdf\" target=\"_blank\" rel=\"noopener\">D\u00e9couvrez les finitions de bois ici<\/a><\/span><br \/>\n<span style=\"text-decoration: underline;\"><a href=\"https:\/\/theinvisiblecollection.com\/wp-content\/uploads\/2022\/06\/TheInvisibleCollection_HaymannEditions_LeatherSelection_DartagnanChair.pdf.pdf\" target=\"_blank\" rel=\"noopener\">D\u00e9couvrez la s\u00e9lection de cuirs ici<\/a><\/span><\/p>\n<p>Disponible en deux dimensions :<br \/>\nL 54 x l 51 x H 96 cm<br \/>\nHauteur d&#8217;assise : 79 cm<br \/>\nL 54 x l 51 x H 81 cm<br \/>\nHauteur d&#8217;assise : 65 cm<\/p>\n<p>Fabriqu\u00e9 \u00e0 la main en Italie<br \/>\nD\u00e9lais de fabrication : 12 semaines<\/p>\n<p><span style=\"text-decoration: underline;\"><a href=\"https:\/\/www.theinvisiblecollection.com\/fr\/demande-de-devis\/?product_id=115342\" target=\"_blank\" rel=\"noopener\">Contactez-nous pour toute demande de devis ou de renseignement<\/a><\/span><\/p>\n","protected":false},"featured_media":123746,"template":"","meta":{"_acf_changed":false,"content-type":"","_themeisle_gutenberg_block_has_review":false},"product_brand":[],"product_cat":[8962,12499,34857],"product_tag":[35326,8952,9001,9015,9275,10904,10906,12465,31477],"product_designer":[8919],"comfabric":[],"manufacturer":[20661],"reporting_designer":[37273],"samplecomfabric":[],"designer_clubroom":[],"class_list":{"0":"post-115342","1":"product","2":"type-product","3":"status-publish","4":"has-post-thumbnail","6":"product_cat-chaises","7":"product_cat-assises","8":"product_cat-tabourets-de-bar","9":"product_tag-st-scandinavian-fr","10":"product_tag-bois-fr","11":"product_tag-chene","12":"product_tag-cuir","13":"product_tag-tabouret-fr-2","14":"product_tag-bar-fr","15":"product_tag-tabouret-de-bar","16":"product_tag-walnut-fr","17":"product_tag-st-curvy-fr","18":"pa_size-tabouret-de-bar","19":"pa_size-tabouret-de-comptoir","20":"product_designer-haymann-editions-fr","21":"manufacturer-22-service-fr","22":"reporting_designer-haymann-editions","24":"first","25":"instock","26":"taxable","27":"shipping-taxable","28":"purchasable","29":"product-type-variable"},"acf":[],"_links":{"self":[{"href":"https:\/\/theinvisiblecollection.com\/fr\/wp-json\/wp\/v2\/product\/115342","targetHints":{"allow":["GET"]}}],"collection":[{"href":"https:\/\/theinvisiblecollection.com\/fr\/wp-json\/wp\/v2\/product"}],"about":[{"href":"https:\/\/theinvisiblecollection.com\/fr\/wp-json\/wp\/v2\/types\/product"}],"wp:featuredmedia":[{"embeddable":true,"href":"https:\/\/theinvisiblecollection.com\/fr\/wp-json\/wp\/v2\/media\/123746"}],"wp:attachment":[{"href":"https:\/\/theinvisiblecollection.com\/fr\/wp-json\/wp\/v2\/media?parent=115342"}],"wp:term":[{"taxonomy":"product_brand","embeddable":true,"href":"https:\/\/theinvisiblecollection.com\/fr\/wp-json\/wp\/v2\/product_brand?post=115342"},{"taxonomy":"product_cat","embeddable":true,"href":"https:\/\/theinvisiblecollection.com\/fr\/wp-json\/wp\/v2\/product_cat?post=115342"},{"taxonomy":"product_tag","embeddable":true,"href":"https:\/\/theinvisiblecollection.com\/fr\/wp-json\/wp\/v2\/product_tag?post=115342"},{"taxonomy":"product_designer","embeddable":true,"href":"https:\/\/theinvisiblecollection.com\/fr\/wp-json\/wp\/v2\/product_designer?post=115342"},{"taxonomy":"comfabric","embeddable":true,"href":"https:\/\/theinvisiblecollection.com\/fr\/wp-json\/wp\/v2\/comfabric?post=115342"},{"taxonomy":"manufacturer","embeddable":true,"href":"https:\/\/theinvisiblecollection.com\/fr\/wp-json\/wp\/v2\/manufacturer?post=115342"},{"taxonomy":"reporting_designer","embeddable":true,"href":"https:\/\/theinvisiblecollection.com\/fr\/wp-json\/wp\/v2\/reporting_designer?post=115342"},{"taxonomy":"samplecomfabric","embeddable":true,"href":"https:\/\/theinvisiblecollection.com\/fr\/wp-json\/wp\/v2\/samplecomfabric?post=115342"},{"taxonomy":"clubroom_product_designer","embeddable":true,"href":"https:\/\/theinvisiblecollection.com\/fr\/wp-json\/wp\/v2\/designer_clubroom?post=115342"}],"curies":[{"name":"wp","href":"https:\/\/api.w.org\/{rel}","templated":true}]}}