{"id":115679,"date":"2021-10-01T00:00:00","date_gmt":"2021-09-30T23:00:00","guid":{"rendered":"https:\/\/theinvisiblecollection.com\/?post_type=product&#038;p=115679"},"modified":"2026-05-01T07:39:02","modified_gmt":"2026-05-01T07:39:02","slug":"chaise-dartagnan-rovere","status":"publish","type":"product","link":"https:\/\/theinvisiblecollection.com\/fr\/produit\/chaise-dartagnan-rovere\/","title":{"rendered":"Chaise Dartagnan Rovere"},"content":{"rendered":"<p style=\"text-align: justify;\">Avec sa volont\u00e9 d\u2019aller \u00e0 l\u2019essentiel, Toni Grilo livre l\u2019ensemble\u00a0Dartagnan. Sa simplicit\u00e9 apparente cache une maitrise parfaite des courbes et proportions. Son\u00a0assise en forme de balan\u00e7oire surprend, \u00e9tonne. Le tout est un ensemble fin et aussi pr\u00e9cis que la\u00a0lame du fameux mousquetaire.<\/p>\n","protected":false},"excerpt":{"rendered":"<p>Dessin\u00e9e par Toni Grilo<br \/>\nChaise en bois avec assise en cuir<br \/>\n<a href=\"https:\/\/theinvisiblecollection.com\/wp-content\/uploads\/2019\/01\/TheInvisibleCollection_Haymann_Editions_Wood_Selection.pdf\" target=\"_blank\" rel=\"noopener\"><span style=\"text-decoration: underline;\">D\u00e9couvrez la s\u00e9lection de bois disponibles ici<\/span><\/a><br \/>\n<span style=\"text-decoration: underline;\"><a href=\"https:\/\/theinvisiblecollection.com\/wp-content\/uploads\/2022\/06\/TheInvisibleCollection_HaymannEditions_LeatherSelection_DartagnanChair.pdf.pdf\" target=\"_blank\" rel=\"noopener\">D\u00e9couvrez la s\u00e9lection de cuirs ici<\/a><\/span><\/p>\n<p>L 65 x l 57 x H 82 cm<br \/>\nHauteur d&#8217;assise : 49 cm<\/p>\n<p>Fabriqu\u00e9e \u00e0 la main en Italie<br \/>\nD\u00e9lais de fabrication : 12 semaines<\/p>\n<p><span style=\"text-decoration: underline;\"><a href=\"https:\/\/www.theinvisiblecollection.com\/fr\/demande-de-devis\/?product_id=115679\" target=\"_blank\" rel=\"noopener\">Contactez-nous pour toute demande de devis ou de renseignement<\/a><\/span><\/p>\n","protected":false},"featured_media":123762,"template":"","meta":{"_acf_changed":false,"content-type":"","_themeisle_gutenberg_block_has_review":false},"product_brand":[],"product_cat":[8962,12499],"product_tag":[9001,9015,9017,12465,31477,35326],"product_designer":[8919],"comfabric":[],"manufacturer":[20661],"reporting_designer":[37273],"samplecomfabric":[],"designer_clubroom":[],"class_list":{"0":"post-115679","1":"product","2":"type-product","3":"status-publish","4":"has-post-thumbnail","6":"product_cat-chaises","7":"product_cat-assises","8":"product_tag-chene","9":"product_tag-cuir","10":"product_tag-chaise","11":"product_tag-walnut-fr","12":"product_tag-st-curvy-fr","13":"product_tag-st-scandinavian-fr","14":"product_designer-haymann-editions-fr","15":"manufacturer-22-service-fr","16":"reporting_designer-haymann-editions","18":"first","19":"instock","20":"featured","21":"taxable","22":"shipping-taxable","23":"purchasable","24":"product-type-variable"},"acf":[],"_links":{"self":[{"href":"https:\/\/theinvisiblecollection.com\/fr\/wp-json\/wp\/v2\/product\/115679","targetHints":{"allow":["GET"]}}],"collection":[{"href":"https:\/\/theinvisiblecollection.com\/fr\/wp-json\/wp\/v2\/product"}],"about":[{"href":"https:\/\/theinvisiblecollection.com\/fr\/wp-json\/wp\/v2\/types\/product"}],"wp:featuredmedia":[{"embeddable":true,"href":"https:\/\/theinvisiblecollection.com\/fr\/wp-json\/wp\/v2\/media\/123762"}],"wp:attachment":[{"href":"https:\/\/theinvisiblecollection.com\/fr\/wp-json\/wp\/v2\/media?parent=115679"}],"wp:term":[{"taxonomy":"product_brand","embeddable":true,"href":"https:\/\/theinvisiblecollection.com\/fr\/wp-json\/wp\/v2\/product_brand?post=115679"},{"taxonomy":"product_cat","embeddable":true,"href":"https:\/\/theinvisiblecollection.com\/fr\/wp-json\/wp\/v2\/product_cat?post=115679"},{"taxonomy":"product_tag","embeddable":true,"href":"https:\/\/theinvisiblecollection.com\/fr\/wp-json\/wp\/v2\/product_tag?post=115679"},{"taxonomy":"product_designer","embeddable":true,"href":"https:\/\/theinvisiblecollection.com\/fr\/wp-json\/wp\/v2\/product_designer?post=115679"},{"taxonomy":"comfabric","embeddable":true,"href":"https:\/\/theinvisiblecollection.com\/fr\/wp-json\/wp\/v2\/comfabric?post=115679"},{"taxonomy":"manufacturer","embeddable":true,"href":"https:\/\/theinvisiblecollection.com\/fr\/wp-json\/wp\/v2\/manufacturer?post=115679"},{"taxonomy":"reporting_designer","embeddable":true,"href":"https:\/\/theinvisiblecollection.com\/fr\/wp-json\/wp\/v2\/reporting_designer?post=115679"},{"taxonomy":"samplecomfabric","embeddable":true,"href":"https:\/\/theinvisiblecollection.com\/fr\/wp-json\/wp\/v2\/samplecomfabric?post=115679"},{"taxonomy":"clubroom_product_designer","embeddable":true,"href":"https:\/\/theinvisiblecollection.com\/fr\/wp-json\/wp\/v2\/designer_clubroom?post=115679"}],"curies":[{"name":"wp","href":"https:\/\/api.w.org\/{rel}","templated":true}]}}