{"id":115926,"date":"2022-01-28T10:19:24","date_gmt":"2022-01-28T09:19:24","guid":{"rendered":"https:\/\/theinvisiblecollection.com\/?post_type=product&#038;p=115926"},"modified":"2026-05-08T04:40:17","modified_gmt":"2026-05-08T04:40:17","slug":"barrie-coussin-cachemire-gris-chine-brume","status":"publish","type":"product","link":"https:\/\/theinvisiblecollection.com\/fr\/produit\/barrie-coussin-cachemire-gris-chine-brume\/","title":{"rendered":"Coussin Cachemire Gris Chin\u00e9 &#038; Brume"},"content":{"rendered":"","protected":false},"excerpt":{"rendered":"<p>Coussin en 100% cachemire<br \/>\nHousse avec fermeture \u00e9clair<\/p>\n<p><p class=\"p1\">41 x 41 cm<\/p>\n<\/p>\n<p>Fabriqu\u00e9 \u00e0 la main en \u00c9cosse<br \/>\nD\u00e9lais de fabrication : 4 semaines<\/p>\n<p><span style=\"text-decoration: underline;\"><a href=\"https:\/\/www.theinvisiblecollection.com\/fr\/demande-de-devis\/?product_id=115926\" target=\"_blank\" rel=\"noopener\">Contactez-nous pour toute demande de devis ou d\u2019\u00e9chantillon<\/a><\/span><\/p>\n","protected":false},"featured_media":115928,"template":"","meta":{"_acf_changed":false,"content-type":"","_themeisle_gutenberg_block_has_review":false},"product_brand":[],"product_cat":[12531,16319,7517,12530],"product_tag":[],"product_designer":[15309],"comfabric":[],"manufacturer":[16839],"reporting_designer":[37191],"samplecomfabric":[],"designer_clubroom":[],"class_list":{"0":"post-115926","1":"product","2":"type-product","3":"status-publish","4":"has-post-thumbnail","6":"product_cat-objets-de-decoration","7":"product_cat-cartes-cadeaux","8":"product_cat-deco-fr","9":"product_cat-coussins-plaids","10":"product_designer-barrie-fr","11":"manufacturer-barrie-fr","12":"reporting_designer-barrie","14":"first","15":"instock","16":"taxable","17":"shipping-taxable","18":"purchasable","19":"product-type-simple"},"acf":[],"_links":{"self":[{"href":"https:\/\/theinvisiblecollection.com\/fr\/wp-json\/wp\/v2\/product\/115926","targetHints":{"allow":["GET"]}}],"collection":[{"href":"https:\/\/theinvisiblecollection.com\/fr\/wp-json\/wp\/v2\/product"}],"about":[{"href":"https:\/\/theinvisiblecollection.com\/fr\/wp-json\/wp\/v2\/types\/product"}],"wp:featuredmedia":[{"embeddable":true,"href":"https:\/\/theinvisiblecollection.com\/fr\/wp-json\/wp\/v2\/media\/115928"}],"wp:attachment":[{"href":"https:\/\/theinvisiblecollection.com\/fr\/wp-json\/wp\/v2\/media?parent=115926"}],"wp:term":[{"taxonomy":"product_brand","embeddable":true,"href":"https:\/\/theinvisiblecollection.com\/fr\/wp-json\/wp\/v2\/product_brand?post=115926"},{"taxonomy":"product_cat","embeddable":true,"href":"https:\/\/theinvisiblecollection.com\/fr\/wp-json\/wp\/v2\/product_cat?post=115926"},{"taxonomy":"product_tag","embeddable":true,"href":"https:\/\/theinvisiblecollection.com\/fr\/wp-json\/wp\/v2\/product_tag?post=115926"},{"taxonomy":"product_designer","embeddable":true,"href":"https:\/\/theinvisiblecollection.com\/fr\/wp-json\/wp\/v2\/product_designer?post=115926"},{"taxonomy":"comfabric","embeddable":true,"href":"https:\/\/theinvisiblecollection.com\/fr\/wp-json\/wp\/v2\/comfabric?post=115926"},{"taxonomy":"manufacturer","embeddable":true,"href":"https:\/\/theinvisiblecollection.com\/fr\/wp-json\/wp\/v2\/manufacturer?post=115926"},{"taxonomy":"reporting_designer","embeddable":true,"href":"https:\/\/theinvisiblecollection.com\/fr\/wp-json\/wp\/v2\/reporting_designer?post=115926"},{"taxonomy":"samplecomfabric","embeddable":true,"href":"https:\/\/theinvisiblecollection.com\/fr\/wp-json\/wp\/v2\/samplecomfabric?post=115926"},{"taxonomy":"clubroom_product_designer","embeddable":true,"href":"https:\/\/theinvisiblecollection.com\/fr\/wp-json\/wp\/v2\/designer_clubroom?post=115926"}],"curies":[{"name":"wp","href":"https:\/\/api.w.org\/{rel}","templated":true}]}}