{"id":1167761,"date":"2022-11-18T12:07:18","date_gmt":"2022-11-18T11:07:18","guid":{"rendered":"https:\/\/theinvisiblecollection.com\/?post_type=product&#038;p=1167761"},"modified":"2026-05-01T07:38:29","modified_gmt":"2026-05-01T07:38:29","slug":"profile-by-saisir-limpossible-2","status":"publish","type":"product","link":"https:\/\/theinvisiblecollection.com\/fr\/produit\/profile-by-saisir-limpossible-2\/","title":{"rendered":"Saisir L\u2019impossible"},"content":{"rendered":"<p style=\"text-align: justify;\">Daniel Firman a fait mouler sa main droite pour \u00ab saisir sa main droite avec sa main droite \u00bb. Ici, deux mains en bronze saisissant une sph\u00e8re associ\u00e9es \u00e0 une cr\u00e9ation olfactive de Nicolas Beaulieu.<\/p>\n","protected":false},"excerpt":{"rendered":"<ul>\n<li>\u00c9dition limit\u00e9e de 30 exemplaires, sign\u00e9s et num\u00e9rot\u00e9s<\/li>\n<li>Duo artiste\/parfumeur IFF : Daniel Firman &amp; Nicolas Beaulieu<\/li>\n<li>Sculpture en bronze et c\u00e9ramique parfum\u00e9e<\/li>\n<li>Description du parfum : bois min\u00e9ral<\/li>\n<li>Chaque pi\u00e8ce est unique en raison de sa nature artisanale<\/li>\n<\/ul>\n","protected":false},"featured_media":1167698,"template":"","meta":{"_acf_changed":false,"content-type":"","_themeisle_gutenberg_block_has_review":false},"product_brand":[],"product_cat":[12531,19973,22196],"product_tag":[22790,31476],"product_designer":[14757],"comfabric":[],"manufacturer":[16745],"reporting_designer":[37397],"samplecomfabric":[],"designer_clubroom":[20498],"class_list":{"0":"post-1167761","1":"product","2":"type-product","3":"status-publish","4":"has-post-thumbnail","6":"clubroom_taxonomies-galerie","7":"product_cat-objets-de-decoration","8":"product_cat-accessoires-pour-la-maison","9":"product_cat-art-fr","10":"product_tag-disponible-immediatement","11":"product_tag-st-collectible-fr","12":"product_designer-profile-by-fr","13":"manufacturer-profile-by-fr","14":"reporting_designer-profile-by","15":"clubroom_product_designer-profile-by-fr","16":"exhibitions-londres-fr","18":"first","19":"instock","20":"taxable","21":"shipping-taxable","22":"purchasable","23":"product-type-simple"},"acf":[],"_links":{"self":[{"href":"https:\/\/theinvisiblecollection.com\/fr\/wp-json\/wp\/v2\/product\/1167761","targetHints":{"allow":["GET"]}}],"collection":[{"href":"https:\/\/theinvisiblecollection.com\/fr\/wp-json\/wp\/v2\/product"}],"about":[{"href":"https:\/\/theinvisiblecollection.com\/fr\/wp-json\/wp\/v2\/types\/product"}],"wp:featuredmedia":[{"embeddable":true,"href":"https:\/\/theinvisiblecollection.com\/fr\/wp-json\/wp\/v2\/media\/1167698"}],"wp:attachment":[{"href":"https:\/\/theinvisiblecollection.com\/fr\/wp-json\/wp\/v2\/media?parent=1167761"}],"wp:term":[{"taxonomy":"product_brand","embeddable":true,"href":"https:\/\/theinvisiblecollection.com\/fr\/wp-json\/wp\/v2\/product_brand?post=1167761"},{"taxonomy":"product_cat","embeddable":true,"href":"https:\/\/theinvisiblecollection.com\/fr\/wp-json\/wp\/v2\/product_cat?post=1167761"},{"taxonomy":"product_tag","embeddable":true,"href":"https:\/\/theinvisiblecollection.com\/fr\/wp-json\/wp\/v2\/product_tag?post=1167761"},{"taxonomy":"product_designer","embeddable":true,"href":"https:\/\/theinvisiblecollection.com\/fr\/wp-json\/wp\/v2\/product_designer?post=1167761"},{"taxonomy":"comfabric","embeddable":true,"href":"https:\/\/theinvisiblecollection.com\/fr\/wp-json\/wp\/v2\/comfabric?post=1167761"},{"taxonomy":"manufacturer","embeddable":true,"href":"https:\/\/theinvisiblecollection.com\/fr\/wp-json\/wp\/v2\/manufacturer?post=1167761"},{"taxonomy":"reporting_designer","embeddable":true,"href":"https:\/\/theinvisiblecollection.com\/fr\/wp-json\/wp\/v2\/reporting_designer?post=1167761"},{"taxonomy":"samplecomfabric","embeddable":true,"href":"https:\/\/theinvisiblecollection.com\/fr\/wp-json\/wp\/v2\/samplecomfabric?post=1167761"},{"taxonomy":"clubroom_product_designer","embeddable":true,"href":"https:\/\/theinvisiblecollection.com\/fr\/wp-json\/wp\/v2\/designer_clubroom?post=1167761"}],"curies":[{"name":"wp","href":"https:\/\/api.w.org\/{rel}","templated":true}]}}