{"id":1167898,"date":"2022-11-18T12:23:57","date_gmt":"2022-11-18T11:23:57","guid":{"rendered":"https:\/\/theinvisiblecollection.com\/?post_type=product&#038;p=1167898"},"modified":"2026-05-01T07:38:29","modified_gmt":"2026-05-01T07:38:29","slug":"profile-by-never-ending-journeys-2","status":"publish","type":"product","link":"https:\/\/theinvisiblecollection.com\/fr\/produit\/profile-by-never-ending-journeys-2\/","title":{"rendered":"Never Ending Journeys"},"content":{"rendered":"<p style=\"text-align: justify\">Une s\u00e9rie de sculptures miroir, conjuguant m\u00e9tal et c\u00e9ramique, pour un voyage imaginaire entre vision personnelle et repr\u00e9sentation r\u00e9elle, associ\u00e9 \u00e0 la cr\u00e9ation olfactive de Juliette Karagueuzoglou.<\/p>\n","protected":false},"excerpt":{"rendered":"<ul>\n<li>\u00c9dition limit\u00e9e de 3 s\u00e9rie de 15 pi\u00e8ces, sign\u00e9es et num\u00e9rot\u00e9es<\/li>\n<li>Duo artiste\/parfumeur IFF : Ori Gersht &amp; Juliette Karagueuzoglou<\/li>\n<li>Sculpture en miroir m\u00e9tallique et c\u00e9ramique parfum\u00e9e<\/li>\n<li>Description du parfum : bouquet de fleurs blanches en l\u00e9vitation<\/li>\n<\/ul>\n","protected":false},"featured_media":1337727,"template":"","meta":{"_acf_changed":false,"content-type":"","_themeisle_gutenberg_block_has_review":false},"product_brand":[],"product_cat":[12531,16319,19973,22196],"product_tag":[22790,31476],"product_designer":[14757],"comfabric":[],"manufacturer":[16745],"reporting_designer":[37397],"samplecomfabric":[],"designer_clubroom":[20498],"class_list":{"0":"post-1167898","1":"product","2":"type-product","3":"status-publish","4":"has-post-thumbnail","6":"clubroom_taxonomies-galerie","7":"product_cat-objets-de-decoration","8":"product_cat-cartes-cadeaux","9":"product_cat-accessoires-pour-la-maison","10":"product_cat-art-fr","11":"product_tag-disponible-immediatement","12":"product_tag-st-collectible-fr","13":"product_designer-profile-by-fr","14":"manufacturer-profile-by-fr","15":"reporting_designer-profile-by","16":"clubroom_product_designer-profile-by-fr","17":"exhibitions-londres-fr","19":"first","20":"instock","21":"taxable","22":"shipping-taxable","23":"purchasable","24":"product-type-simple"},"acf":[],"_links":{"self":[{"href":"https:\/\/theinvisiblecollection.com\/fr\/wp-json\/wp\/v2\/product\/1167898","targetHints":{"allow":["GET"]}}],"collection":[{"href":"https:\/\/theinvisiblecollection.com\/fr\/wp-json\/wp\/v2\/product"}],"about":[{"href":"https:\/\/theinvisiblecollection.com\/fr\/wp-json\/wp\/v2\/types\/product"}],"wp:featuredmedia":[{"embeddable":true,"href":"https:\/\/theinvisiblecollection.com\/fr\/wp-json\/wp\/v2\/media\/1337727"}],"wp:attachment":[{"href":"https:\/\/theinvisiblecollection.com\/fr\/wp-json\/wp\/v2\/media?parent=1167898"}],"wp:term":[{"taxonomy":"product_brand","embeddable":true,"href":"https:\/\/theinvisiblecollection.com\/fr\/wp-json\/wp\/v2\/product_brand?post=1167898"},{"taxonomy":"product_cat","embeddable":true,"href":"https:\/\/theinvisiblecollection.com\/fr\/wp-json\/wp\/v2\/product_cat?post=1167898"},{"taxonomy":"product_tag","embeddable":true,"href":"https:\/\/theinvisiblecollection.com\/fr\/wp-json\/wp\/v2\/product_tag?post=1167898"},{"taxonomy":"product_designer","embeddable":true,"href":"https:\/\/theinvisiblecollection.com\/fr\/wp-json\/wp\/v2\/product_designer?post=1167898"},{"taxonomy":"comfabric","embeddable":true,"href":"https:\/\/theinvisiblecollection.com\/fr\/wp-json\/wp\/v2\/comfabric?post=1167898"},{"taxonomy":"manufacturer","embeddable":true,"href":"https:\/\/theinvisiblecollection.com\/fr\/wp-json\/wp\/v2\/manufacturer?post=1167898"},{"taxonomy":"reporting_designer","embeddable":true,"href":"https:\/\/theinvisiblecollection.com\/fr\/wp-json\/wp\/v2\/reporting_designer?post=1167898"},{"taxonomy":"samplecomfabric","embeddable":true,"href":"https:\/\/theinvisiblecollection.com\/fr\/wp-json\/wp\/v2\/samplecomfabric?post=1167898"},{"taxonomy":"clubroom_product_designer","embeddable":true,"href":"https:\/\/theinvisiblecollection.com\/fr\/wp-json\/wp\/v2\/designer_clubroom?post=1167898"}],"curies":[{"name":"wp","href":"https:\/\/api.w.org\/{rel}","templated":true}]}}