{"id":116885,"date":"2022-02-10T10:54:23","date_gmt":"2022-02-10T09:54:23","guid":{"rendered":"https:\/\/theinvisiblecollection.com\/?post_type=product&#038;p=116885"},"modified":"2026-05-01T07:39:02","modified_gmt":"2026-05-01T07:39:02","slug":"la-chance-chaise-longue-marmini-marbre","status":"publish","type":"product","link":"https:\/\/theinvisiblecollection.com\/fr\/produit\/la-chance-chaise-longue-marmini-marbre\/","title":{"rendered":"Chaise Longue Marmini 1"},"content":{"rendered":"<p style=\"text-align: justify;\">MARMINI I est une chaise longue compos\u00e9e de blocs de marbre triangulaires juxtapos\u00e9s. Sa forme radicale et sans compromis, associant les marbres Verde Alpi, Carrara blanc et Fiori di Pesco, est contre-balanc\u00e9e par un coussin g\u00e9n\u00e9reux en tissu Leli\u00e8vre qui apporte du confort sur toute la longueur de l\u2019assise.<\/p>\n","protected":false},"excerpt":{"rendered":"<p>Design par Hannes Peer<br \/>\nChaise longue en marbre Verde Alpi, Bianco Carrara et Fior di Pesco<br \/>\nCoussin tapiss\u00e9 ici en tissu Helsinki de Leli\u00e8vre<br \/>\nTissus et marbres sur-mesure sur demande<\/p>\n<p>L 150 x P 50 x H 41 cm<br \/>\nTissu requis : 2 m<\/p>\n<p>Fabriqu\u00e9e \u00e0 la main en Europe<br \/>\nD\u00e9lais de production : 10 \u2014 12 semaines<\/p>\n<p><span style=\"text-decoration: underline;\"><a href=\"https:\/\/www.theinvisiblecollection.com\/fr\/demande-de-devis\/?product_id=116885\" target=\"_blank\" rel=\"noopener\">Contactez-nous pour toute demande de devis ou de renseignement<\/a><\/span><\/p>\n","protected":false},"featured_media":116864,"template":"","meta":{"_acf_changed":false,"content-type":"","_themeisle_gutenberg_block_has_review":false},"product_brand":[],"product_cat":[8947,12499],"product_tag":[],"product_designer":[13254],"comfabric":[29542],"manufacturer":[21949],"reporting_designer":[37467],"samplecomfabric":[30568],"designer_clubroom":[],"class_list":{"0":"post-116885","1":"product","2":"type-product","3":"status-publish","4":"has-post-thumbnail","6":"product_cat-bancs","7":"product_cat-assises","8":"pa_fabric-en-blanc-sans-tissu-fr","9":"pa_fabric-tissu-lelievre-helsinki","10":"product_designer-la-chance-fr","11":"comfabric-la-chance-fr","12":"manufacturer-shipea-chez-sylvania-fr","13":"reporting_designer-la-chance","14":"samplecomfabric-la-chance-fr","16":"first","17":"instock","18":"taxable","19":"shipping-taxable","20":"purchasable","21":"product-type-variable"},"acf":[],"_links":{"self":[{"href":"https:\/\/theinvisiblecollection.com\/fr\/wp-json\/wp\/v2\/product\/116885","targetHints":{"allow":["GET"]}}],"collection":[{"href":"https:\/\/theinvisiblecollection.com\/fr\/wp-json\/wp\/v2\/product"}],"about":[{"href":"https:\/\/theinvisiblecollection.com\/fr\/wp-json\/wp\/v2\/types\/product"}],"wp:featuredmedia":[{"embeddable":true,"href":"https:\/\/theinvisiblecollection.com\/fr\/wp-json\/wp\/v2\/media\/116864"}],"wp:attachment":[{"href":"https:\/\/theinvisiblecollection.com\/fr\/wp-json\/wp\/v2\/media?parent=116885"}],"wp:term":[{"taxonomy":"product_brand","embeddable":true,"href":"https:\/\/theinvisiblecollection.com\/fr\/wp-json\/wp\/v2\/product_brand?post=116885"},{"taxonomy":"product_cat","embeddable":true,"href":"https:\/\/theinvisiblecollection.com\/fr\/wp-json\/wp\/v2\/product_cat?post=116885"},{"taxonomy":"product_tag","embeddable":true,"href":"https:\/\/theinvisiblecollection.com\/fr\/wp-json\/wp\/v2\/product_tag?post=116885"},{"taxonomy":"product_designer","embeddable":true,"href":"https:\/\/theinvisiblecollection.com\/fr\/wp-json\/wp\/v2\/product_designer?post=116885"},{"taxonomy":"comfabric","embeddable":true,"href":"https:\/\/theinvisiblecollection.com\/fr\/wp-json\/wp\/v2\/comfabric?post=116885"},{"taxonomy":"manufacturer","embeddable":true,"href":"https:\/\/theinvisiblecollection.com\/fr\/wp-json\/wp\/v2\/manufacturer?post=116885"},{"taxonomy":"reporting_designer","embeddable":true,"href":"https:\/\/theinvisiblecollection.com\/fr\/wp-json\/wp\/v2\/reporting_designer?post=116885"},{"taxonomy":"samplecomfabric","embeddable":true,"href":"https:\/\/theinvisiblecollection.com\/fr\/wp-json\/wp\/v2\/samplecomfabric?post=116885"},{"taxonomy":"clubroom_product_designer","embeddable":true,"href":"https:\/\/theinvisiblecollection.com\/fr\/wp-json\/wp\/v2\/designer_clubroom?post=116885"}],"curies":[{"name":"wp","href":"https:\/\/api.w.org\/{rel}","templated":true}]}}