{"id":116895,"date":"2022-02-02T18:19:26","date_gmt":"2022-02-02T17:19:26","guid":{"rendered":"https:\/\/theinvisiblecollection.com\/?post_type=product&#038;p=116895"},"modified":"2026-05-01T07:39:02","modified_gmt":"2026-05-01T07:39:02","slug":"francesco-balzano-table-basse-dolce-breccia-pernice","status":"publish","type":"product","link":"https:\/\/theinvisiblecollection.com\/fr\/produit\/francesco-balzano-table-basse-dolce-breccia-pernice\/","title":{"rendered":"Table Basse Dolce &#8211; Breccia Pernice"},"content":{"rendered":"<p style=\"text-align: justify;\">La collection Dolce puise son inspiration dans l\u2019architecture de la Renaissance. Francesco Balzano a choisi un marbre riche et color\u00e9 qui \u00e9voquait pour lui les parfums des gelati italiennes et la Dolce Vita de Fellini.<br \/>\nLe marbre Breccia Pernice est une merveille de la nature que le designer a aim\u00e9 travailler pour les cinq pi\u00e8ces de cette collection, dont une magnifique table, et un tr\u00e8s joli tabouret.<\/p>\n","protected":false},"excerpt":{"rendered":"<p>Table en marbre Breccia Pernice<br \/>\nChaque pi\u00e8ce est unique \u2013 l\u2019effet final d\u00e9pend des nuances naturelles du marbre<\/p>\n<p>L 160 x l 45 x H 35 cm<\/p>\n<div style=\"text-align: justify;\">Fabriqu\u00e9e \u00e0 la main en France<\/div>\n<div style=\"text-align: justify;\">D\u00e9lais de fabrication : 12 semaines<\/div>\n<div>\n<p style=\"text-align: justify;\"><a href=\"https:\/\/www.theinvisiblecollection.com\/fr\/contact-produit\/?product_id=116895\" target=\"_blank\" rel=\"noopener\">Contactez-nous pour toute demande de devis ou de renseignements<\/a><\/p>\n<\/div>\n","protected":false},"featured_media":126751,"template":"","meta":{"_acf_changed":false,"content-type":"","_themeisle_gutenberg_block_has_review":false},"product_brand":[],"product_cat":[12503,7509],"product_tag":[9030,9959,11360,31477,8993],"product_designer":[9965],"comfabric":[],"manufacturer":[16842],"reporting_designer":[37822],"samplecomfabric":[],"designer_clubroom":[],"class_list":{"0":"post-116895","1":"product","2":"type-product","3":"status-publish","4":"has-post-thumbnail","6":"product_cat-tables-fr","7":"product_cat-tables-basses-dappoint","8":"product_tag-marbre-fr-2","9":"product_tag-francesco-balzano-fr","10":"product_tag-en-stock","11":"product_tag-st-curvy-fr","12":"product_tag-salon","13":"product_designer-francesco-balzano-fr","14":"manufacturer-ateliers-saint-jacques-fonderie-de-coubertin-fr","15":"reporting_designer-francesco-balzano","17":"first","18":"instock","19":"taxable","20":"shipping-taxable","21":"purchasable","22":"product-type-simple"},"acf":[],"_links":{"self":[{"href":"https:\/\/theinvisiblecollection.com\/fr\/wp-json\/wp\/v2\/product\/116895","targetHints":{"allow":["GET"]}}],"collection":[{"href":"https:\/\/theinvisiblecollection.com\/fr\/wp-json\/wp\/v2\/product"}],"about":[{"href":"https:\/\/theinvisiblecollection.com\/fr\/wp-json\/wp\/v2\/types\/product"}],"wp:featuredmedia":[{"embeddable":true,"href":"https:\/\/theinvisiblecollection.com\/fr\/wp-json\/wp\/v2\/media\/126751"}],"wp:attachment":[{"href":"https:\/\/theinvisiblecollection.com\/fr\/wp-json\/wp\/v2\/media?parent=116895"}],"wp:term":[{"taxonomy":"product_brand","embeddable":true,"href":"https:\/\/theinvisiblecollection.com\/fr\/wp-json\/wp\/v2\/product_brand?post=116895"},{"taxonomy":"product_cat","embeddable":true,"href":"https:\/\/theinvisiblecollection.com\/fr\/wp-json\/wp\/v2\/product_cat?post=116895"},{"taxonomy":"product_tag","embeddable":true,"href":"https:\/\/theinvisiblecollection.com\/fr\/wp-json\/wp\/v2\/product_tag?post=116895"},{"taxonomy":"product_designer","embeddable":true,"href":"https:\/\/theinvisiblecollection.com\/fr\/wp-json\/wp\/v2\/product_designer?post=116895"},{"taxonomy":"comfabric","embeddable":true,"href":"https:\/\/theinvisiblecollection.com\/fr\/wp-json\/wp\/v2\/comfabric?post=116895"},{"taxonomy":"manufacturer","embeddable":true,"href":"https:\/\/theinvisiblecollection.com\/fr\/wp-json\/wp\/v2\/manufacturer?post=116895"},{"taxonomy":"reporting_designer","embeddable":true,"href":"https:\/\/theinvisiblecollection.com\/fr\/wp-json\/wp\/v2\/reporting_designer?post=116895"},{"taxonomy":"samplecomfabric","embeddable":true,"href":"https:\/\/theinvisiblecollection.com\/fr\/wp-json\/wp\/v2\/samplecomfabric?post=116895"},{"taxonomy":"clubroom_product_designer","embeddable":true,"href":"https:\/\/theinvisiblecollection.com\/fr\/wp-json\/wp\/v2\/designer_clubroom?post=116895"}],"curies":[{"name":"wp","href":"https:\/\/api.w.org\/{rel}","templated":true}]}}