{"id":116905,"date":"2022-02-02T18:46:29","date_gmt":"2022-02-02T17:46:29","guid":{"rendered":"https:\/\/theinvisiblecollection.com\/?post_type=product&#038;p=116905"},"modified":"2026-05-01T07:39:02","modified_gmt":"2026-05-01T07:39:02","slug":"la-chance-tabouret-marmini-2","status":"publish","type":"product","link":"https:\/\/theinvisiblecollection.com\/fr\/produit\/la-chance-tabouret-marmini-2\/","title":{"rendered":"Tabouret Marmini 2"},"content":{"rendered":"<p style=\"text-align: justify;\">MARMINI II est, malgr\u00e9 son apparence architecturale minimaliste, un tabouret tapiss\u00e9 tr\u00e8s confortable. Les trois volumes qui le composent ne paraissent pas pouvoir tenir ensemble : les deux \u00e9l\u00e9ments massifs en marbre Fior di Pesco semblent vouloir se d\u00e9tacher de la partie centrale tapiss\u00e9e et moelleuse.<\/p>\n","protected":false},"excerpt":{"rendered":"<p>Design par Hannes Peer<br \/>\nTabouret en marbre Fior di Pesco et tapisserie<br \/>\nPhotographi\u00e9 ici en tissu Helsinki de Leli\u00e8vre<br \/>\nTissus et marbres sur-mesure sur demande<\/p>\n<p>L 55 x P 50.4 x H 62 cm<br \/>\nTissu requis : 0.8 m<br \/>\nHauteur d\u2019assise : 45 cm<\/p>\n<p>Fabriqu\u00e9e \u00e0 la main en Europe<br \/>\nD\u00e9lais de production : 10 \u2014 12 semaines<\/p>\n<p><span style=\"text-decoration: underline;\"><a href=\"https:\/\/www.theinvisiblecollection.com\/fr\/demande-de-devis\/?product_id=116905\" target=\"_blank\" rel=\"noopener\">Contactez-nous pour toute demande de devis ou de renseignement<\/a><\/span><\/p>\n","protected":false},"featured_media":116907,"template":"","meta":{"_acf_changed":false,"content-type":"","_themeisle_gutenberg_block_has_review":false},"product_brand":[],"product_cat":[8969,12499],"product_tag":[],"product_designer":[13254],"comfabric":[29542],"manufacturer":[21949],"reporting_designer":[37467],"samplecomfabric":[30568],"designer_clubroom":[],"class_list":{"0":"post-116905","1":"product","2":"type-product","3":"status-publish","4":"has-post-thumbnail","6":"product_cat-ottomans-tabourets","7":"product_cat-assises","8":"pa_fabric-en-blanc-sans-tissu-fr","9":"pa_fabric-tissu-lelievre-helsinki","10":"product_designer-la-chance-fr","11":"comfabric-la-chance-fr","12":"manufacturer-shipea-chez-sylvania-fr","13":"reporting_designer-la-chance","14":"samplecomfabric-la-chance-fr","16":"first","17":"instock","18":"taxable","19":"shipping-taxable","20":"purchasable","21":"product-type-variable"},"acf":[],"_links":{"self":[{"href":"https:\/\/theinvisiblecollection.com\/fr\/wp-json\/wp\/v2\/product\/116905","targetHints":{"allow":["GET"]}}],"collection":[{"href":"https:\/\/theinvisiblecollection.com\/fr\/wp-json\/wp\/v2\/product"}],"about":[{"href":"https:\/\/theinvisiblecollection.com\/fr\/wp-json\/wp\/v2\/types\/product"}],"wp:featuredmedia":[{"embeddable":true,"href":"https:\/\/theinvisiblecollection.com\/fr\/wp-json\/wp\/v2\/media\/116907"}],"wp:attachment":[{"href":"https:\/\/theinvisiblecollection.com\/fr\/wp-json\/wp\/v2\/media?parent=116905"}],"wp:term":[{"taxonomy":"product_brand","embeddable":true,"href":"https:\/\/theinvisiblecollection.com\/fr\/wp-json\/wp\/v2\/product_brand?post=116905"},{"taxonomy":"product_cat","embeddable":true,"href":"https:\/\/theinvisiblecollection.com\/fr\/wp-json\/wp\/v2\/product_cat?post=116905"},{"taxonomy":"product_tag","embeddable":true,"href":"https:\/\/theinvisiblecollection.com\/fr\/wp-json\/wp\/v2\/product_tag?post=116905"},{"taxonomy":"product_designer","embeddable":true,"href":"https:\/\/theinvisiblecollection.com\/fr\/wp-json\/wp\/v2\/product_designer?post=116905"},{"taxonomy":"comfabric","embeddable":true,"href":"https:\/\/theinvisiblecollection.com\/fr\/wp-json\/wp\/v2\/comfabric?post=116905"},{"taxonomy":"manufacturer","embeddable":true,"href":"https:\/\/theinvisiblecollection.com\/fr\/wp-json\/wp\/v2\/manufacturer?post=116905"},{"taxonomy":"reporting_designer","embeddable":true,"href":"https:\/\/theinvisiblecollection.com\/fr\/wp-json\/wp\/v2\/reporting_designer?post=116905"},{"taxonomy":"samplecomfabric","embeddable":true,"href":"https:\/\/theinvisiblecollection.com\/fr\/wp-json\/wp\/v2\/samplecomfabric?post=116905"},{"taxonomy":"clubroom_product_designer","embeddable":true,"href":"https:\/\/theinvisiblecollection.com\/fr\/wp-json\/wp\/v2\/designer_clubroom?post=116905"}],"curies":[{"name":"wp","href":"https:\/\/api.w.org\/{rel}","templated":true}]}}