{"id":116961,"date":"2022-02-03T12:21:12","date_gmt":"2022-02-03T11:21:12","guid":{"rendered":"https:\/\/theinvisiblecollection.com\/?post_type=product&#038;p=116961"},"modified":"2026-05-08T04:40:14","modified_gmt":"2026-05-08T04:40:14","slug":"francesco-balzano-table-dolce-breccia-rosso","status":"publish","type":"product","link":"https:\/\/theinvisiblecollection.com\/fr\/produit\/francesco-balzano-table-dolce-breccia-rosso\/","title":{"rendered":"Table Dolce &#8211; Rosso Masso"},"content":{"rendered":"<p style=\"text-align: justify;\">La collection Dolce puise son inspiration dans l\u2019architecture de la Renaissance. Francesco Balzano a choisi un marbre riche et color\u00e9 qui \u00e9voquait pour lui les parfums des gelati italiennes et la Dolce Vita de Fellini.<br \/>\nLe marbre Breccia Rosso est une merveille de la nature que le designer a aim\u00e9 travailler pour les cinq pi\u00e8ces de cette collection, dont une magnifique table, et un tr\u00e8s joli tabouret.<\/p>\n","protected":false},"excerpt":{"rendered":"<p>Table en marbre Breccia Rosso<br \/>\nChaque pi\u00e8ce est unique \u2013 l\u2019effet final d\u00e9pend des nuances naturelles du marbre<\/p>\n<p>L 250 x l 100 x H 74 cm<\/p>\n<div style=\"text-align: justify;\">Fabriqu\u00e9e \u00e0 la main en France<\/div>\n<div style=\"text-align: justify;\">D\u00e9lais de fabrication : 12 semaines<\/div>\n<p style=\"text-align: justify;\"><a href=\"https:\/\/www.theinvisiblecollection.com\/fr\/contact-produit\/?product_id=116961\" target=\"_blank\" rel=\"noopener\">Contactez-nous pour toute demande de devis ou de renseignements<\/a><\/p>\n","protected":false},"featured_media":126713,"template":"","meta":{"_acf_changed":false,"content-type":"","_themeisle_gutenberg_block_has_review":false},"product_brand":[],"product_cat":[12503,13076,8977],"product_tag":[8955,9030,9959,11360,31477,8953],"product_designer":[9965],"comfabric":[],"manufacturer":[16842],"reporting_designer":[37822],"samplecomfabric":[],"designer_clubroom":[],"class_list":{"0":"post-116961","1":"product","2":"type-product","3":"status-publish","4":"has-post-thumbnail","6":"product_cat-tables-fr","7":"product_cat-bureau-a-la-maison","8":"product_cat-tables-salle-a-manger","9":"product_tag-table","10":"product_tag-marbre-fr-2","11":"product_tag-francesco-balzano-fr","12":"product_tag-en-stock","13":"product_tag-st-curvy-fr","14":"product_tag-salle-a-manger","15":"product_designer-francesco-balzano-fr","16":"manufacturer-ateliers-saint-jacques-fonderie-de-coubertin-fr","17":"reporting_designer-francesco-balzano","19":"first","20":"instock","21":"taxable","22":"shipping-taxable","23":"purchasable","24":"product-type-simple"},"acf":[],"_links":{"self":[{"href":"https:\/\/theinvisiblecollection.com\/fr\/wp-json\/wp\/v2\/product\/116961","targetHints":{"allow":["GET"]}}],"collection":[{"href":"https:\/\/theinvisiblecollection.com\/fr\/wp-json\/wp\/v2\/product"}],"about":[{"href":"https:\/\/theinvisiblecollection.com\/fr\/wp-json\/wp\/v2\/types\/product"}],"wp:featuredmedia":[{"embeddable":true,"href":"https:\/\/theinvisiblecollection.com\/fr\/wp-json\/wp\/v2\/media\/126713"}],"wp:attachment":[{"href":"https:\/\/theinvisiblecollection.com\/fr\/wp-json\/wp\/v2\/media?parent=116961"}],"wp:term":[{"taxonomy":"product_brand","embeddable":true,"href":"https:\/\/theinvisiblecollection.com\/fr\/wp-json\/wp\/v2\/product_brand?post=116961"},{"taxonomy":"product_cat","embeddable":true,"href":"https:\/\/theinvisiblecollection.com\/fr\/wp-json\/wp\/v2\/product_cat?post=116961"},{"taxonomy":"product_tag","embeddable":true,"href":"https:\/\/theinvisiblecollection.com\/fr\/wp-json\/wp\/v2\/product_tag?post=116961"},{"taxonomy":"product_designer","embeddable":true,"href":"https:\/\/theinvisiblecollection.com\/fr\/wp-json\/wp\/v2\/product_designer?post=116961"},{"taxonomy":"comfabric","embeddable":true,"href":"https:\/\/theinvisiblecollection.com\/fr\/wp-json\/wp\/v2\/comfabric?post=116961"},{"taxonomy":"manufacturer","embeddable":true,"href":"https:\/\/theinvisiblecollection.com\/fr\/wp-json\/wp\/v2\/manufacturer?post=116961"},{"taxonomy":"reporting_designer","embeddable":true,"href":"https:\/\/theinvisiblecollection.com\/fr\/wp-json\/wp\/v2\/reporting_designer?post=116961"},{"taxonomy":"samplecomfabric","embeddable":true,"href":"https:\/\/theinvisiblecollection.com\/fr\/wp-json\/wp\/v2\/samplecomfabric?post=116961"},{"taxonomy":"clubroom_product_designer","embeddable":true,"href":"https:\/\/theinvisiblecollection.com\/fr\/wp-json\/wp\/v2\/designer_clubroom?post=116961"}],"curies":[{"name":"wp","href":"https:\/\/api.w.org\/{rel}","templated":true}]}}