{"id":117172,"date":"2022-02-03T17:09:55","date_gmt":"2022-02-03T16:09:55","guid":{"rendered":"https:\/\/theinvisiblecollection.com\/?post_type=product&#038;p=117172"},"modified":"2026-05-08T04:40:14","modified_gmt":"2026-05-08T04:40:14","slug":"la-chance-tapis-france","status":"publish","type":"product","link":"https:\/\/theinvisiblecollection.com\/fr\/produit\/la-chance-tapis-france\/","title":{"rendered":"Tapis France"},"content":{"rendered":"<p style=\"text-align: justify;\">France est un tapis tr\u00e8s graphique reprenant les motifs iconiques \u00e9labor\u00e9s par Nathalie du Pasquier pour le mouvement Memphis dont elle \u00e9tait la graphiste dans les ann\u00e9es 80.<\/p>\n","protected":false},"excerpt":{"rendered":"<p>Design par Nathalie du Pasquier<br \/>\nTapis tuft\u00e9 \u00e0 la main<br \/>\nPure laine de Nouvelle-Z\u00e9lande<br \/>\nPrix au m\u00e8tre carr\u00e9<br \/>\nPhotographi\u00e9 ici en bleu, noir, blanc et rouge<br \/>\nDimensions et couleurs sur-mesure sur demande<\/p>\n<p>Deux dimensions standard disponibles :<\/p>\n<p>240 x 170 cm<br \/>\n282 x 200 cm<\/p>\n<p>Fabriqu\u00e9 \u00e0 la main en Inde<br \/>\nD\u00e9lais de fabrication : 10 \u2013 12 semaines<\/p>\n<p class=\"p1\"><span style=\"text-decoration: underline;\"><span class=\"s1\"><a href=\"https:\/\/www.theinvisiblecollection.com\/fr\/demande-de-devis\/?product_id=117172\" target=\"_blank\" rel=\"noopener\">Contactez-nous pour toute demande de devis ou de renseignements<\/a><\/span><\/span><\/p><\/p>\n","protected":false},"featured_media":122865,"template":"","meta":{"_acf_changed":false,"content-type":"","_themeisle_gutenberg_block_has_review":false},"product_brand":[],"product_cat":[12540,12541],"product_tag":[],"product_designer":[13254],"comfabric":[],"manufacturer":[21949],"reporting_designer":[37467],"samplecomfabric":[],"designer_clubroom":[],"class_list":{"0":"post-117172","1":"product","2":"type-product","3":"status-publish","4":"has-post-thumbnail","6":"product_cat-tapis-fr","7":"product_cat-tufte-a-la-main","8":"pa_color-bleu-noir-blanc-et-rouge","9":"pa_color-couleurs-personalisees","10":"pa_size-dimensions-sur-mesure-fr","11":"pa_size-grand-fr","12":"pa_size-moyen","13":"product_designer-la-chance-fr","14":"manufacturer-shipea-chez-sylvania-fr","15":"reporting_designer-la-chance","17":"first","18":"instock","19":"taxable","20":"shipping-taxable","21":"purchasable","22":"product-type-variable"},"acf":[],"_links":{"self":[{"href":"https:\/\/theinvisiblecollection.com\/fr\/wp-json\/wp\/v2\/product\/117172","targetHints":{"allow":["GET"]}}],"collection":[{"href":"https:\/\/theinvisiblecollection.com\/fr\/wp-json\/wp\/v2\/product"}],"about":[{"href":"https:\/\/theinvisiblecollection.com\/fr\/wp-json\/wp\/v2\/types\/product"}],"wp:featuredmedia":[{"embeddable":true,"href":"https:\/\/theinvisiblecollection.com\/fr\/wp-json\/wp\/v2\/media\/122865"}],"wp:attachment":[{"href":"https:\/\/theinvisiblecollection.com\/fr\/wp-json\/wp\/v2\/media?parent=117172"}],"wp:term":[{"taxonomy":"product_brand","embeddable":true,"href":"https:\/\/theinvisiblecollection.com\/fr\/wp-json\/wp\/v2\/product_brand?post=117172"},{"taxonomy":"product_cat","embeddable":true,"href":"https:\/\/theinvisiblecollection.com\/fr\/wp-json\/wp\/v2\/product_cat?post=117172"},{"taxonomy":"product_tag","embeddable":true,"href":"https:\/\/theinvisiblecollection.com\/fr\/wp-json\/wp\/v2\/product_tag?post=117172"},{"taxonomy":"product_designer","embeddable":true,"href":"https:\/\/theinvisiblecollection.com\/fr\/wp-json\/wp\/v2\/product_designer?post=117172"},{"taxonomy":"comfabric","embeddable":true,"href":"https:\/\/theinvisiblecollection.com\/fr\/wp-json\/wp\/v2\/comfabric?post=117172"},{"taxonomy":"manufacturer","embeddable":true,"href":"https:\/\/theinvisiblecollection.com\/fr\/wp-json\/wp\/v2\/manufacturer?post=117172"},{"taxonomy":"reporting_designer","embeddable":true,"href":"https:\/\/theinvisiblecollection.com\/fr\/wp-json\/wp\/v2\/reporting_designer?post=117172"},{"taxonomy":"samplecomfabric","embeddable":true,"href":"https:\/\/theinvisiblecollection.com\/fr\/wp-json\/wp\/v2\/samplecomfabric?post=117172"},{"taxonomy":"clubroom_product_designer","embeddable":true,"href":"https:\/\/theinvisiblecollection.com\/fr\/wp-json\/wp\/v2\/designer_clubroom?post=117172"}],"curies":[{"name":"wp","href":"https:\/\/api.w.org\/{rel}","templated":true}]}}