{"id":117307,"date":"2022-02-04T16:59:19","date_gmt":"2022-02-04T15:59:19","guid":{"rendered":"https:\/\/theinvisiblecollection.com\/?post_type=product&#038;p=117307"},"modified":"2026-05-01T07:39:02","modified_gmt":"2026-05-01T07:39:02","slug":"pietro-franceschini-ottoman-khelone","status":"publish","type":"product","link":"https:\/\/theinvisiblecollection.com\/fr\/produit\/pietro-franceschini-ottoman-khelone\/","title":{"rendered":"Ottoman Khelone x Dedar"},"content":{"rendered":"<p style=\"text-align: justify;\">L&#8217;ottoman Khelone fait partie de la collection Olympus. Son nom est un hommage \u00e0 la mythologie grecque et \u00e0 l&#8217;histoire de Khelone, une nymphe transform\u00e9e en tortue par Zeus pour la punir d&#8217;avoir refus\u00e9 d&#8217;assister \u00e0 son mariage. Une pi\u00e8ce sculpturale mais ludique adoucie par la texture moelleuse du tissu.<\/p>\n","protected":false},"excerpt":{"rendered":"<p class=\"p1\">Dedar x The Invisible Collection<br \/>\nOttoman photographi\u00e9 ici en tissu A Soft Place-Teddy de Dedar<br \/>\n\u00c9galement disponible en tissu boucl\u00e9 Artemidor de Dedar<br \/>\n<span style=\"text-decoration: underline;\"><span class=\"s1\"><a href=\"https:\/\/theinvisiblecollection.com\/wp-content\/uploads\/2022\/02\/TIC_Pietro-Franceschini_Dedar-Selection.pdf\" target=\"_blank\" rel=\"noopener\">D\u00e9couvrez la s\u00e9lection de tissus Dedar ici<\/a><\/span><\/span><\/p>\n<p class=\"p2\">\n<p class=\"p1\">L 79 x H 42 cm<br \/>\nHauteur d&#8217;assise: 42 cm<br \/>\nTissu requis : 3 m<\/p>\n<p class=\"p1\">Fabriqu\u00e9 \u00e0 Milan, Italie<br \/>\nD\u00e9lais de fabrication : 10 semaines<br \/>\n<span style=\"text-decoration: underline;\"><span class=\"s1\"><a href=\"https:\/\/www.theinvisiblecollection.com\/fr\/demande-de-devis\/?product_id=117307\" target=\"_blank\" rel=\"noopener\">Contactez-nous pour toute demande de devis ou de renseignements<\/a><\/span><\/span><\/p>\n","protected":false},"featured_media":117438,"template":"","meta":{"_acf_changed":false,"content-type":"","_themeisle_gutenberg_block_has_review":false},"product_brand":[],"product_cat":[8969],"product_tag":[14844,14845],"product_designer":[15447],"comfabric":[29500],"manufacturer":[20692],"reporting_designer":[37831],"samplecomfabric":[30420],"designer_clubroom":[],"class_list":{"0":"post-117307","1":"product","2":"type-product","3":"status-publish","4":"has-post-thumbnail","6":"product_cat-ottomans-tabourets","7":"product_tag-hpsa-fr","8":"product_tag-hptm-fr","9":"product_designer-pietro-franceschini-fr","10":"comfabric-pietro-franceschini-arte-italia-home-srl-fr","11":"manufacturer-pietro-franceschini-we-do-fr","12":"reporting_designer-pietro-franceschini","13":"samplecomfabric-pietro-franceschini-arte-italia-home-srl-fr","15":"first","16":"instock","17":"taxable","18":"shipping-taxable","19":"purchasable","20":"product-type-variable"},"acf":[],"_links":{"self":[{"href":"https:\/\/theinvisiblecollection.com\/fr\/wp-json\/wp\/v2\/product\/117307","targetHints":{"allow":["GET"]}}],"collection":[{"href":"https:\/\/theinvisiblecollection.com\/fr\/wp-json\/wp\/v2\/product"}],"about":[{"href":"https:\/\/theinvisiblecollection.com\/fr\/wp-json\/wp\/v2\/types\/product"}],"wp:featuredmedia":[{"embeddable":true,"href":"https:\/\/theinvisiblecollection.com\/fr\/wp-json\/wp\/v2\/media\/117438"}],"wp:attachment":[{"href":"https:\/\/theinvisiblecollection.com\/fr\/wp-json\/wp\/v2\/media?parent=117307"}],"wp:term":[{"taxonomy":"product_brand","embeddable":true,"href":"https:\/\/theinvisiblecollection.com\/fr\/wp-json\/wp\/v2\/product_brand?post=117307"},{"taxonomy":"product_cat","embeddable":true,"href":"https:\/\/theinvisiblecollection.com\/fr\/wp-json\/wp\/v2\/product_cat?post=117307"},{"taxonomy":"product_tag","embeddable":true,"href":"https:\/\/theinvisiblecollection.com\/fr\/wp-json\/wp\/v2\/product_tag?post=117307"},{"taxonomy":"product_designer","embeddable":true,"href":"https:\/\/theinvisiblecollection.com\/fr\/wp-json\/wp\/v2\/product_designer?post=117307"},{"taxonomy":"comfabric","embeddable":true,"href":"https:\/\/theinvisiblecollection.com\/fr\/wp-json\/wp\/v2\/comfabric?post=117307"},{"taxonomy":"manufacturer","embeddable":true,"href":"https:\/\/theinvisiblecollection.com\/fr\/wp-json\/wp\/v2\/manufacturer?post=117307"},{"taxonomy":"reporting_designer","embeddable":true,"href":"https:\/\/theinvisiblecollection.com\/fr\/wp-json\/wp\/v2\/reporting_designer?post=117307"},{"taxonomy":"samplecomfabric","embeddable":true,"href":"https:\/\/theinvisiblecollection.com\/fr\/wp-json\/wp\/v2\/samplecomfabric?post=117307"},{"taxonomy":"clubroom_product_designer","embeddable":true,"href":"https:\/\/theinvisiblecollection.com\/fr\/wp-json\/wp\/v2\/designer_clubroom?post=117307"}],"curies":[{"name":"wp","href":"https:\/\/api.w.org\/{rel}","templated":true}]}}