{"id":118019,"date":"2022-02-09T12:15:15","date_gmt":"2022-02-09T11:15:15","guid":{"rendered":"https:\/\/theinvisiblecollection.com\/?post_type=product&#038;p=118019"},"modified":"2026-05-01T07:39:02","modified_gmt":"2026-05-01T07:39:02","slug":"hubert-le-gall-fauteuil-en-velours-maxou","status":"publish","type":"product","link":"https:\/\/theinvisiblecollection.com\/fr\/produit\/hubert-le-gall-fauteuil-en-velours-maxou\/","title":{"rendered":"Fauteuil en Velours Maxou"},"content":{"rendered":"","protected":false},"excerpt":{"rendered":"<div class=\"\">\n<div class=\"\">\n<div class=\"\">\n<div class=\"\">\n<div class=\"\">\n<div class=\"\">\n<p><span class=\"\">\u00c9dition de 30 pi\u00e8ces sign\u00e9es et num\u00e9rot\u00e9es<br \/>\n<\/span><span class=\"\">Fauteuil tapiss\u00e9 en velours et broderie\u00a0<\/span><span class=\"\">Lesage<br \/>\n<\/span>Pieds en bois teint\u00e9 noir<br \/>\nDisponible \u00e9galement en bois naturel ou marron<br \/>\nTissus et finitions sur-mesure sur demande<\/p>\n<\/div>\n<\/div>\n<\/div>\n<\/div>\n<\/div>\n<\/div>\n<div class=\"\">\n<div class=\"\">\n<div class=\"\">\n<div class=\"\">\n<div class=\"\">\n<div class=\"\">\n<div class=\"\">L 71 x P 60 x H 95 cm<\/div>\n<\/div>\n<\/div>\n<\/div>\n<\/div>\n<\/div>\n<\/div>\n<div class=\"\">\n<div class=\"\">\n<div class=\"\">Fabriqu\u00e9 \u00e0 la main en France<\/div>\n<div class=\"\">D\u00e9lai de production : 6 &#8211; 8 semaines<br \/>\n<span style=\"text-decoration: underline;\"><a href=\"https:\/\/www.theinvisiblecollection.com\/demande-de-devis\/?product_id=118019\">Contactez-nous pour toute demande de devis ou de renseignements<\/a><\/span><\/div>\n<\/div>\n<\/div>\n","protected":false},"featured_media":118058,"template":"","meta":{"_acf_changed":false,"content-type":"","_themeisle_gutenberg_block_has_review":false},"product_brand":[],"product_cat":[8945,12499],"product_tag":[31477,33319],"product_designer":[8886],"comfabric":[],"manufacturer":[16923],"reporting_designer":[37519],"samplecomfabric":[],"designer_clubroom":[],"class_list":{"0":"post-118019","1":"product","2":"type-product","3":"status-publish","4":"has-post-thumbnail","6":"product_cat-fauteuils","7":"product_cat-assises","8":"product_tag-st-curvy-fr","9":"product_tag-edition-limitee","10":"pa_feet-naturel","11":"pa_feet-noir-fr","12":"product_designer-hubert-le-gall-fr","13":"manufacturer-hubert-le-gall-fr","14":"reporting_designer-hubert-le-gall","16":"first","17":"instock","18":"taxable","19":"shipping-taxable","20":"purchasable","21":"product-type-variable"},"acf":[],"_links":{"self":[{"href":"https:\/\/theinvisiblecollection.com\/fr\/wp-json\/wp\/v2\/product\/118019","targetHints":{"allow":["GET"]}}],"collection":[{"href":"https:\/\/theinvisiblecollection.com\/fr\/wp-json\/wp\/v2\/product"}],"about":[{"href":"https:\/\/theinvisiblecollection.com\/fr\/wp-json\/wp\/v2\/types\/product"}],"wp:featuredmedia":[{"embeddable":true,"href":"https:\/\/theinvisiblecollection.com\/fr\/wp-json\/wp\/v2\/media\/118058"}],"wp:attachment":[{"href":"https:\/\/theinvisiblecollection.com\/fr\/wp-json\/wp\/v2\/media?parent=118019"}],"wp:term":[{"taxonomy":"product_brand","embeddable":true,"href":"https:\/\/theinvisiblecollection.com\/fr\/wp-json\/wp\/v2\/product_brand?post=118019"},{"taxonomy":"product_cat","embeddable":true,"href":"https:\/\/theinvisiblecollection.com\/fr\/wp-json\/wp\/v2\/product_cat?post=118019"},{"taxonomy":"product_tag","embeddable":true,"href":"https:\/\/theinvisiblecollection.com\/fr\/wp-json\/wp\/v2\/product_tag?post=118019"},{"taxonomy":"product_designer","embeddable":true,"href":"https:\/\/theinvisiblecollection.com\/fr\/wp-json\/wp\/v2\/product_designer?post=118019"},{"taxonomy":"comfabric","embeddable":true,"href":"https:\/\/theinvisiblecollection.com\/fr\/wp-json\/wp\/v2\/comfabric?post=118019"},{"taxonomy":"manufacturer","embeddable":true,"href":"https:\/\/theinvisiblecollection.com\/fr\/wp-json\/wp\/v2\/manufacturer?post=118019"},{"taxonomy":"reporting_designer","embeddable":true,"href":"https:\/\/theinvisiblecollection.com\/fr\/wp-json\/wp\/v2\/reporting_designer?post=118019"},{"taxonomy":"samplecomfabric","embeddable":true,"href":"https:\/\/theinvisiblecollection.com\/fr\/wp-json\/wp\/v2\/samplecomfabric?post=118019"},{"taxonomy":"clubroom_product_designer","embeddable":true,"href":"https:\/\/theinvisiblecollection.com\/fr\/wp-json\/wp\/v2\/designer_clubroom?post=118019"}],"curies":[{"name":"wp","href":"https:\/\/api.w.org\/{rel}","templated":true}]}}