{"id":1185729,"date":"2022-11-21T14:18:42","date_gmt":"2022-11-21T13:18:42","guid":{"rendered":"https:\/\/theinvisiblecollection.com\/?post_type=product&#038;p=1185729"},"modified":"2026-05-01T07:38:29","modified_gmt":"2026-05-01T07:38:29","slug":"crosta-smith-gallery-coupe-andre-thuret","status":"publish","type":"product","link":"https:\/\/theinvisiblecollection.com\/fr\/produit\/crosta-smith-gallery-coupe-andre-thuret\/","title":{"rendered":"Coupe Andr\u00e9 Thuret"},"content":{"rendered":"<p style=\"text-align: justify;\">Un splendide plat, vers 1950, par Andr\u00e9 Thuret, scientifique de formation et verrier par passion. Il exp\u00e9rimente les formes et les couleurs du verre. Tous ses travaux en verre souffl\u00e9 sont uniques.<\/p>\n","protected":false},"excerpt":{"rendered":"<ul>\n<li>Composition : verre avec inclusions d&#8217;oxydes m\u00e9talliques rose p\u00e2le et de feuilles d&#8217;or<\/li>\n<li>Gravure Andr\u00e9 Thuret sous la base<\/li>\n<li>Cet objet contient de la patine, empreinte de la vie de l\u2019objet<\/li>\n<\/ul>\n","protected":false},"featured_media":1185871,"template":"","meta":{"_acf_changed":false,"content-type":"","_themeisle_gutenberg_block_has_review":false},"product_brand":[],"product_cat":[12531,12536,19973],"product_tag":[31477],"product_designer":[19090],"comfabric":[],"manufacturer":[19092],"reporting_designer":[37245],"samplecomfabric":[],"designer_clubroom":[20464],"class_list":{"0":"post-1185729","1":"product","2":"type-product","3":"status-publish","4":"has-post-thumbnail","6":"clubroom_taxonomies-vintage-room","7":"product_cat-objets-de-decoration","8":"product_cat-plateaux-vide-poche","9":"product_cat-accessoires-pour-la-maison","10":"product_tag-st-curvy-fr","11":"product_designer-crosta-smith-gallery-fr","12":"manufacturer-crosta-smith-gallery-fr","13":"reporting_designer-crosta-smith-gallery","14":"clubroom_product_designer-crosta-smith-gallery-fr","15":"exhibitions-paris-fr","17":"first","18":"instock","19":"featured","20":"sold-individually","21":"taxable","22":"shipping-taxable","23":"purchasable","24":"product-type-simple"},"acf":[],"_links":{"self":[{"href":"https:\/\/theinvisiblecollection.com\/fr\/wp-json\/wp\/v2\/product\/1185729","targetHints":{"allow":["GET"]}}],"collection":[{"href":"https:\/\/theinvisiblecollection.com\/fr\/wp-json\/wp\/v2\/product"}],"about":[{"href":"https:\/\/theinvisiblecollection.com\/fr\/wp-json\/wp\/v2\/types\/product"}],"wp:featuredmedia":[{"embeddable":true,"href":"https:\/\/theinvisiblecollection.com\/fr\/wp-json\/wp\/v2\/media\/1185871"}],"wp:attachment":[{"href":"https:\/\/theinvisiblecollection.com\/fr\/wp-json\/wp\/v2\/media?parent=1185729"}],"wp:term":[{"taxonomy":"product_brand","embeddable":true,"href":"https:\/\/theinvisiblecollection.com\/fr\/wp-json\/wp\/v2\/product_brand?post=1185729"},{"taxonomy":"product_cat","embeddable":true,"href":"https:\/\/theinvisiblecollection.com\/fr\/wp-json\/wp\/v2\/product_cat?post=1185729"},{"taxonomy":"product_tag","embeddable":true,"href":"https:\/\/theinvisiblecollection.com\/fr\/wp-json\/wp\/v2\/product_tag?post=1185729"},{"taxonomy":"product_designer","embeddable":true,"href":"https:\/\/theinvisiblecollection.com\/fr\/wp-json\/wp\/v2\/product_designer?post=1185729"},{"taxonomy":"comfabric","embeddable":true,"href":"https:\/\/theinvisiblecollection.com\/fr\/wp-json\/wp\/v2\/comfabric?post=1185729"},{"taxonomy":"manufacturer","embeddable":true,"href":"https:\/\/theinvisiblecollection.com\/fr\/wp-json\/wp\/v2\/manufacturer?post=1185729"},{"taxonomy":"reporting_designer","embeddable":true,"href":"https:\/\/theinvisiblecollection.com\/fr\/wp-json\/wp\/v2\/reporting_designer?post=1185729"},{"taxonomy":"samplecomfabric","embeddable":true,"href":"https:\/\/theinvisiblecollection.com\/fr\/wp-json\/wp\/v2\/samplecomfabric?post=1185729"},{"taxonomy":"clubroom_product_designer","embeddable":true,"href":"https:\/\/theinvisiblecollection.com\/fr\/wp-json\/wp\/v2\/designer_clubroom?post=1185729"}],"curies":[{"name":"wp","href":"https:\/\/api.w.org\/{rel}","templated":true}]}}