{"id":1188489,"date":"2022-11-21T17:13:01","date_gmt":"2022-11-21T16:13:01","guid":{"rendered":"https:\/\/theinvisiblecollection.com\/?post_type=product&#038;p=1188489"},"modified":"2026-05-01T07:38:29","modified_gmt":"2026-05-01T07:38:29","slug":"lars-nilsson-bougeoir-rouge-ruddy-c3-2","status":"publish","type":"product","link":"https:\/\/theinvisiblecollection.com\/fr\/produit\/lars-nilsson-bougeoir-rouge-ruddy-c3-2\/","title":{"rendered":"Bougeoir Rouge Ruddy C3"},"content":{"rendered":"<p style=\"text-align: justify\">C\u2019est en observant la nature, que Lars Nilsson a trouv\u00e9 l\u2019inspiration de ses bougeoirs. Associations de couleurs, ch\u00eane massif sculpt\u00e9 \u00e0 la main, tissu en laine feutr\u00e9e cousu ont initi\u00e9 ses cr\u00e9ations.<\/p>\n","protected":false},"excerpt":{"rendered":"<ul>\n<li>Composition : bronze \/ c\u00e9ramique \/ laine<\/li>\n<li>Chaque pi\u00e8ce est unique<\/li>\n<\/ul>\n","protected":false},"featured_media":1188518,"template":"","meta":{"_acf_changed":false,"content-type":"","_themeisle_gutenberg_block_has_review":false},"product_brand":[],"product_cat":[12529,16319,19973],"product_tag":[22790,31476,35206],"product_designer":[17811],"comfabric":[],"manufacturer":[17809],"reporting_designer":[37623],"samplecomfabric":[],"designer_clubroom":[20500],"class_list":{"0":"post-1188489","1":"product","2":"type-product","3":"status-publish","4":"has-post-thumbnail","6":"clubroom_taxonomies-gift-room","7":"product_cat-bougies-bougeoirs","8":"product_cat-cartes-cadeaux","9":"product_cat-accessoires-pour-la-maison","10":"product_tag-disponible-immediatement","11":"product_tag-st-collectible-fr","12":"product_tag-exclusive-fr","13":"product_designer-lars-nilsson-fr","14":"manufacturer-lars-nilsson-fr","15":"reporting_designer-lars-nilsson","16":"clubroom_product_designer-lars-nilsson-fr","17":"exhibitions-londres-fr","19":"first","20":"instock","21":"taxable","22":"shipping-taxable","23":"purchasable","24":"product-type-simple"},"acf":[],"_links":{"self":[{"href":"https:\/\/theinvisiblecollection.com\/fr\/wp-json\/wp\/v2\/product\/1188489","targetHints":{"allow":["GET"]}}],"collection":[{"href":"https:\/\/theinvisiblecollection.com\/fr\/wp-json\/wp\/v2\/product"}],"about":[{"href":"https:\/\/theinvisiblecollection.com\/fr\/wp-json\/wp\/v2\/types\/product"}],"wp:featuredmedia":[{"embeddable":true,"href":"https:\/\/theinvisiblecollection.com\/fr\/wp-json\/wp\/v2\/media\/1188518"}],"wp:attachment":[{"href":"https:\/\/theinvisiblecollection.com\/fr\/wp-json\/wp\/v2\/media?parent=1188489"}],"wp:term":[{"taxonomy":"product_brand","embeddable":true,"href":"https:\/\/theinvisiblecollection.com\/fr\/wp-json\/wp\/v2\/product_brand?post=1188489"},{"taxonomy":"product_cat","embeddable":true,"href":"https:\/\/theinvisiblecollection.com\/fr\/wp-json\/wp\/v2\/product_cat?post=1188489"},{"taxonomy":"product_tag","embeddable":true,"href":"https:\/\/theinvisiblecollection.com\/fr\/wp-json\/wp\/v2\/product_tag?post=1188489"},{"taxonomy":"product_designer","embeddable":true,"href":"https:\/\/theinvisiblecollection.com\/fr\/wp-json\/wp\/v2\/product_designer?post=1188489"},{"taxonomy":"comfabric","embeddable":true,"href":"https:\/\/theinvisiblecollection.com\/fr\/wp-json\/wp\/v2\/comfabric?post=1188489"},{"taxonomy":"manufacturer","embeddable":true,"href":"https:\/\/theinvisiblecollection.com\/fr\/wp-json\/wp\/v2\/manufacturer?post=1188489"},{"taxonomy":"reporting_designer","embeddable":true,"href":"https:\/\/theinvisiblecollection.com\/fr\/wp-json\/wp\/v2\/reporting_designer?post=1188489"},{"taxonomy":"samplecomfabric","embeddable":true,"href":"https:\/\/theinvisiblecollection.com\/fr\/wp-json\/wp\/v2\/samplecomfabric?post=1188489"},{"taxonomy":"clubroom_product_designer","embeddable":true,"href":"https:\/\/theinvisiblecollection.com\/fr\/wp-json\/wp\/v2\/designer_clubroom?post=1188489"}],"curies":[{"name":"wp","href":"https:\/\/api.w.org\/{rel}","templated":true}]}}