{"id":119305,"date":"2022-02-16T02:22:35","date_gmt":"2022-02-16T01:22:35","guid":{"rendered":"https:\/\/theinvisiblecollection.com\/?post_type=product&#038;p=119305"},"modified":"2026-05-01T07:39:02","modified_gmt":"2026-05-01T07:39:02","slug":"pietro-franceschini-gueridon-collide","status":"publish","type":"product","link":"https:\/\/theinvisiblecollection.com\/fr\/produit\/pietro-franceschini-gueridon-collide\/","title":{"rendered":"Gu\u00e9ridon Collide"},"content":{"rendered":"<p style=\"text-align: justify;\"><span class=\"TextRun SCXW45777450 BCX4\" lang=\"EN-GB\" xml:lang=\"EN-GB\" data-contrast=\"auto\"><span class=\"NormalTextRun SpellingErrorV2 SCXW45777450 BCX4\">Gu\u00e9ridon<\/span> <span class=\"NormalTextRun SpellingErrorV2 SCXW45777450 BCX4\">g\u00e9om\u00e9trique<\/span> <span class=\"NormalTextRun SpellingErrorV2 SCXW45777450 BCX4\">en<\/span> <span class=\"NormalTextRun SpellingErrorV2 SCXW45777450 BCX4\">laiton<\/span> <span class=\"NormalTextRun SpellingErrorV2 SCXW45777450 BCX4\">patin\u00e9<\/span><span class=\"NormalTextRun SCXW45777450 BCX4\">. <\/span><span class=\"NormalTextRun SpellingErrorV2 SpellingErrorHighlight SCXW45777450 BCX4\">Fabriqu\u00e9<\/span><span class=\"NormalTextRun SCXW45777450 BCX4\"> \u00e0 la main \u00e0 Florence<\/span><span class=\"NormalTextRun SCXW45777450 BCX4\">, <\/span><span class=\"NormalTextRun SpellingErrorV2 SCXW45777450 BCX4\">en<\/span> <span class=\"NormalTextRun SCXW45777450 BCX4\">Italie, Collide <\/span><span class=\"NormalTextRun SpellingErrorV2 SCXW45777450 BCX4\">faisait<\/span> <span class=\"NormalTextRun SpellingErrorV2 SCXW45777450 BCX4\">partie<\/span><span class=\"NormalTextRun SCXW45777450 BCX4\"> de la collection Olympus. Minimal et <\/span><span class=\"NormalTextRun SpellingErrorV2 SCXW45777450 BCX4\">masculin<\/span><span class=\"NormalTextRun SCXW45777450 BCX4\">, il se <\/span><span class=\"NormalTextRun SpellingErrorV2 SCXW45777450 BCX4\">distingue<\/span><span class=\"NormalTextRun SCXW45777450 BCX4\"> par <\/span><span class=\"NormalTextRun SpellingErrorV2 SCXW45777450 BCX4\">sa<\/span> <span class=\"NormalTextRun SpellingErrorV2 SCXW45777450 BCX4\">patine<\/span> <span class=\"NormalTextRun SpellingErrorV2 SCXW45777450 BCX4\">textur\u00e9e<\/span><span class=\"NormalTextRun SCXW45777450 BCX4\">.<\/span><\/span><span class=\"EOP SCXW45777450 BCX4\" data-ccp-props=\"{&quot;201341983&quot;:0,&quot;335559740&quot;:259}\">\u00a0<\/span><\/p>\n","protected":false},"excerpt":{"rendered":"<p>Gu\u00e9ridon g\u00e9om\u00e9trique en laiton patin\u00e9 et acier noirci<br \/>\nFinition mate<\/p>\n<p>L 35 x H 45 cm<\/p>\n<p>Fabriqu\u00e9 \u00e0 la main en Italie<br \/>\nD\u00e9lais de fabrication : 10 semaines<\/p>\n<p><span style=\"text-decoration: underline;\"><a href=\"https:\/\/www.theinvisiblecollection.com\/demande-de-devis\/?product_id=119305\" target=\"_blank\" rel=\"noopener\">Contactez-nous pour toute demande de devis ou de renseignements<\/a><\/span><\/p>\n","protected":false},"featured_media":120630,"template":"","meta":{"_acf_changed":false,"content-type":"","_themeisle_gutenberg_block_has_review":false},"product_brand":[],"product_cat":[12514,12332],"product_tag":[],"product_designer":[15447],"comfabric":[],"manufacturer":[20692],"reporting_designer":[37831],"samplecomfabric":[],"designer_clubroom":[],"class_list":{"0":"post-119305","1":"product","2":"type-product","3":"status-publish","4":"has-post-thumbnail","6":"product_cat-tables-de-chevet","7":"product_cat-tables-dappoint","8":"pa_finish-acier-avec-finition-en-laiton","9":"pa_finish-acier-noir","10":"pa_finish-aluminium-fr","11":"pa_finish-laiton-noirci","12":"pa_finish-laiton-patine-fr","13":"pa_finish-laiton-poli","14":"pa_finish-satine-laiton-noirci","15":"product_designer-pietro-franceschini-fr","16":"manufacturer-pietro-franceschini-we-do-fr","17":"reporting_designer-pietro-franceschini","19":"first","20":"instock","21":"taxable","22":"shipping-taxable","23":"purchasable","24":"product-type-simple"},"acf":[],"_links":{"self":[{"href":"https:\/\/theinvisiblecollection.com\/fr\/wp-json\/wp\/v2\/product\/119305","targetHints":{"allow":["GET"]}}],"collection":[{"href":"https:\/\/theinvisiblecollection.com\/fr\/wp-json\/wp\/v2\/product"}],"about":[{"href":"https:\/\/theinvisiblecollection.com\/fr\/wp-json\/wp\/v2\/types\/product"}],"wp:featuredmedia":[{"embeddable":true,"href":"https:\/\/theinvisiblecollection.com\/fr\/wp-json\/wp\/v2\/media\/120630"}],"wp:attachment":[{"href":"https:\/\/theinvisiblecollection.com\/fr\/wp-json\/wp\/v2\/media?parent=119305"}],"wp:term":[{"taxonomy":"product_brand","embeddable":true,"href":"https:\/\/theinvisiblecollection.com\/fr\/wp-json\/wp\/v2\/product_brand?post=119305"},{"taxonomy":"product_cat","embeddable":true,"href":"https:\/\/theinvisiblecollection.com\/fr\/wp-json\/wp\/v2\/product_cat?post=119305"},{"taxonomy":"product_tag","embeddable":true,"href":"https:\/\/theinvisiblecollection.com\/fr\/wp-json\/wp\/v2\/product_tag?post=119305"},{"taxonomy":"product_designer","embeddable":true,"href":"https:\/\/theinvisiblecollection.com\/fr\/wp-json\/wp\/v2\/product_designer?post=119305"},{"taxonomy":"comfabric","embeddable":true,"href":"https:\/\/theinvisiblecollection.com\/fr\/wp-json\/wp\/v2\/comfabric?post=119305"},{"taxonomy":"manufacturer","embeddable":true,"href":"https:\/\/theinvisiblecollection.com\/fr\/wp-json\/wp\/v2\/manufacturer?post=119305"},{"taxonomy":"reporting_designer","embeddable":true,"href":"https:\/\/theinvisiblecollection.com\/fr\/wp-json\/wp\/v2\/reporting_designer?post=119305"},{"taxonomy":"samplecomfabric","embeddable":true,"href":"https:\/\/theinvisiblecollection.com\/fr\/wp-json\/wp\/v2\/samplecomfabric?post=119305"},{"taxonomy":"clubroom_product_designer","embeddable":true,"href":"https:\/\/theinvisiblecollection.com\/fr\/wp-json\/wp\/v2\/designer_clubroom?post=119305"}],"curies":[{"name":"wp","href":"https:\/\/api.w.org\/{rel}","templated":true}]}}