{"id":1193471,"date":"2022-11-22T10:30:57","date_gmt":"2022-11-22T09:30:57","guid":{"rendered":"https:\/\/theinvisiblecollection.com\/?post_type=product&#038;p=1193471"},"modified":"2026-05-01T07:38:29","modified_gmt":"2026-05-01T07:38:29","slug":"lars-nilsson-plat-en-ceramique-encre","status":"publish","type":"product","link":"https:\/\/theinvisiblecollection.com\/fr\/produit\/lars-nilsson-plat-en-ceramique-encre\/","title":{"rendered":"Plat En C\u00e9ramique Encre"},"content":{"rendered":"","protected":false},"excerpt":{"rendered":"<ul>\n<li>Composition : c\u00e9ramique \u00e9maill\u00e9e<\/li>\n<li>Pi\u00e8ce unique<\/li>\n<\/ul>\n","protected":false},"featured_media":1193353,"template":"","meta":{"_acf_changed":false,"content-type":"","_themeisle_gutenberg_block_has_review":false},"product_brand":[],"product_cat":[19981,19984],"product_tag":[22790,31475,31476,35206],"product_designer":[17811],"comfabric":[],"manufacturer":[17809],"reporting_designer":[37623],"samplecomfabric":[],"designer_clubroom":[20500],"class_list":{"0":"post-1193471","1":"product","2":"type-product","3":"status-publish","4":"has-post-thumbnail","6":"clubroom_taxonomies-gift-room","7":"product_cat-art-de-la-table","8":"product_cat-assiettes-et-plats","9":"product_tag-disponible-immediatement","10":"product_tag-st-ceramic-fr","11":"product_tag-st-collectible-fr","12":"product_tag-exclusive-fr","13":"product_designer-lars-nilsson-fr","14":"manufacturer-lars-nilsson-fr","15":"reporting_designer-lars-nilsson","16":"clubroom_product_designer-lars-nilsson-fr","17":"exhibitions-londres-fr","19":"first","20":"instock","21":"taxable","22":"shipping-taxable","23":"purchasable","24":"product-type-simple"},"acf":[],"_links":{"self":[{"href":"https:\/\/theinvisiblecollection.com\/fr\/wp-json\/wp\/v2\/product\/1193471","targetHints":{"allow":["GET"]}}],"collection":[{"href":"https:\/\/theinvisiblecollection.com\/fr\/wp-json\/wp\/v2\/product"}],"about":[{"href":"https:\/\/theinvisiblecollection.com\/fr\/wp-json\/wp\/v2\/types\/product"}],"wp:featuredmedia":[{"embeddable":true,"href":"https:\/\/theinvisiblecollection.com\/fr\/wp-json\/wp\/v2\/media\/1193353"}],"wp:attachment":[{"href":"https:\/\/theinvisiblecollection.com\/fr\/wp-json\/wp\/v2\/media?parent=1193471"}],"wp:term":[{"taxonomy":"product_brand","embeddable":true,"href":"https:\/\/theinvisiblecollection.com\/fr\/wp-json\/wp\/v2\/product_brand?post=1193471"},{"taxonomy":"product_cat","embeddable":true,"href":"https:\/\/theinvisiblecollection.com\/fr\/wp-json\/wp\/v2\/product_cat?post=1193471"},{"taxonomy":"product_tag","embeddable":true,"href":"https:\/\/theinvisiblecollection.com\/fr\/wp-json\/wp\/v2\/product_tag?post=1193471"},{"taxonomy":"product_designer","embeddable":true,"href":"https:\/\/theinvisiblecollection.com\/fr\/wp-json\/wp\/v2\/product_designer?post=1193471"},{"taxonomy":"comfabric","embeddable":true,"href":"https:\/\/theinvisiblecollection.com\/fr\/wp-json\/wp\/v2\/comfabric?post=1193471"},{"taxonomy":"manufacturer","embeddable":true,"href":"https:\/\/theinvisiblecollection.com\/fr\/wp-json\/wp\/v2\/manufacturer?post=1193471"},{"taxonomy":"reporting_designer","embeddable":true,"href":"https:\/\/theinvisiblecollection.com\/fr\/wp-json\/wp\/v2\/reporting_designer?post=1193471"},{"taxonomy":"samplecomfabric","embeddable":true,"href":"https:\/\/theinvisiblecollection.com\/fr\/wp-json\/wp\/v2\/samplecomfabric?post=1193471"},{"taxonomy":"clubroom_product_designer","embeddable":true,"href":"https:\/\/theinvisiblecollection.com\/fr\/wp-json\/wp\/v2\/designer_clubroom?post=1193471"}],"curies":[{"name":"wp","href":"https:\/\/api.w.org\/{rel}","templated":true}]}}