{"id":1194238,"date":"2022-11-22T11:44:16","date_gmt":"2022-11-22T10:44:16","guid":{"rendered":"https:\/\/theinvisiblecollection.com\/?post_type=product&#038;p=1194238"},"modified":"2026-05-01T07:38:29","modified_gmt":"2026-05-01T07:38:29","slug":"lars-nilsson-bougeoir-bois-c16","status":"publish","type":"product","link":"https:\/\/theinvisiblecollection.com\/fr\/produit\/lars-nilsson-bougeoir-bois-c16\/","title":{"rendered":"Bougeoir Bois C16"},"content":{"rendered":"<p style=\"text-align: justify;\"><span class=\"NormalTextRun SpellingErrorV2Themed SCXW175452004 BCX0\">C\u2019est<\/span> <span class=\"NormalTextRun SpellingErrorV2Themed SCXW175452004 BCX0\">en<\/span><span class=\"NormalTextRun SCXW175452004 BCX0\"> observant la nature, plus <\/span><span class=\"NormalTextRun SpellingErrorV2Themed SCXW175452004 BCX0\">pr\u00e9cis\u00e9ment<\/span><span class=\"NormalTextRun SCXW175452004 BCX0\"> les <\/span><span class=\"NormalTextRun SpellingErrorV2Themed SCXW175452004 BCX0\">magnifiques<\/span> <span class=\"NormalTextRun SpellingErrorV2Themed SCXW175452004 BCX0\">arbres<\/span> <span class=\"NormalTextRun SpellingErrorV2Themed SCXW175452004 BCX0\">topiaires<\/span><span class=\"NormalTextRun SCXW175452004 BCX0\"> du parc de Hildasholm <\/span><span class=\"NormalTextRun SpellingErrorV2Themed SCXW175452004 BCX0\">en<\/span> <span class=\"NormalTextRun SpellingErrorV2Themed SCXW175452004 BCX0\">Dal\u00e9carlie<\/span><span class=\"NormalTextRun SCXW175452004 BCX0\"> et <\/span><span class=\"NormalTextRun SpellingErrorV2Themed SCXW175452004 BCX0\">l&#8217;horizon<\/span><span class=\"NormalTextRun SCXW175452004 BCX0\"> au-dessus des lacs que Lars Nilsson a trouv\u00e9 <\/span><span class=\"NormalTextRun SpellingErrorV2Themed SCXW175452004 BCX0\">l\u2019inspiration<\/span><span class=\"NormalTextRun SCXW175452004 BCX0\"> de <\/span><span class=\"NormalTextRun SpellingErrorV2Themed SCXW175452004 BCX0\">ses<\/span> <span class=\"NormalTextRun SpellingErrorV2Themed SCXW175452004 BCX0\">bougeoirs<\/span><span class=\"NormalTextRun SCXW175452004 BCX0\">. Les associations de couleurs <\/span><span class=\"NormalTextRun SpellingErrorV2Themed SCXW175452004 BCX0\">provenant<\/span><span class=\"NormalTextRun SCXW175452004 BCX0\"> de la lumi\u00e8re se <\/span><span class=\"NormalTextRun SpellingErrorV2Themed SCXW175452004 BCX0\">refl\u00e9tant<\/span><span class=\"NormalTextRun SCXW175452004 BCX0\"> sur <\/span><span class=\"NormalTextRun SpellingErrorV2Themed SCXW175452004 BCX0\">l&#8217;eau<\/span> <span class=\"NormalTextRun SpellingErrorV2Themed SCXW175452004 BCX0\">ont<\/span> <span class=\"NormalTextRun SpellingErrorV2Themed SCXW175452004 BCX0\">\u00e9t\u00e9<\/span><span class=\"NormalTextRun SCXW175452004 BCX0\"> le point de <\/span><span class=\"NormalTextRun SpellingErrorV2Themed SCXW175452004 BCX0\">d\u00e9part<\/span><span class=\"NormalTextRun SCXW175452004 BCX0\"> de <\/span><span class=\"NormalTextRun SpellingErrorV2Themed SCXW175452004 BCX0\">ses<\/span> <span class=\"NormalTextRun SpellingErrorV2Themed SCXW175452004 BCX0\">cr\u00e9ations<\/span><span class=\"NormalTextRun SCXW175452004 BCX0\"> aux <\/span><span class=\"NormalTextRun SpellingErrorV2Themed SCXW175452004 BCX0\">formes<\/span> <span class=\"NormalTextRun SpellingErrorV2Themed SCXW175452004 BCX0\">graphiques<\/span><span class=\"NormalTextRun SCXW175452004 BCX0\"> et <\/span><span class=\"NormalTextRun SpellingErrorV2Themed SCXW175452004 BCX0\">sculpturales<\/span> <span class=\"NormalTextRun SpellingErrorV2Themed SCXW175452004 BCX0\">faites<\/span><span class=\"NormalTextRun SCXW175452004 BCX0\"> de <\/span><span class=\"NormalTextRun SpellingErrorV2Themed SCXW175452004 BCX0\">mat\u00e9riaux<\/span><span class=\"NormalTextRun SCXW175452004 BCX0\"> divers. Lors de son <\/span><span class=\"NormalTextRun SpellingErrorV2Themed SCXW175452004 BCX0\">ann\u00e9e<\/span><span class=\"NormalTextRun SCXW175452004 BCX0\"> pass\u00e9e \u00e0 Dalarna, Lars Nilsson a <\/span><span class=\"NormalTextRun SpellingErrorV2Themed SCXW175452004 BCX0\">con\u00e7u<\/span><span class=\"NormalTextRun SCXW175452004 BCX0\"> et <\/span><span class=\"NormalTextRun SpellingErrorV2Themed SCXW175452004 BCX0\">fabriqu\u00e9<\/span> <span class=\"NormalTextRun SpellingErrorV2Themed SCXW175452004 BCX0\">chaque<\/span><span class=\"NormalTextRun SCXW175452004 BCX0\"> chandelier \u00e0 la main avec <\/span><span class=\"NormalTextRun SpellingErrorV2Themed SCXW175452004 BCX0\">l&#8217;aide<\/span><span class=\"NormalTextRun SCXW175452004 BCX0\"> des artisans de <\/span><span class=\"NormalTextRun SpellingErrorV2Themed SCXW175452004 BCX0\">l&#8217;atelier<\/span><span class=\"NormalTextRun SCXW175452004 BCX0\"> de <\/span><span class=\"NormalTextRun SpellingErrorV2Themed SCXW175452004 BCX0\">c\u00e9ramique<\/span><span class=\"NormalTextRun SCXW175452004 BCX0\"> local et de la <\/span><span class=\"NormalTextRun SpellingErrorV2Themed SCXW175452004 BCX0\">fonderie<\/span><span class=\"NormalTextRun SCXW175452004 BCX0\"> de bronze. Il a ensuite <\/span><span class=\"NormalTextRun SpellingErrorV2Themed SCXW175452004 BCX0\">associ\u00e9<\/span><span class=\"NormalTextRun SCXW175452004 BCX0\"> des <\/span><span class=\"NormalTextRun SpellingErrorV2Themed SCXW175452004 BCX0\">\u00e9l\u00e9ments<\/span> <span class=\"NormalTextRun SpellingErrorV2Themed SCXW175452004 BCX0\">en<\/span> <span class=\"NormalTextRun SpellingErrorV2Themed SCXW175452004 BCX0\">ch\u00eane<\/span><span class=\"NormalTextRun SCXW175452004 BCX0\"> massif <\/span><span class=\"NormalTextRun SpellingErrorV2Themed SCXW175452004 BCX0\">sculpt\u00e9s<\/span><span class=\"NormalTextRun SCXW175452004 BCX0\"> \u00e0 la main et un <\/span><span class=\"NormalTextRun SpellingErrorV2Themed SCXW175452004 BCX0\">tissu<\/span> <span class=\"NormalTextRun SpellingErrorV2Themed SCXW175452004 BCX0\">en<\/span><span class=\"NormalTextRun SCXW175452004 BCX0\"> laine <\/span><span class=\"NormalTextRun SpellingErrorV2Themed SCXW175452004 BCX0\">feutr\u00e9e<\/span> <span class=\"NormalTextRun SpellingErrorV2Themed SCXW175452004 BCX0\">cousu<\/span><span class=\"NormalTextRun SCXW175452004 BCX0\">, <\/span><span class=\"NormalTextRun SpellingErrorV2Themed SCXW175452004 BCX0\">fabriqu\u00e9<\/span><span class=\"NormalTextRun SCXW175452004 BCX0\"> \u00e0 <\/span><span class=\"NormalTextRun SpellingErrorV2Themed SCXW175452004 BCX0\">partir<\/span><span class=\"NormalTextRun SCXW175452004 BCX0\"> des moutons qui <\/span><span class=\"NormalTextRun SpellingErrorV2Themed SCXW175452004 BCX0\">paissent<\/span> <span class=\"NormalTextRun SpellingErrorV2Themed SCXW175452004 BCX0\">autour<\/span><span class=\"NormalTextRun SCXW175452004 BCX0\"> du lac Siljan. Le <\/span><span class=\"NormalTextRun SpellingErrorV2Themed SCXW175452004 BCX0\">r\u00e9sultat<\/span><span class=\"NormalTextRun SCXW175452004 BCX0\">\u00a0? Une ode <\/span><span class=\"NormalTextRun SpellingErrorV2Themed SCXW175452004 BCX0\">merveilleuse<\/span><span class=\"NormalTextRun SCXW175452004 BCX0\"> \u00e0 <\/span><span class=\"NormalTextRun SpellingErrorV2Themed SCXW175452004 BCX0\">l&#8217;horizon<\/span> <span class=\"NormalTextRun SpellingErrorV2Themed SCXW175452004 BCX0\">toujours<\/span> <span class=\"NormalTextRun SpellingErrorV2Themed SCXW175452004 BCX0\">changeant<\/span><span class=\"NormalTextRun SCXW175452004 BCX0\">.<\/span><\/p>\n","protected":false},"excerpt":{"rendered":"<p>Pi\u00e8ce unique<br \/>\nBougeoir en bronze, c\u00e9ramique, bois et laine<\/p>\n<p>L 9.5 x H 31 cm<\/p>\n<p>Fabriqu\u00e9 \u00e0 la main en Su\u00e8de<br \/>\nDisponible imm\u00e9diatement<br \/>\n<span style=\"text-decoration: underline;\"><a href=\"https:\/\/www.theinvisiblecollection.com\/quote\/?product_id=1194238\" target=\"_blank\" rel=\"noopener\"><span class=\"s1\">Contactez-nous pour toute demande de devis ou de renseignements<\/span><\/a><\/span><\/p>\n","protected":false},"featured_media":1193953,"template":"","meta":{"_acf_changed":false,"content-type":"","_themeisle_gutenberg_block_has_review":false},"product_brand":[],"product_cat":[7517,12529,12531],"product_tag":[7435,22790,31476,35206],"product_designer":[17811],"comfabric":[],"manufacturer":[17809],"reporting_designer":[37623],"samplecomfabric":[],"designer_clubroom":[],"class_list":{"0":"post-1194238","1":"product","2":"type-product","3":"status-publish","4":"has-post-thumbnail","6":"product_cat-deco-fr","7":"product_cat-bougies-bougeoirs","8":"product_cat-objets-de-decoration","9":"product_tag-new-in-fr","10":"product_tag-disponible-immediatement","11":"product_tag-st-collectible-fr","12":"product_tag-exclusive-fr","13":"product_designer-lars-nilsson-fr","14":"manufacturer-lars-nilsson-fr","15":"reporting_designer-lars-nilsson","16":"exhibitions-new-york-fr","17":"exhibitions-londres-fr","19":"first","20":"instock","21":"taxable","22":"shipping-taxable","23":"purchasable","24":"product-type-simple"},"acf":[],"_links":{"self":[{"href":"https:\/\/theinvisiblecollection.com\/fr\/wp-json\/wp\/v2\/product\/1194238","targetHints":{"allow":["GET"]}}],"collection":[{"href":"https:\/\/theinvisiblecollection.com\/fr\/wp-json\/wp\/v2\/product"}],"about":[{"href":"https:\/\/theinvisiblecollection.com\/fr\/wp-json\/wp\/v2\/types\/product"}],"wp:featuredmedia":[{"embeddable":true,"href":"https:\/\/theinvisiblecollection.com\/fr\/wp-json\/wp\/v2\/media\/1193953"}],"wp:attachment":[{"href":"https:\/\/theinvisiblecollection.com\/fr\/wp-json\/wp\/v2\/media?parent=1194238"}],"wp:term":[{"taxonomy":"product_brand","embeddable":true,"href":"https:\/\/theinvisiblecollection.com\/fr\/wp-json\/wp\/v2\/product_brand?post=1194238"},{"taxonomy":"product_cat","embeddable":true,"href":"https:\/\/theinvisiblecollection.com\/fr\/wp-json\/wp\/v2\/product_cat?post=1194238"},{"taxonomy":"product_tag","embeddable":true,"href":"https:\/\/theinvisiblecollection.com\/fr\/wp-json\/wp\/v2\/product_tag?post=1194238"},{"taxonomy":"product_designer","embeddable":true,"href":"https:\/\/theinvisiblecollection.com\/fr\/wp-json\/wp\/v2\/product_designer?post=1194238"},{"taxonomy":"comfabric","embeddable":true,"href":"https:\/\/theinvisiblecollection.com\/fr\/wp-json\/wp\/v2\/comfabric?post=1194238"},{"taxonomy":"manufacturer","embeddable":true,"href":"https:\/\/theinvisiblecollection.com\/fr\/wp-json\/wp\/v2\/manufacturer?post=1194238"},{"taxonomy":"reporting_designer","embeddable":true,"href":"https:\/\/theinvisiblecollection.com\/fr\/wp-json\/wp\/v2\/reporting_designer?post=1194238"},{"taxonomy":"samplecomfabric","embeddable":true,"href":"https:\/\/theinvisiblecollection.com\/fr\/wp-json\/wp\/v2\/samplecomfabric?post=1194238"},{"taxonomy":"clubroom_product_designer","embeddable":true,"href":"https:\/\/theinvisiblecollection.com\/fr\/wp-json\/wp\/v2\/designer_clubroom?post=1194238"}],"curies":[{"name":"wp","href":"https:\/\/api.w.org\/{rel}","templated":true}]}}