{"id":119456,"date":"2022-02-18T18:43:33","date_gmt":"2022-02-18T17:43:33","guid":{"rendered":"https:\/\/theinvisiblecollection.com\/?post_type=product&#038;p=119456"},"modified":"2026-05-01T07:39:02","modified_gmt":"2026-05-01T07:39:02","slug":"pietro-franceschini-tables-bases-twins","status":"publish","type":"product","link":"https:\/\/theinvisiblecollection.com\/fr\/produit\/pietro-franceschini-tables-bases-twins\/","title":{"rendered":"Table Basse Twins"},"content":{"rendered":"<p style=\"text-align: justify;\" data-mce-style=\"text-align: justify;\">Low Twins est un ensemble de deux tables basses en Corian ressemblant \u00e0 du Terrazzo. Les deux pi\u00e8ces se compl\u00e8tent dans une conversion dynamique entre les quatre pieds.<\/p>\n","protected":false},"excerpt":{"rendered":"<p><p>Set de deux tables basses identiques en Corian, mat\u00e9riau composite<br \/>Finition terrazzo Pebble<\/p>\n<\/p>\n<p><p>Une table :<br \/>L 57 x l 53 x H 29 cm<br \/>Set de deux tables :<br \/>L 114 x l 106 x H 58 cm<\/p>\n<\/p>\n<p><p>Fabriqu\u00e9e \u00e0 la main en Italie<br \/>D\u00e9lais de fabrication : 10 semaines<\/p>\n<p><span style=\"text-decoration: underline\" data-mce-style=\"text-decoration: underline;\"><a href=\"https:\/\/www.theinvisiblecollection.com\/demande-de-devis\/?product_id=119456\" data-mce-href=\"https:\/\/www.theinvisiblecollection.com\/demande-de-devis\/?product_id=119456\">Contactez-nous pour toute demande de devis ou de renseignements\ufeff<\/a><\/span><\/p><\/p>\n","protected":false},"featured_media":120625,"template":"","meta":{"_acf_changed":false,"content-type":"","_themeisle_gutenberg_block_has_review":false},"product_brand":[],"product_cat":[7509],"product_tag":[31477],"product_designer":[15447],"comfabric":[],"manufacturer":[20692],"reporting_designer":[37831],"samplecomfabric":[],"designer_clubroom":[],"class_list":{"0":"post-119456","1":"product","2":"type-product","3":"status-publish","4":"has-post-thumbnail","6":"product_cat-tables-basses-dappoint","7":"product_tag-st-curvy-fr","8":"product_designer-pietro-franceschini-fr","9":"manufacturer-pietro-franceschini-we-do-fr","10":"reporting_designer-pietro-franceschini","12":"first","13":"instock","14":"taxable","15":"shipping-taxable","16":"purchasable","17":"product-type-simple"},"acf":[],"_links":{"self":[{"href":"https:\/\/theinvisiblecollection.com\/fr\/wp-json\/wp\/v2\/product\/119456","targetHints":{"allow":["GET"]}}],"collection":[{"href":"https:\/\/theinvisiblecollection.com\/fr\/wp-json\/wp\/v2\/product"}],"about":[{"href":"https:\/\/theinvisiblecollection.com\/fr\/wp-json\/wp\/v2\/types\/product"}],"wp:featuredmedia":[{"embeddable":true,"href":"https:\/\/theinvisiblecollection.com\/fr\/wp-json\/wp\/v2\/media\/120625"}],"wp:attachment":[{"href":"https:\/\/theinvisiblecollection.com\/fr\/wp-json\/wp\/v2\/media?parent=119456"}],"wp:term":[{"taxonomy":"product_brand","embeddable":true,"href":"https:\/\/theinvisiblecollection.com\/fr\/wp-json\/wp\/v2\/product_brand?post=119456"},{"taxonomy":"product_cat","embeddable":true,"href":"https:\/\/theinvisiblecollection.com\/fr\/wp-json\/wp\/v2\/product_cat?post=119456"},{"taxonomy":"product_tag","embeddable":true,"href":"https:\/\/theinvisiblecollection.com\/fr\/wp-json\/wp\/v2\/product_tag?post=119456"},{"taxonomy":"product_designer","embeddable":true,"href":"https:\/\/theinvisiblecollection.com\/fr\/wp-json\/wp\/v2\/product_designer?post=119456"},{"taxonomy":"comfabric","embeddable":true,"href":"https:\/\/theinvisiblecollection.com\/fr\/wp-json\/wp\/v2\/comfabric?post=119456"},{"taxonomy":"manufacturer","embeddable":true,"href":"https:\/\/theinvisiblecollection.com\/fr\/wp-json\/wp\/v2\/manufacturer?post=119456"},{"taxonomy":"reporting_designer","embeddable":true,"href":"https:\/\/theinvisiblecollection.com\/fr\/wp-json\/wp\/v2\/reporting_designer?post=119456"},{"taxonomy":"samplecomfabric","embeddable":true,"href":"https:\/\/theinvisiblecollection.com\/fr\/wp-json\/wp\/v2\/samplecomfabric?post=119456"},{"taxonomy":"clubroom_product_designer","embeddable":true,"href":"https:\/\/theinvisiblecollection.com\/fr\/wp-json\/wp\/v2\/designer_clubroom?post=119456"}],"curies":[{"name":"wp","href":"https:\/\/api.w.org\/{rel}","templated":true}]}}