{"id":119508,"date":"2022-02-16T15:59:52","date_gmt":"2022-02-16T14:59:52","guid":{"rendered":"https:\/\/theinvisiblecollection.com\/?post_type=product&#038;p=119508"},"modified":"2026-05-01T07:39:02","modified_gmt":"2026-05-01T07:39:02","slug":"pietro-franceschini-ottoman-athena","status":"publish","type":"product","link":"https:\/\/theinvisiblecollection.com\/fr\/produit\/pietro-franceschini-ottoman-athena\/","title":{"rendered":"Ottoman Athena"},"content":{"rendered":"<p style=\"text-align: justify;\">Athena est un pouf \u00e0 trois pieds qui fait partie de la collection Olympus (2020). Les qualit\u00e9s sculpturales se m\u00ealent \u00e0 une touche d&#8217;espi\u00e8glerie. La douceur du rembourrage cr\u00e9e un contraste avec les \u00e9l\u00e9ments en laiton moul\u00e9.<\/p>\n","protected":false},"excerpt":{"rendered":"<p><p>Ottoman tapiss\u00e9 ici en tissu Dedar Artemidor, couleur Agnello<br \/>Pi\u00e8tement en laiton moul\u00e9<br \/>\u00c9galement disponible en blanc sans tissu<\/p>\n<p><\/p>\n<\/p>\n<p>\u00d8 79 x H 63 cm<br \/>\nHauteur d&#8217;assise: 43 cm<br \/>\nTissu requis: 3.5 m<\/p>\n<p><p>Fabriqu\u00e9 \u00e0 la main en Italie<br \/>D\u00e9lais de fabrication : 10 semaines<\/p>\n<p><span style=\"text-decoration: underline\" data-mce-style=\"text-decoration: underline;\"><a href=\"https:\/\/www.theinvisiblecollection.com\/demande-de-devis\/?product_id=119508\" target=\"_blank\" rel=\"noopener\" data-mce-href=\"https:\/\/www.theinvisiblecollection.com\/demande-de-devis\/?product_id=119508\">Contactez-nous pour toute demande de devis ou de renseignements<\/a><\/span><\/p><\/p>\n","protected":false},"featured_media":120604,"template":"","meta":{"_acf_changed":false,"content-type":"","_themeisle_gutenberg_block_has_review":false},"product_brand":[],"product_cat":[8969,12499],"product_tag":[31474,31477,35326],"product_designer":[15447],"comfabric":[29500],"manufacturer":[20692],"reporting_designer":[37831],"samplecomfabric":[30420],"designer_clubroom":[],"class_list":{"0":"post-119508","1":"product","2":"type-product","3":"status-publish","4":"has-post-thumbnail","6":"product_cat-ottomans-tabourets","7":"product_cat-assises","8":"product_tag-co-white-fr","9":"product_tag-st-curvy-fr","10":"product_tag-st-scandinavian-fr","11":"product_designer-pietro-franceschini-fr","12":"comfabric-pietro-franceschini-arte-italia-home-srl-fr","13":"manufacturer-pietro-franceschini-we-do-fr","14":"reporting_designer-pietro-franceschini","15":"samplecomfabric-pietro-franceschini-arte-italia-home-srl-fr","17":"first","18":"instock","19":"taxable","20":"shipping-taxable","21":"purchasable","22":"product-type-variable"},"acf":[],"_links":{"self":[{"href":"https:\/\/theinvisiblecollection.com\/fr\/wp-json\/wp\/v2\/product\/119508","targetHints":{"allow":["GET"]}}],"collection":[{"href":"https:\/\/theinvisiblecollection.com\/fr\/wp-json\/wp\/v2\/product"}],"about":[{"href":"https:\/\/theinvisiblecollection.com\/fr\/wp-json\/wp\/v2\/types\/product"}],"wp:featuredmedia":[{"embeddable":true,"href":"https:\/\/theinvisiblecollection.com\/fr\/wp-json\/wp\/v2\/media\/120604"}],"wp:attachment":[{"href":"https:\/\/theinvisiblecollection.com\/fr\/wp-json\/wp\/v2\/media?parent=119508"}],"wp:term":[{"taxonomy":"product_brand","embeddable":true,"href":"https:\/\/theinvisiblecollection.com\/fr\/wp-json\/wp\/v2\/product_brand?post=119508"},{"taxonomy":"product_cat","embeddable":true,"href":"https:\/\/theinvisiblecollection.com\/fr\/wp-json\/wp\/v2\/product_cat?post=119508"},{"taxonomy":"product_tag","embeddable":true,"href":"https:\/\/theinvisiblecollection.com\/fr\/wp-json\/wp\/v2\/product_tag?post=119508"},{"taxonomy":"product_designer","embeddable":true,"href":"https:\/\/theinvisiblecollection.com\/fr\/wp-json\/wp\/v2\/product_designer?post=119508"},{"taxonomy":"comfabric","embeddable":true,"href":"https:\/\/theinvisiblecollection.com\/fr\/wp-json\/wp\/v2\/comfabric?post=119508"},{"taxonomy":"manufacturer","embeddable":true,"href":"https:\/\/theinvisiblecollection.com\/fr\/wp-json\/wp\/v2\/manufacturer?post=119508"},{"taxonomy":"reporting_designer","embeddable":true,"href":"https:\/\/theinvisiblecollection.com\/fr\/wp-json\/wp\/v2\/reporting_designer?post=119508"},{"taxonomy":"samplecomfabric","embeddable":true,"href":"https:\/\/theinvisiblecollection.com\/fr\/wp-json\/wp\/v2\/samplecomfabric?post=119508"},{"taxonomy":"clubroom_product_designer","embeddable":true,"href":"https:\/\/theinvisiblecollection.com\/fr\/wp-json\/wp\/v2\/designer_clubroom?post=119508"}],"curies":[{"name":"wp","href":"https:\/\/api.w.org\/{rel}","templated":true}]}}