{"id":1195397,"date":"2022-11-22T13:07:16","date_gmt":"2022-11-22T12:07:16","guid":{"rendered":"https:\/\/theinvisiblecollection.com\/?post_type=product&#038;p=1195397"},"modified":"2026-05-08T04:39:42","modified_gmt":"2026-05-08T04:39:42","slug":"lars-nilsson-lampe-rubis-2","status":"publish","type":"product","link":"https:\/\/theinvisiblecollection.com\/fr\/produit\/lars-nilsson-lampe-rubis-2\/","title":{"rendered":"Lampe Rubis"},"content":{"rendered":"<p style=\"text-align: justify;\">Inspir\u00e9es des arbres topiaires de Hildasholm, les pi\u00e8ces de Lars Nilsson associent des textures et des mat\u00e9riaux \u00e9clectiques comme la c\u00e9ramique, le bronze, le bois de ch\u00eane et la laine feutr\u00e9e.<\/p>\n","protected":false},"excerpt":{"rendered":"<ul>\n<li>Lampe de table<\/li>\n<li>Composition : bronze \/ ch\u00eane \/ c\u00e9ramique \/ laine feutr\u00e9e<\/li>\n<li>Pi\u00e8ce unique<\/li>\n<li>Fournie sans abat-jour<\/li>\n<li>Hauteur d\u2019abat-jour conseill\u00e9e : 30 cm<\/li>\n<\/ul>\n","protected":false},"featured_media":5362954,"template":"","meta":{"_acf_changed":false,"content-type":"","_themeisle_gutenberg_block_has_review":false},"product_brand":[],"product_cat":[8974,12507],"product_tag":[22790,31476,35206],"product_designer":[17811],"comfabric":[],"manufacturer":[17809],"reporting_designer":[37623],"samplecomfabric":[],"designer_clubroom":[20500],"class_list":{"0":"post-1195397","1":"product","2":"type-product","3":"status-publish","4":"has-post-thumbnail","6":"clubroom_taxonomies-galerie","7":"product_cat-lampes-de-table","8":"product_cat-luminaires","9":"product_tag-disponible-immediatement","10":"product_tag-st-collectible-fr","11":"product_tag-exclusive-fr","12":"product_designer-lars-nilsson-fr","13":"manufacturer-lars-nilsson-fr","14":"reporting_designer-lars-nilsson","15":"clubroom_product_designer-lars-nilsson-fr","16":"exhibitions-londres-fr","18":"first","19":"instock","20":"taxable","21":"shipping-taxable","22":"purchasable","23":"product-type-simple"},"acf":[],"_links":{"self":[{"href":"https:\/\/theinvisiblecollection.com\/fr\/wp-json\/wp\/v2\/product\/1195397","targetHints":{"allow":["GET"]}}],"collection":[{"href":"https:\/\/theinvisiblecollection.com\/fr\/wp-json\/wp\/v2\/product"}],"about":[{"href":"https:\/\/theinvisiblecollection.com\/fr\/wp-json\/wp\/v2\/types\/product"}],"wp:featuredmedia":[{"embeddable":true,"href":"https:\/\/theinvisiblecollection.com\/fr\/wp-json\/wp\/v2\/media\/5362954"}],"wp:attachment":[{"href":"https:\/\/theinvisiblecollection.com\/fr\/wp-json\/wp\/v2\/media?parent=1195397"}],"wp:term":[{"taxonomy":"product_brand","embeddable":true,"href":"https:\/\/theinvisiblecollection.com\/fr\/wp-json\/wp\/v2\/product_brand?post=1195397"},{"taxonomy":"product_cat","embeddable":true,"href":"https:\/\/theinvisiblecollection.com\/fr\/wp-json\/wp\/v2\/product_cat?post=1195397"},{"taxonomy":"product_tag","embeddable":true,"href":"https:\/\/theinvisiblecollection.com\/fr\/wp-json\/wp\/v2\/product_tag?post=1195397"},{"taxonomy":"product_designer","embeddable":true,"href":"https:\/\/theinvisiblecollection.com\/fr\/wp-json\/wp\/v2\/product_designer?post=1195397"},{"taxonomy":"comfabric","embeddable":true,"href":"https:\/\/theinvisiblecollection.com\/fr\/wp-json\/wp\/v2\/comfabric?post=1195397"},{"taxonomy":"manufacturer","embeddable":true,"href":"https:\/\/theinvisiblecollection.com\/fr\/wp-json\/wp\/v2\/manufacturer?post=1195397"},{"taxonomy":"reporting_designer","embeddable":true,"href":"https:\/\/theinvisiblecollection.com\/fr\/wp-json\/wp\/v2\/reporting_designer?post=1195397"},{"taxonomy":"samplecomfabric","embeddable":true,"href":"https:\/\/theinvisiblecollection.com\/fr\/wp-json\/wp\/v2\/samplecomfabric?post=1195397"},{"taxonomy":"clubroom_product_designer","embeddable":true,"href":"https:\/\/theinvisiblecollection.com\/fr\/wp-json\/wp\/v2\/designer_clubroom?post=1195397"}],"curies":[{"name":"wp","href":"https:\/\/api.w.org\/{rel}","templated":true}]}}