{"id":1195843,"date":"2022-11-22T14:43:34","date_gmt":"2022-11-22T13:43:34","guid":{"rendered":"https:\/\/theinvisiblecollection.com\/?post_type=product&#038;p=1195843"},"modified":"2026-05-01T07:38:29","modified_gmt":"2026-05-01T07:38:29","slug":"lars-nilsson-lampe-blanche-2","status":"publish","type":"product","link":"https:\/\/theinvisiblecollection.com\/fr\/produit\/lars-nilsson-lampe-blanche-2\/","title":{"rendered":"Lampe Blanche"},"content":{"rendered":"<p style=\"text-align: justify;\">Inspir\u00e9es des arbres topiaires de Hildasholm, les pi\u00e8ces de Lars Nilsson associent des textures et des mat\u00e9riaux \u00e9clectiques comme la c\u00e9ramique, le bronze, le bois de ch\u00eane et la laine feutr\u00e9e.<\/p>\n","protected":false},"excerpt":{"rendered":"<ul>\n<li>Lampe de table<\/li>\n<li>Composition : bronze \/ ch\u00eane \/ c\u00e9ramique \/ laine feutr\u00e9e<\/li>\n<li>Pi\u00e8ce unique<\/li>\n<li>Fournie sans abat-jour<\/li>\n<li>Hauteur d\u2019abat-jour conseill\u00e9e : 30 cm<\/li>\n<\/ul>\n","protected":false},"featured_media":5362952,"template":"","meta":{"_acf_changed":false,"content-type":"","_themeisle_gutenberg_block_has_review":false},"product_brand":[],"product_cat":[8974,12507],"product_tag":[22790,35206],"product_designer":[17811],"comfabric":[],"manufacturer":[17809],"reporting_designer":[37623],"samplecomfabric":[],"designer_clubroom":[20500],"class_list":{"0":"post-1195843","1":"product","2":"type-product","3":"status-publish","4":"has-post-thumbnail","6":"clubroom_taxonomies-galerie","7":"product_cat-lampes-de-table","8":"product_cat-luminaires","9":"product_tag-disponible-immediatement","10":"product_tag-exclusive-fr","11":"product_designer-lars-nilsson-fr","12":"manufacturer-lars-nilsson-fr","13":"reporting_designer-lars-nilsson","14":"clubroom_product_designer-lars-nilsson-fr","15":"exhibitions-londres-fr","17":"first","18":"instock","19":"taxable","20":"shipping-taxable","21":"purchasable","22":"product-type-simple"},"acf":[],"_links":{"self":[{"href":"https:\/\/theinvisiblecollection.com\/fr\/wp-json\/wp\/v2\/product\/1195843","targetHints":{"allow":["GET"]}}],"collection":[{"href":"https:\/\/theinvisiblecollection.com\/fr\/wp-json\/wp\/v2\/product"}],"about":[{"href":"https:\/\/theinvisiblecollection.com\/fr\/wp-json\/wp\/v2\/types\/product"}],"wp:featuredmedia":[{"embeddable":true,"href":"https:\/\/theinvisiblecollection.com\/fr\/wp-json\/wp\/v2\/media\/5362952"}],"wp:attachment":[{"href":"https:\/\/theinvisiblecollection.com\/fr\/wp-json\/wp\/v2\/media?parent=1195843"}],"wp:term":[{"taxonomy":"product_brand","embeddable":true,"href":"https:\/\/theinvisiblecollection.com\/fr\/wp-json\/wp\/v2\/product_brand?post=1195843"},{"taxonomy":"product_cat","embeddable":true,"href":"https:\/\/theinvisiblecollection.com\/fr\/wp-json\/wp\/v2\/product_cat?post=1195843"},{"taxonomy":"product_tag","embeddable":true,"href":"https:\/\/theinvisiblecollection.com\/fr\/wp-json\/wp\/v2\/product_tag?post=1195843"},{"taxonomy":"product_designer","embeddable":true,"href":"https:\/\/theinvisiblecollection.com\/fr\/wp-json\/wp\/v2\/product_designer?post=1195843"},{"taxonomy":"comfabric","embeddable":true,"href":"https:\/\/theinvisiblecollection.com\/fr\/wp-json\/wp\/v2\/comfabric?post=1195843"},{"taxonomy":"manufacturer","embeddable":true,"href":"https:\/\/theinvisiblecollection.com\/fr\/wp-json\/wp\/v2\/manufacturer?post=1195843"},{"taxonomy":"reporting_designer","embeddable":true,"href":"https:\/\/theinvisiblecollection.com\/fr\/wp-json\/wp\/v2\/reporting_designer?post=1195843"},{"taxonomy":"samplecomfabric","embeddable":true,"href":"https:\/\/theinvisiblecollection.com\/fr\/wp-json\/wp\/v2\/samplecomfabric?post=1195843"},{"taxonomy":"clubroom_product_designer","embeddable":true,"href":"https:\/\/theinvisiblecollection.com\/fr\/wp-json\/wp\/v2\/designer_clubroom?post=1195843"}],"curies":[{"name":"wp","href":"https:\/\/api.w.org\/{rel}","templated":true}]}}