{"id":1197138,"date":"2025-02-25T13:52:59","date_gmt":"2025-02-25T13:52:59","guid":{"rendered":"https:\/\/theinvisiblecollection.com\/?post_type=product&#038;p=1197138"},"modified":"2026-05-15T05:03:06","modified_gmt":"2026-05-15T05:03:06","slug":"flores-design-fauteuil-carlos","status":"publish","type":"product","link":"https:\/\/theinvisiblecollection.com\/fr\/produit\/flores-design-fauteuil-carlos\/","title":{"rendered":"Fauteuil Carlos"},"content":{"rendered":"<p style=\"text-align: justify;\"><span class=\"TextRun SCXW80784281 BCX0\" lang=\"FR-FR\" xml:lang=\"FR-FR\" data-contrast=\"auto\"><span class=\"NormalTextRun SCXW80784281 BCX0\">Le fauteuil Carlos de Flores Design est<\/span><span class=\"NormalTextRun SCXW80784281 BCX0\"> inspir\u00e9 d&#8217;un <\/span><span class=\"NormalTextRun SCXW80784281 BCX0\">ancien portugais <\/span><span class=\"NormalTextRun SCXW80784281 BCX0\">mod\u00e8le<\/span> <span class=\"NormalTextRun SCXW80784281 BCX0\">des ann\u00e9es <\/span><span class=\"NormalTextRun SCXW80784281 BCX0\">19<\/span><span class=\"NormalTextRun SCXW80784281 BCX0\">40.<\/span><span class=\"NormalTextRun SCXW80784281 BCX0\">\u00a0<\/span><span class=\"NormalTextRun SCXW80784281 BCX0\">Il a \u00e9t\u00e9 redessin\u00e9<\/span><span class=\"NormalTextRun SCXW80784281 BCX0\"> en gardant sa ligne, simple et essentielle et \u00e0 la fois courbe et chaleureuse.<\/span><\/span><span class=\"EOP SCXW80784281 BCX0\" data-ccp-props=\"{&quot;201341983&quot;:0,&quot;335559740&quot;:259}\">\u00a0<\/span><\/p>\n","protected":false},"excerpt":{"rendered":"<p>Structure en bois de ch\u00eane massif<br \/>\nVernis mat<br \/>\nQuatre panneaux en bois de ch\u00eane massif assembl\u00e9s sans colle<br \/>\nChaque pi\u00e8ce est unique et pr\u00e9sente des variations uniques dues au processus de fabrication \u00e0 la main<\/p>\n<p>L 52 x P 64.5 x H 72.5 cm<br \/>\nHauteur d&#8217;assise : 30 cm<\/p>\n<p>Fabriqu\u00e9 \u00e0 la main en Europe<br \/>\nD\u00e9lais de fabrication : 16 &#8211; 20 semaines<\/p>\n<p class=\"p1\"><span style=\"text-decoration: underline;\"><span class=\"s1\"><a href=\"https:\/\/www.theinvisiblecollection.com\/fr\/demande-de-devis\/?product_id=1197138\" target=\"_blank\" rel=\"noopener\">Contactez-nous pour toute demande de devis ou de renseignements<\/a><\/span><\/span><\/p>\n","protected":false},"featured_media":1197514,"template":"","meta":{"_acf_changed":false,"content-type":"","_themeisle_gutenberg_block_has_review":false},"product_brand":[],"product_cat":[8945,12499,13076],"product_tag":[31477,35206,35326],"product_designer":[17938],"comfabric":[],"manufacturer":[17936],"reporting_designer":[37836],"samplecomfabric":[],"designer_clubroom":[],"class_list":{"0":"post-1197138","1":"product","2":"type-product","3":"status-publish","4":"has-post-thumbnail","6":"product_cat-fauteuils","7":"product_cat-assises","8":"product_cat-bureau-a-la-maison","9":"product_tag-st-curvy-fr","10":"product_tag-exclusive-fr","11":"product_tag-st-scandinavian-fr","12":"product_designer-flores-design","13":"manufacturer-flores-design","14":"reporting_designer-flores","15":"exhibitions-paris-fr","17":"first","18":"instock","19":"featured","20":"taxable","21":"shipping-taxable","22":"purchasable","23":"product-type-simple"},"acf":[],"_links":{"self":[{"href":"https:\/\/theinvisiblecollection.com\/fr\/wp-json\/wp\/v2\/product\/1197138","targetHints":{"allow":["GET"]}}],"collection":[{"href":"https:\/\/theinvisiblecollection.com\/fr\/wp-json\/wp\/v2\/product"}],"about":[{"href":"https:\/\/theinvisiblecollection.com\/fr\/wp-json\/wp\/v2\/types\/product"}],"wp:featuredmedia":[{"embeddable":true,"href":"https:\/\/theinvisiblecollection.com\/fr\/wp-json\/wp\/v2\/media\/1197514"}],"wp:attachment":[{"href":"https:\/\/theinvisiblecollection.com\/fr\/wp-json\/wp\/v2\/media?parent=1197138"}],"wp:term":[{"taxonomy":"product_brand","embeddable":true,"href":"https:\/\/theinvisiblecollection.com\/fr\/wp-json\/wp\/v2\/product_brand?post=1197138"},{"taxonomy":"product_cat","embeddable":true,"href":"https:\/\/theinvisiblecollection.com\/fr\/wp-json\/wp\/v2\/product_cat?post=1197138"},{"taxonomy":"product_tag","embeddable":true,"href":"https:\/\/theinvisiblecollection.com\/fr\/wp-json\/wp\/v2\/product_tag?post=1197138"},{"taxonomy":"product_designer","embeddable":true,"href":"https:\/\/theinvisiblecollection.com\/fr\/wp-json\/wp\/v2\/product_designer?post=1197138"},{"taxonomy":"comfabric","embeddable":true,"href":"https:\/\/theinvisiblecollection.com\/fr\/wp-json\/wp\/v2\/comfabric?post=1197138"},{"taxonomy":"manufacturer","embeddable":true,"href":"https:\/\/theinvisiblecollection.com\/fr\/wp-json\/wp\/v2\/manufacturer?post=1197138"},{"taxonomy":"reporting_designer","embeddable":true,"href":"https:\/\/theinvisiblecollection.com\/fr\/wp-json\/wp\/v2\/reporting_designer?post=1197138"},{"taxonomy":"samplecomfabric","embeddable":true,"href":"https:\/\/theinvisiblecollection.com\/fr\/wp-json\/wp\/v2\/samplecomfabric?post=1197138"},{"taxonomy":"clubroom_product_designer","embeddable":true,"href":"https:\/\/theinvisiblecollection.com\/fr\/wp-json\/wp\/v2\/designer_clubroom?post=1197138"}],"curies":[{"name":"wp","href":"https:\/\/api.w.org\/{rel}","templated":true}]}}