{"id":119750,"date":"2022-02-16T15:42:45","date_gmt":"2022-02-16T14:42:45","guid":{"rendered":"https:\/\/theinvisiblecollection.com\/?post_type=product&#038;p=119750"},"modified":"2026-05-01T07:39:02","modified_gmt":"2026-05-01T07:39:02","slug":"pietro-franceschini-table-basse-slice-me-up-platre","status":"publish","type":"product","link":"https:\/\/theinvisiblecollection.com\/fr\/produit\/pietro-franceschini-table-basse-slice-me-up-platre\/","title":{"rendered":"Table Basse Slice Me Up &#8211; Pl\u00e2tre"},"content":{"rendered":"<p style=\"text-align: justify;\"><span class=\"TextRun SCXW265713023 BCX4\" lang=\"EN-GB\" xml:lang=\"EN-GB\" data-contrast=\"auto\"><span class=\"NormalTextRun SCXW265713023 BCX4\">Slice Me Up se <\/span><span class=\"NormalTextRun SpellingErrorV2 SCXW265713023 BCX4\">distingue<\/span><span class=\"NormalTextRun SCXW265713023 BCX4\"> par <\/span><span class=\"NormalTextRun SpellingErrorV2 SCXW265713023 BCX4\">sa<\/span> <span class=\"NormalTextRun SpellingErrorV2 SCXW265713023 BCX4\">forme<\/span><span class=\"NormalTextRun SCXW265713023 BCX4\"> unique et <\/span><span class=\"NormalTextRun SpellingErrorV2 SCXW265713023 BCX4\">s\u00e9duisante<\/span><span class=\"NormalTextRun SCXW265713023 BCX4\">, <\/span><span class=\"NormalTextRun SpellingErrorV2 SCXW265713023 BCX4\">d\u00e9finie<\/span><span class=\"NormalTextRun SCXW265713023 BCX4\"> par les <\/span><span class=\"NormalTextRun SpellingErrorV2 SCXW265713023 BCX4\">courbes<\/span><span class=\"NormalTextRun SCXW265713023 BCX4\"> d\u2019un plateau <\/span><span class=\"NormalTextRun SpellingErrorV2 SCXW265713023 BCX4\">multicouche<\/span><span class=\"NormalTextRun SCXW265713023 BCX4\">. Les ar\u00eates vives et <\/span><span class=\"NormalTextRun SpellingErrorV2 SCXW265713023 BCX4\">douces<\/span><span class=\"NormalTextRun SCXW265713023 BCX4\"> se <\/span><span class=\"NormalTextRun SpellingErrorV2 SCXW265713023 BCX4\">fondent<\/span><span class=\"NormalTextRun SCXW265713023 BCX4\"> dans les multiples surfaces.<\/span><\/span><span class=\"EOP SCXW265713023 BCX4\" data-ccp-props=\"{&quot;201341983&quot;:0,&quot;335559740&quot;:259}\">\u00a0<\/span><\/p>\n","protected":false},"excerpt":{"rendered":"<p>Table basse en pl\u00e2tre artisanal<br \/>\n<span style=\"text-decoration: underline;\"><a href=\"https:\/\/theinvisiblecollection.com\/wp-content\/uploads\/2022\/02\/Pietro-Franceschini-Selection.pdf\" target=\"_blank\" rel=\"noopener\">D\u00e9couvrez la s\u00e9lection de pl\u00e2tre ici<\/a><\/span><br \/>\nDisponible dans la couleur de votre choix (r\u00e9f\u00e9rence RAL)<br \/>\n<span style=\"text-decoration: underline;\"><a href=\"https:\/\/theinvisiblecollection.com\/produit\/pietro-franceschini-slice-me-up-coffee-table-plaster\/\" target=\"_blank\" rel=\"noopener\">\u00c9galement disponible en version bois<\/a><\/span><\/p>\n<p>L117 x l 161 x H 36 cm<\/p>\n<p>Fabriqu\u00e9e \u00e0 la main en Italie<br \/>\nD\u00e9lais de fabrication : 10 semaines<\/p>\n<p><span style=\"text-decoration: underline;\"><a href=\"https:\/\/www.theinvisiblecollection.com\/demande-de-devis\/?product_id=119750\" target=\"_blank\" rel=\"noopener\">Contactez-nous pour toute demande de devis ou de renseignements<\/a><\/span><\/p>\n","protected":false},"featured_media":120598,"template":"","meta":{"_acf_changed":false,"content-type":"","_themeisle_gutenberg_block_has_review":false},"product_brand":[],"product_cat":[7509,12503],"product_tag":[31477],"product_designer":[15447],"comfabric":[],"manufacturer":[20692],"reporting_designer":[37832],"samplecomfabric":[],"designer_clubroom":[],"class_list":{"0":"post-119750","1":"product","2":"type-product","3":"status-publish","4":"has-post-thumbnail","6":"product_cat-tables-basses-dappoint","7":"product_cat-tables-fr","8":"product_tag-st-curvy-fr","9":"product_designer-pietro-franceschini-fr","10":"manufacturer-pietro-franceschini-we-do-fr","11":"reporting_designer-pietro-franceschini","13":"first","14":"instock","15":"taxable","16":"shipping-taxable","17":"purchasable","18":"product-type-variable"},"acf":[],"_links":{"self":[{"href":"https:\/\/theinvisiblecollection.com\/fr\/wp-json\/wp\/v2\/product\/119750","targetHints":{"allow":["GET"]}}],"collection":[{"href":"https:\/\/theinvisiblecollection.com\/fr\/wp-json\/wp\/v2\/product"}],"about":[{"href":"https:\/\/theinvisiblecollection.com\/fr\/wp-json\/wp\/v2\/types\/product"}],"wp:featuredmedia":[{"embeddable":true,"href":"https:\/\/theinvisiblecollection.com\/fr\/wp-json\/wp\/v2\/media\/120598"}],"wp:attachment":[{"href":"https:\/\/theinvisiblecollection.com\/fr\/wp-json\/wp\/v2\/media?parent=119750"}],"wp:term":[{"taxonomy":"product_brand","embeddable":true,"href":"https:\/\/theinvisiblecollection.com\/fr\/wp-json\/wp\/v2\/product_brand?post=119750"},{"taxonomy":"product_cat","embeddable":true,"href":"https:\/\/theinvisiblecollection.com\/fr\/wp-json\/wp\/v2\/product_cat?post=119750"},{"taxonomy":"product_tag","embeddable":true,"href":"https:\/\/theinvisiblecollection.com\/fr\/wp-json\/wp\/v2\/product_tag?post=119750"},{"taxonomy":"product_designer","embeddable":true,"href":"https:\/\/theinvisiblecollection.com\/fr\/wp-json\/wp\/v2\/product_designer?post=119750"},{"taxonomy":"comfabric","embeddable":true,"href":"https:\/\/theinvisiblecollection.com\/fr\/wp-json\/wp\/v2\/comfabric?post=119750"},{"taxonomy":"manufacturer","embeddable":true,"href":"https:\/\/theinvisiblecollection.com\/fr\/wp-json\/wp\/v2\/manufacturer?post=119750"},{"taxonomy":"reporting_designer","embeddable":true,"href":"https:\/\/theinvisiblecollection.com\/fr\/wp-json\/wp\/v2\/reporting_designer?post=119750"},{"taxonomy":"samplecomfabric","embeddable":true,"href":"https:\/\/theinvisiblecollection.com\/fr\/wp-json\/wp\/v2\/samplecomfabric?post=119750"},{"taxonomy":"clubroom_product_designer","embeddable":true,"href":"https:\/\/theinvisiblecollection.com\/fr\/wp-json\/wp\/v2\/designer_clubroom?post=119750"}],"curies":[{"name":"wp","href":"https:\/\/api.w.org\/{rel}","templated":true}]}}