{"id":119752,"date":"2022-02-17T14:23:59","date_gmt":"2022-02-17T13:23:59","guid":{"rendered":"https:\/\/theinvisiblecollection.com\/?post_type=product&#038;p=119752"},"modified":"2026-05-01T07:39:02","modified_gmt":"2026-05-01T07:39:02","slug":"michel-daniel-bismut-table-basse-black-drum","status":"publish","type":"product","link":"https:\/\/theinvisiblecollection.com\/fr\/produit\/michel-daniel-bismut-table-basse-black-drum\/","title":{"rendered":"Table Basse Black Drum"},"content":{"rendered":"<p style=\"text-align: justify;\">Drum est un hommage aux percussions, probablement les premiers instruments de musique de l\u2019histoire de l\u2019humanit\u00e9. Une membrane en m\u00e9tal \u00e0 la forme douce et arrondie, enveloppe un plateau de bois us\u00e9 \u00e0 la main, tactile et sensuel, comme si des millions de mains l\u2019avaient frapp\u00e9, percut\u00e9, effleur\u00e9 pour jouer toutes les musiques du monde.<\/p>\n","protected":false},"excerpt":{"rendered":"<p>Table basse avec structure en m\u00e9tal patin\u00e9 noir et plateau en bois us\u00e9 teint\u00e9 noir<br \/>\n\u00c9galement disponible en <a href=\"https:\/\/theinvisiblecollection.com\/fr\/produit\/michel-daniel-bismut-table-basse-drum-rainbow\/\" target=\"_blank\" rel=\"noopener\"><span style=\"text-decoration: underline;\">inox poli<\/span><\/a> ou <a href=\"https:\/\/theinvisiblecollection.com\/fr\/produit\/michel-daniel-bismut-table-basse-drum-cuivre\/\" target=\"_blank\" rel=\"noopener\"><span style=\"text-decoration: underline;\">cuivre<\/span><\/a><br \/>\nDimensions sur-mesure sur demande<\/p>\n<p>\u00d8 49 x H 45 cm<\/p>\n<p>Fabriqu\u00e9e \u00e0 la main en France<br \/>\nD\u00e9lais de production : 9 &#8211; 14 semaines<\/p>\n<p><span style=\"text-decoration: underline;\"><a href=\"https:\/\/www.theinvisiblecollection.com\/fr\/contact-produit\/?product_id=119752\" target=\"_blank\" rel=\"noopener\">Contactez-nous pour toute demande de devis ou de renseignements<\/a><\/span><\/p>\n","protected":false},"featured_media":119754,"template":"","meta":{"_acf_changed":false,"content-type":"","_themeisle_gutenberg_block_has_review":false},"product_brand":[],"product_cat":[7509,12332,12503,12514],"product_tag":[9006,10922,31477],"product_designer":[8904],"comfabric":[],"manufacturer":[19999],"reporting_designer":[37761],"samplecomfabric":[],"designer_clubroom":[],"class_list":{"0":"post-119752","1":"product","2":"type-product","3":"status-publish","4":"has-post-thumbnail","6":"product_cat-tables-basses-dappoint","7":"product_cat-tables-dappoint","8":"product_cat-tables-fr","9":"product_cat-tables-de-chevet","10":"product_tag-st-moritz-fr-3","11":"product_tag-bismut-fr-2","12":"product_tag-st-curvy-fr","13":"product_designer-bismut-bismut-fr","14":"manufacturer-kubic-massimo-fr","15":"reporting_designer-bismut-bismut","17":"first","18":"instock","19":"taxable","20":"shipping-taxable","21":"purchasable","22":"product-type-simple"},"acf":[],"_links":{"self":[{"href":"https:\/\/theinvisiblecollection.com\/fr\/wp-json\/wp\/v2\/product\/119752","targetHints":{"allow":["GET"]}}],"collection":[{"href":"https:\/\/theinvisiblecollection.com\/fr\/wp-json\/wp\/v2\/product"}],"about":[{"href":"https:\/\/theinvisiblecollection.com\/fr\/wp-json\/wp\/v2\/types\/product"}],"wp:featuredmedia":[{"embeddable":true,"href":"https:\/\/theinvisiblecollection.com\/fr\/wp-json\/wp\/v2\/media\/119754"}],"wp:attachment":[{"href":"https:\/\/theinvisiblecollection.com\/fr\/wp-json\/wp\/v2\/media?parent=119752"}],"wp:term":[{"taxonomy":"product_brand","embeddable":true,"href":"https:\/\/theinvisiblecollection.com\/fr\/wp-json\/wp\/v2\/product_brand?post=119752"},{"taxonomy":"product_cat","embeddable":true,"href":"https:\/\/theinvisiblecollection.com\/fr\/wp-json\/wp\/v2\/product_cat?post=119752"},{"taxonomy":"product_tag","embeddable":true,"href":"https:\/\/theinvisiblecollection.com\/fr\/wp-json\/wp\/v2\/product_tag?post=119752"},{"taxonomy":"product_designer","embeddable":true,"href":"https:\/\/theinvisiblecollection.com\/fr\/wp-json\/wp\/v2\/product_designer?post=119752"},{"taxonomy":"comfabric","embeddable":true,"href":"https:\/\/theinvisiblecollection.com\/fr\/wp-json\/wp\/v2\/comfabric?post=119752"},{"taxonomy":"manufacturer","embeddable":true,"href":"https:\/\/theinvisiblecollection.com\/fr\/wp-json\/wp\/v2\/manufacturer?post=119752"},{"taxonomy":"reporting_designer","embeddable":true,"href":"https:\/\/theinvisiblecollection.com\/fr\/wp-json\/wp\/v2\/reporting_designer?post=119752"},{"taxonomy":"samplecomfabric","embeddable":true,"href":"https:\/\/theinvisiblecollection.com\/fr\/wp-json\/wp\/v2\/samplecomfabric?post=119752"},{"taxonomy":"clubroom_product_designer","embeddable":true,"href":"https:\/\/theinvisiblecollection.com\/fr\/wp-json\/wp\/v2\/designer_clubroom?post=119752"}],"curies":[{"name":"wp","href":"https:\/\/api.w.org\/{rel}","templated":true}]}}