{"id":1197987,"date":"2025-02-25T13:52:59","date_gmt":"2025-02-25T13:52:59","guid":{"rendered":"https:\/\/theinvisiblecollection.com\/?post_type=product&#038;p=1197987"},"modified":"2026-05-01T07:38:29","modified_gmt":"2026-05-01T07:38:29","slug":"flores-design-table-dappoint-melides","status":"publish","type":"product","link":"https:\/\/theinvisiblecollection.com\/fr\/produit\/flores-design-table-dappoint-melides\/","title":{"rendered":"Table D&#8217;Appoint Melides"},"content":{"rendered":"<p style=\"text-align: justify;\"><span class=\"TextRun SCXW63492022 BCX0\" lang=\"FR-FR\" xml:lang=\"FR-FR\" data-contrast=\"auto\"><span class=\"NormalTextRun SCXW63492022 BCX0\">La table d\u2019appoint <\/span><span class=\"NormalTextRun SpellingErrorV2Themed SCXW63492022 BCX0\">Melides<\/span> <span class=\"NormalTextRun SCXW63492022 BCX0\">de Flores Design<\/span><span class=\"NormalTextRun SCXW63492022 BCX0\"> est un hommage fantastique aux formes trouv\u00e9es sur les falaises et les gorges de la r\u00e9gion de <\/span><span class=\"NormalTextRun SpellingErrorV2Themed SCXW63492022 BCX0\">Melides<\/span><span class=\"NormalTextRun SCXW63492022 BCX0\">. Ce magnifique design est r\u00e9alis\u00e9 par d&#8217;habiles ma\u00eetres c\u00e9ramistes.<\/span><\/span><span class=\"EOP SCXW63492022 BCX0\" data-ccp-props=\"{&quot;201341983&quot;:0,&quot;335559740&quot;:259}\">\u00a0<\/span><\/p>\n","protected":false},"excerpt":{"rendered":"<p>Table d&#8217;appoint en c\u00e9ramique vert Melides<br \/>\nFinition \u00e9maill\u00e9e vert fonc\u00e9<br \/>\n\u00c9galement disponible en bleu et ocre<br \/>\nCouleurs personnalis\u00e9es sur demande<br \/>\nChaque pi\u00e8ce est unique et pr\u00e9sente des variations uniques dues au processus de fabrication \u00e0 la main<\/p>\n<p>Hauteur : 53.5 cm<br \/>\nPlateau : 46 x 35 cm<br \/>\nBase : 35 x 25 cm<\/p>\n<p>Fabriqu\u00e9 \u00e0 la main en Europe<br \/>\nD\u00e9lais de fabrication : 20 semaines<\/p>\n<p class=\"p1\"><span style=\"text-decoration: underline;\"><span class=\"s1\"><a href=\"https:\/\/www.theinvisiblecollection.com\/fr\/demande-de-devis\/?product_id=1197987\" target=\"_blank\" rel=\"noopener\">Contactez-nous pour toute demande de devis ou de renseignements<\/a><\/span><\/span><\/p>\n","protected":false},"featured_media":1198070,"template":"","meta":{"_acf_changed":false,"content-type":"","_themeisle_gutenberg_block_has_review":false},"product_brand":[],"product_cat":[12332,12503,12514],"product_tag":[31475,31477,35206],"product_designer":[17938],"comfabric":[],"manufacturer":[17936],"reporting_designer":[37836],"samplecomfabric":[],"designer_clubroom":[],"class_list":{"0":"post-1197987","1":"product","2":"type-product","3":"status-publish","4":"has-post-thumbnail","6":"product_cat-tables-dappoint","7":"product_cat-tables-fr","8":"product_cat-tables-de-chevet","9":"product_tag-st-ceramic-fr","10":"product_tag-st-curvy-fr","11":"product_tag-exclusive-fr","12":"product_designer-flores-design","13":"manufacturer-flores-design","14":"reporting_designer-flores","15":"exhibitions-paris-fr","16":"exhibitions-los-angeles-fr","18":"first","19":"instock","20":"featured","21":"taxable","22":"shipping-taxable","23":"product-type-variable"},"acf":[],"_links":{"self":[{"href":"https:\/\/theinvisiblecollection.com\/fr\/wp-json\/wp\/v2\/product\/1197987","targetHints":{"allow":["GET"]}}],"collection":[{"href":"https:\/\/theinvisiblecollection.com\/fr\/wp-json\/wp\/v2\/product"}],"about":[{"href":"https:\/\/theinvisiblecollection.com\/fr\/wp-json\/wp\/v2\/types\/product"}],"wp:featuredmedia":[{"embeddable":true,"href":"https:\/\/theinvisiblecollection.com\/fr\/wp-json\/wp\/v2\/media\/1198070"}],"wp:attachment":[{"href":"https:\/\/theinvisiblecollection.com\/fr\/wp-json\/wp\/v2\/media?parent=1197987"}],"wp:term":[{"taxonomy":"product_brand","embeddable":true,"href":"https:\/\/theinvisiblecollection.com\/fr\/wp-json\/wp\/v2\/product_brand?post=1197987"},{"taxonomy":"product_cat","embeddable":true,"href":"https:\/\/theinvisiblecollection.com\/fr\/wp-json\/wp\/v2\/product_cat?post=1197987"},{"taxonomy":"product_tag","embeddable":true,"href":"https:\/\/theinvisiblecollection.com\/fr\/wp-json\/wp\/v2\/product_tag?post=1197987"},{"taxonomy":"product_designer","embeddable":true,"href":"https:\/\/theinvisiblecollection.com\/fr\/wp-json\/wp\/v2\/product_designer?post=1197987"},{"taxonomy":"comfabric","embeddable":true,"href":"https:\/\/theinvisiblecollection.com\/fr\/wp-json\/wp\/v2\/comfabric?post=1197987"},{"taxonomy":"manufacturer","embeddable":true,"href":"https:\/\/theinvisiblecollection.com\/fr\/wp-json\/wp\/v2\/manufacturer?post=1197987"},{"taxonomy":"reporting_designer","embeddable":true,"href":"https:\/\/theinvisiblecollection.com\/fr\/wp-json\/wp\/v2\/reporting_designer?post=1197987"},{"taxonomy":"samplecomfabric","embeddable":true,"href":"https:\/\/theinvisiblecollection.com\/fr\/wp-json\/wp\/v2\/samplecomfabric?post=1197987"},{"taxonomy":"clubroom_product_designer","embeddable":true,"href":"https:\/\/theinvisiblecollection.com\/fr\/wp-json\/wp\/v2\/designer_clubroom?post=1197987"}],"curies":[{"name":"wp","href":"https:\/\/api.w.org\/{rel}","templated":true}]}}